{"id":20380,"date":"2025-05-23T16:51:02","date_gmt":"2025-05-23T20:51:02","guid":{"rendered":"https:\/\/laesfera.com.mx\/page\/?post_type=product&#038;p=20380"},"modified":"2025-07-17T20:26:18","modified_gmt":"2025-07-18T00:26:18","slug":"lapiz-grafito-hb-maped","status":"publish","type":"product","link":"https:\/\/laesfera.com.mx\/page\/tienda\/lapiz-grafito-hb-maped\/","title":{"rendered":"L\u00e1piz grafito HB Maped"},"content":{"rendered":"<h4>L\u00e1piz grafito HB Maped<\/h4>\n<p>Desarrollado para satisfacer todas las necesidades de escritura y dibujo.<br \/>\nEste l\u00e1piz no es ni pastel ni acuarela, sino un l\u00e1piz de grafito, por lo que es ideal para dibujos t\u00e9cnicos y escritura en general.<br \/>\nLa graduaci\u00f3n HB 2 indica que se trata de un l\u00e1piz de dureza media, que proporciona una l\u00ednea que no es ni demasiado oscura ni demasiado brillante, perfecta para el uso diario.<\/p>\n<p>&nbsp;<\/p>\n<p><strong>Marca: <\/strong>Maped<strong><br \/>\nModelo: <\/strong>Black Peps HB<strong><br \/>\n<\/strong><strong>Cve:<\/strong> 3154148517214<strong><br \/>\n<\/strong><\/p>\n","protected":false},"excerpt":{"rendered":"<p>L\u00e1piz de grafito<\/p>\n","protected":false},"featured_media":20381,"comment_status":"open","ping_status":"closed","template":"","meta":{"_joinchat":[]},"product_brand":[7780],"product_cat":[6031,6177,5161],"product_tag":[7892],"class_list":{"0":"post-20380","1":"product","2":"type-product","3":"status-publish","4":"has-post-thumbnail","6":"product_brand-maped","7":"product_cat-escritura-papeleria","8":"product_cat-lapiz-de-grafito-y-lapiz-duo","9":"product_cat-papeleria","10":"product_tag-lapiz-grafito","12":"first","13":"instock","14":"shipping-taxable","15":"purchasable","16":"product-type-simple"},"post_mailing_queue_ids":[],"_links":{"self":[{"href":"https:\/\/laesfera.com.mx\/page\/wp-json\/wp\/v2\/product\/20380","targetHints":{"allow":["GET"]}}],"collection":[{"href":"https:\/\/laesfera.com.mx\/page\/wp-json\/wp\/v2\/product"}],"about":[{"href":"https:\/\/laesfera.com.mx\/page\/wp-json\/wp\/v2\/types\/product"}],"replies":[{"embeddable":true,"href":"https:\/\/laesfera.com.mx\/page\/wp-json\/wp\/v2\/comments?post=20380"}],"wp:featuredmedia":[{"embeddable":true,"href":"https:\/\/laesfera.com.mx\/page\/wp-json\/wp\/v2\/media\/20381"}],"wp:attachment":[{"href":"https:\/\/laesfera.com.mx\/page\/wp-json\/wp\/v2\/media?parent=20380"}],"wp:term":[{"taxonomy":"product_brand","embeddable":true,"href":"https:\/\/laesfera.com.mx\/page\/wp-json\/wp\/v2\/product_brand?post=20380"},{"taxonomy":"product_cat","embeddable":true,"href":"https:\/\/laesfera.com.mx\/page\/wp-json\/wp\/v2\/product_cat?post=20380"},{"taxonomy":"product_tag","embeddable":true,"href":"https:\/\/laesfera.com.mx\/page\/wp-json\/wp\/v2\/product_tag?post=20380"}],"curies":[{"name":"wp","href":"https:\/\/api.w.org\/{rel}","templated":true}]}}