{"id":20323,"date":"2025-05-21T13:04:19","date_gmt":"2025-05-21T17:04:19","guid":{"rendered":"https:\/\/laesfera.com.mx\/page\/?post_type=product&#038;p=20323"},"modified":"2026-01-07T15:07:52","modified_gmt":"2026-01-07T19:07:52","slug":"corrector-de-cinta-mod948","status":"publish","type":"product","link":"https:\/\/laesfera.com.mx\/page\/tienda\/corrector-de-cinta-mod948\/","title":{"rendered":"Corrector de cinta Sabonis 5mm x 8mts"},"content":{"rendered":"<h4>Corrector de cinta Sabonis 5mm x 8 mts Mod: 948<\/h4>\n<p>Cinta correctora<br \/>\nNo afecta el medio ambiente<br \/>\nDise\u00f1o ergon\u00f3mico, f\u00e1cil y c\u00f3modo de usar.<\/p>\n<p>Marca: Sabonis<br \/>\nModelo: 948<\/p>\n","protected":false},"excerpt":{"rendered":"<p>5mm x 8 mts.<\/p>\n","protected":false},"featured_media":20328,"comment_status":"open","ping_status":"closed","template":"","meta":{"_joinchat":[]},"product_brand":[7847],"product_cat":[5544,5554,5409,7733,5161],"product_tag":[5189],"class_list":{"0":"post-20323","1":"product","2":"type-product","3":"status-publish","4":"has-post-thumbnail","6":"product_brand-sabonis","7":"product_cat-cintas","8":"product_cat-complementos-de-oficina","9":"product_cat-herramientas-de-oficina","10":"product_cat-lonuevo","11":"product_cat-papeleria","12":"product_tag-corrector","14":"first","15":"instock","16":"shipping-taxable","17":"purchasable","18":"product-type-simple"},"post_mailing_queue_ids":[],"_links":{"self":[{"href":"https:\/\/laesfera.com.mx\/page\/wp-json\/wp\/v2\/product\/20323","targetHints":{"allow":["GET"]}}],"collection":[{"href":"https:\/\/laesfera.com.mx\/page\/wp-json\/wp\/v2\/product"}],"about":[{"href":"https:\/\/laesfera.com.mx\/page\/wp-json\/wp\/v2\/types\/product"}],"replies":[{"embeddable":true,"href":"https:\/\/laesfera.com.mx\/page\/wp-json\/wp\/v2\/comments?post=20323"}],"wp:featuredmedia":[{"embeddable":true,"href":"https:\/\/laesfera.com.mx\/page\/wp-json\/wp\/v2\/media\/20328"}],"wp:attachment":[{"href":"https:\/\/laesfera.com.mx\/page\/wp-json\/wp\/v2\/media?parent=20323"}],"wp:term":[{"taxonomy":"product_brand","embeddable":true,"href":"https:\/\/laesfera.com.mx\/page\/wp-json\/wp\/v2\/product_brand?post=20323"},{"taxonomy":"product_cat","embeddable":true,"href":"https:\/\/laesfera.com.mx\/page\/wp-json\/wp\/v2\/product_cat?post=20323"},{"taxonomy":"product_tag","embeddable":true,"href":"https:\/\/laesfera.com.mx\/page\/wp-json\/wp\/v2\/product_tag?post=20323"}],"curies":[{"name":"wp","href":"https:\/\/api.w.org\/{rel}","templated":true}]}}