{"id":20054,"date":"2025-03-25T16:33:54","date_gmt":"2025-03-25T20:33:54","guid":{"rendered":"https:\/\/laesfera.com.mx\/page\/?post_type=product&#038;p=20054"},"modified":"2025-07-18T21:18:00","modified_gmt":"2025-07-19T01:18:00","slug":"guillotina-metalica-t-carta-829-3-aliamex","status":"publish","type":"product","link":"https:\/\/laesfera.com.mx\/page\/tienda\/guillotina-metalica-t-carta-829-3-aliamex\/","title":{"rendered":"Guillotina Metalica T\/carta 12&#215;15 Pulgadas Mod 829-3 Aliamex"},"content":{"rendered":"<h4>Guillotina Metalica T\/carta 12&#215;15 Pulgadas Mod 829-3 Aliamex<\/h4>\n<p>&nbsp;<\/p>\n<p>CUERPO METALICO, CON MANGO DE PASTICO<br \/>\nAJUSTADOR DE PAPEL PARA REALIZAR CORTES MAS EXACTOS<br \/>\nDISE\u00d1O \u00daNICO DE CUADRICULA DE ALINEACI\u00d3N<\/p>\n<p>SUPERFICIE IMPRESA CON LOS TAMA\u00d1OS DE PAPEL<br \/>\nB6 (128x182mm)<br \/>\nB7 (91x128mm)<br \/>\nA5 (148x210mm)<br \/>\nB5 (182x257mm)<br \/>\nA4 (210x297mm)<br \/>\nB4 (257X364mm)<br \/>\nLARGO MAXIMO DE CORTE 38cm<\/p>\n<p>&nbsp;<\/p>\n<p>&nbsp;<\/p>\n<p>&nbsp;<\/p>\n<p><strong>Marca:<\/strong> Aliamex<br \/>\n<strong>Modelo:<\/strong> 829-3<br \/>\n<strong>Cve:<\/strong> 7502224109321<\/p>\n<p>&nbsp;<\/p>\n<p>&nbsp;<\/p>\n<p>&nbsp;<\/p>\n","protected":false},"excerpt":{"rendered":"<p>12&#215;15 Pulgadas<\/p>\n","protected":false},"featured_media":20056,"comment_status":"open","ping_status":"closed","template":"","meta":{"_joinchat":[]},"product_brand":[7746],"product_cat":[1556,5409,9],"product_tag":[1557],"class_list":{"0":"post-20054","1":"product","2":"type-product","3":"status-publish","4":"has-post-thumbnail","6":"product_brand-aliamex","7":"product_cat-guillotina","8":"product_cat-herramientas-de-oficina","9":"product_cat-oficina","10":"product_tag-guillotina","12":"first","13":"instock","14":"shipping-taxable","15":"purchasable","16":"product-type-simple"},"post_mailing_queue_ids":[],"_links":{"self":[{"href":"https:\/\/laesfera.com.mx\/page\/wp-json\/wp\/v2\/product\/20054","targetHints":{"allow":["GET"]}}],"collection":[{"href":"https:\/\/laesfera.com.mx\/page\/wp-json\/wp\/v2\/product"}],"about":[{"href":"https:\/\/laesfera.com.mx\/page\/wp-json\/wp\/v2\/types\/product"}],"replies":[{"embeddable":true,"href":"https:\/\/laesfera.com.mx\/page\/wp-json\/wp\/v2\/comments?post=20054"}],"wp:featuredmedia":[{"embeddable":true,"href":"https:\/\/laesfera.com.mx\/page\/wp-json\/wp\/v2\/media\/20056"}],"wp:attachment":[{"href":"https:\/\/laesfera.com.mx\/page\/wp-json\/wp\/v2\/media?parent=20054"}],"wp:term":[{"taxonomy":"product_brand","embeddable":true,"href":"https:\/\/laesfera.com.mx\/page\/wp-json\/wp\/v2\/product_brand?post=20054"},{"taxonomy":"product_cat","embeddable":true,"href":"https:\/\/laesfera.com.mx\/page\/wp-json\/wp\/v2\/product_cat?post=20054"},{"taxonomy":"product_tag","embeddable":true,"href":"https:\/\/laesfera.com.mx\/page\/wp-json\/wp\/v2\/product_tag?post=20054"}],"curies":[{"name":"wp","href":"https:\/\/api.w.org\/{rel}","templated":true}]}}