{"id":19491,"date":"2025-02-04T16:10:53","date_gmt":"2025-02-04T20:10:53","guid":{"rendered":"https:\/\/laesfera.com.mx\/page\/?post_type=product&#038;p=19491"},"modified":"2025-07-19T15:10:53","modified_gmt":"2025-07-19T19:10:53","slug":"mtf-brother-dcp-t530dw","status":"publish","type":"product","link":"https:\/\/laesfera.com.mx\/page\/tienda\/mtf-brother-dcp-t530dw\/","title":{"rendered":"Multifuncinal  Brother  dcp-t530dw"},"content":{"rendered":"<p><strong>Multifuncional Brother<\/strong><\/p>\n<ul>\n<li><strong>Marca: <\/strong>brother<\/li>\n<li><strong>Modelo:<\/strong> dcp-t530dw<\/li>\n<li>impresora 3 en 1 de inyecci\u00f3n de tinta a color.<\/li>\n<li><strong>Conectividad:<\/strong> inal\u00e1mbrica e impresi\u00f3n d\u00faplex hace que trabajar desde el hogar sea m\u00e1s eficiente.<\/li>\n<li><strong>velocidades de impresi\u00f3n:<\/strong> de hasta 27 p\u00e1ginas por minuto en negro y 11 p\u00e1ginas por minuto en color cuando imprimes en modo Eco.<\/li>\n<li><strong>velocidad:<\/strong> 16 ipm en negro y 9 ipm en color.<\/li>\n<li>pantalla LCD te permite usar las funciones de la impresora f\u00e1cilmente.<\/li>\n<li>bandeja de papel de 150 hojas y la ranura de alimentaci\u00f3n manual de una hoja que te permite manejar una variedad de tama\u00f1os de papel, incluidos sobres y fotograf\u00edas.<\/li>\n<li><strong>opciones de conectividad:<\/strong> conexi\u00f3n inal\u00e1mbrica de dos bandas (2,4 GHz\/5 GHz) y USB 2.0, para una f\u00e1cil interconexi\u00f3n entre los dispositivos y la impresora.<\/li>\n<li><strong>Aplicaci\u00f3n mobil:\u00a0<\/strong> imprime y escanea desde tu dispositivo m\u00f3vil con la aplicaci\u00f3n Brother Mobile Connect.<\/li>\n<\/ul>\n","protected":false},"excerpt":{"rendered":"<p>Copia, escanea e imprime<\/p>\n","protected":false},"featured_media":20091,"comment_status":"open","ping_status":"closed","template":"","meta":{"_joinchat":[]},"product_brand":[7769],"product_cat":[7612,14,5426,7733],"product_tag":[7642,1608],"class_list":{"0":"post-19491","1":"product","2":"type-product","3":"status-publish","4":"has-post-thumbnail","6":"product_brand-brother","7":"product_cat-computoytecnologia","8":"product_cat-impresoras","9":"product_cat-inyeccion","10":"product_cat-lonuevo","11":"product_tag-impresora","12":"product_tag-multifuncional","14":"first","15":"instock","16":"shipping-taxable","17":"product-type-simple"},"post_mailing_queue_ids":[],"_links":{"self":[{"href":"https:\/\/laesfera.com.mx\/page\/wp-json\/wp\/v2\/product\/19491","targetHints":{"allow":["GET"]}}],"collection":[{"href":"https:\/\/laesfera.com.mx\/page\/wp-json\/wp\/v2\/product"}],"about":[{"href":"https:\/\/laesfera.com.mx\/page\/wp-json\/wp\/v2\/types\/product"}],"replies":[{"embeddable":true,"href":"https:\/\/laesfera.com.mx\/page\/wp-json\/wp\/v2\/comments?post=19491"}],"wp:featuredmedia":[{"embeddable":true,"href":"https:\/\/laesfera.com.mx\/page\/wp-json\/wp\/v2\/media\/20091"}],"wp:attachment":[{"href":"https:\/\/laesfera.com.mx\/page\/wp-json\/wp\/v2\/media?parent=19491"}],"wp:term":[{"taxonomy":"product_brand","embeddable":true,"href":"https:\/\/laesfera.com.mx\/page\/wp-json\/wp\/v2\/product_brand?post=19491"},{"taxonomy":"product_cat","embeddable":true,"href":"https:\/\/laesfera.com.mx\/page\/wp-json\/wp\/v2\/product_cat?post=19491"},{"taxonomy":"product_tag","embeddable":true,"href":"https:\/\/laesfera.com.mx\/page\/wp-json\/wp\/v2\/product_tag?post=19491"}],"curies":[{"name":"wp","href":"https:\/\/api.w.org\/{rel}","templated":true}]}}