{"id":19307,"date":"2024-05-10T17:49:50","date_gmt":"2024-05-10T23:49:50","guid":{"rendered":"https:\/\/laesfera.com.mx\/page\/?post_type=product&#038;p=19307"},"modified":"2026-03-26T19:04:18","modified_gmt":"2026-03-26T23:04:18","slug":"engrapadora-piloto-ts-13r-t","status":"publish","type":"product","link":"https:\/\/laesfera.com.mx\/page\/tienda\/engrapadora-piloto-ts-13r-t\/","title":{"rendered":"Engrapadora Clavadora Manual TS-13R\/T Pilot"},"content":{"rendered":"<h4>Engrapadora Clavadora Manual TS-13R\/T Pilot<\/h4>\n<ul>\n<li>Dise\u00f1ada con cuerpo de metal f\u00e1cil de utilizar.<\/li>\n<li>Estructura con gatillo suave, perfecta para trabajos de tapicer\u00eda, filjaci\u00f3n de posters, mallas, mosquiteros, aparadores, anuncios, lonas, piel, r\u00f3tulos, molduras, etc.<\/li>\n<li>Tipo de disparo por palanca de accionamiento con mecanismo de retroceso.<\/li>\n<li>Utiliza grapas 13\/6-C, con largo de pata de 600 mm y\/o 13\/8-C con largo de pata de 800 mm.<\/li>\n<\/ul>\n<p>No incluye grapas.<\/p>\n<p><strong>Marca:<\/strong> Pilot<br \/>\n<strong>Modelo: <\/strong>TS-13R\/T<br \/>\n<strong>Cve: <\/strong>767982010945<\/p>\n","protected":false},"excerpt":{"rendered":"<div class=\"woocommerce-product-details__short-description\">\n<p>Mod. TS-13R\/T, Met\u00e1lica<\/p>\n<\/div>\n","protected":false},"featured_media":19308,"comment_status":"open","ping_status":"closed","template":"","meta":{"_joinchat":[]},"product_brand":[7773],"product_cat":[2275,5412,5409,9],"product_tag":[7695,2278],"class_list":{"0":"post-19307","1":"product","2":"type-product","3":"status-publish","4":"has-post-thumbnail","6":"product_brand-pilot","7":"product_cat-engrapadoras","8":"product_cat-engrapadoras-y-desengrapadores","9":"product_cat-herramientas-de-oficina","10":"product_cat-oficina","11":"product_tag-clavadora","12":"product_tag-engrapadora","14":"first","15":"instock","16":"shipping-taxable","17":"purchasable","18":"product-type-simple"},"post_mailing_queue_ids":[],"_links":{"self":[{"href":"https:\/\/laesfera.com.mx\/page\/wp-json\/wp\/v2\/product\/19307","targetHints":{"allow":["GET"]}}],"collection":[{"href":"https:\/\/laesfera.com.mx\/page\/wp-json\/wp\/v2\/product"}],"about":[{"href":"https:\/\/laesfera.com.mx\/page\/wp-json\/wp\/v2\/types\/product"}],"replies":[{"embeddable":true,"href":"https:\/\/laesfera.com.mx\/page\/wp-json\/wp\/v2\/comments?post=19307"}],"wp:featuredmedia":[{"embeddable":true,"href":"https:\/\/laesfera.com.mx\/page\/wp-json\/wp\/v2\/media\/19308"}],"wp:attachment":[{"href":"https:\/\/laesfera.com.mx\/page\/wp-json\/wp\/v2\/media?parent=19307"}],"wp:term":[{"taxonomy":"product_brand","embeddable":true,"href":"https:\/\/laesfera.com.mx\/page\/wp-json\/wp\/v2\/product_brand?post=19307"},{"taxonomy":"product_cat","embeddable":true,"href":"https:\/\/laesfera.com.mx\/page\/wp-json\/wp\/v2\/product_cat?post=19307"},{"taxonomy":"product_tag","embeddable":true,"href":"https:\/\/laesfera.com.mx\/page\/wp-json\/wp\/v2\/product_tag?post=19307"}],"curies":[{"name":"wp","href":"https:\/\/api.w.org\/{rel}","templated":true}]}}