{"id":19182,"date":"2024-04-30T18:48:24","date_gmt":"2024-05-01T00:48:24","guid":{"rendered":"https:\/\/laesfera.com.mx\/page\/?post_type=product&#038;p=19182"},"modified":"2025-07-17T20:54:47","modified_gmt":"2025-07-18T00:54:47","slug":"caja-de-archivo-plastica-carta-kyma","status":"publish","type":"product","link":"https:\/\/laesfera.com.mx\/page\/tienda\/caja-de-archivo-plastica-carta-kyma\/","title":{"rendered":"Caja de archivo pl\u00e1stica carta Kyma"},"content":{"rendered":"<h4>Caja de archivo pl\u00e1stica carta Kyma<\/h4>\n<p>Guarda los documentos en esta caja plegable f\u00e1cil de armar. Su dise\u00f1o permite la categorizaci\u00f3n de archivos.<\/p>\n<ul>\n<li>Tama\u00f1o carta<\/li>\n<li>Medidas: 35 x 30 x 25 cm<\/li>\n<li>Material: Pl\u00e1stico<\/li>\n<li>Color: Blanco<\/li>\n<li>Impresi\u00f3n: Azul<\/li>\n<\/ul>\n<p>Marca: Kyma<br \/>\nModelo: CJKY-PL-CT<br \/>\nCve: 7503017021844<\/p>\n","protected":false},"excerpt":{"rendered":"<p>Ideal para archivo<\/p>\n","protected":false},"featured_media":19183,"comment_status":"open","ping_status":"closed","template":"","meta":{"_joinchat":[]},"product_brand":[7747],"product_cat":[5520,5415,9],"product_tag":[7787,7768,7900],"class_list":{"0":"post-19182","1":"product","2":"type-product","3":"status-publish","4":"has-post-thumbnail","6":"product_brand-kyma","7":"product_cat-cajas-para-archivo","8":"product_cat-organizacion","9":"product_cat-oficina","10":"product_tag-archivo","11":"product_tag-caja","12":"product_tag-cotizar","14":"first","15":"instock","16":"shipping-taxable","17":"product-type-simple"},"post_mailing_queue_ids":[],"_links":{"self":[{"href":"https:\/\/laesfera.com.mx\/page\/wp-json\/wp\/v2\/product\/19182","targetHints":{"allow":["GET"]}}],"collection":[{"href":"https:\/\/laesfera.com.mx\/page\/wp-json\/wp\/v2\/product"}],"about":[{"href":"https:\/\/laesfera.com.mx\/page\/wp-json\/wp\/v2\/types\/product"}],"replies":[{"embeddable":true,"href":"https:\/\/laesfera.com.mx\/page\/wp-json\/wp\/v2\/comments?post=19182"}],"wp:featuredmedia":[{"embeddable":true,"href":"https:\/\/laesfera.com.mx\/page\/wp-json\/wp\/v2\/media\/19183"}],"wp:attachment":[{"href":"https:\/\/laesfera.com.mx\/page\/wp-json\/wp\/v2\/media?parent=19182"}],"wp:term":[{"taxonomy":"product_brand","embeddable":true,"href":"https:\/\/laesfera.com.mx\/page\/wp-json\/wp\/v2\/product_brand?post=19182"},{"taxonomy":"product_cat","embeddable":true,"href":"https:\/\/laesfera.com.mx\/page\/wp-json\/wp\/v2\/product_cat?post=19182"},{"taxonomy":"product_tag","embeddable":true,"href":"https:\/\/laesfera.com.mx\/page\/wp-json\/wp\/v2\/product_tag?post=19182"}],"curies":[{"name":"wp","href":"https:\/\/api.w.org\/{rel}","templated":true}]}}