{"id":19150,"date":"2024-04-29T17:12:32","date_gmt":"2024-04-29T23:12:32","guid":{"rendered":"https:\/\/laesfera.com.mx\/page\/?post_type=product&#038;p=19150"},"modified":"2025-10-29T19:39:45","modified_gmt":"2025-10-29T23:39:45","slug":"mesa-plegable-1-80mts-gadiz","status":"publish","type":"product","link":"https:\/\/laesfera.com.mx\/page\/tienda\/mesa-plegable-1-80mts-gadiz\/","title":{"rendered":"Mesa plegable blanca 1.80mts 2 secciones Gadiz"},"content":{"rendered":"<h4><span style=\"color: #000000;\">Mesa plegable blanca 1.80mts 2 secciones Gadiz<\/span><\/h4>\n<p>&nbsp;<\/p>\n<p><span class=\"a-list-item\" style=\"color: #000000;\">Dise\u00f1o plegable tipo portafolio, practico, c\u00f3modo, port\u00e1til y f\u00e1cil de armar, perfecta para llevarla y traerla a cualquier parte. Fabricada en materiales resistentes ideal para usar en interiores o exteriores.<\/span><\/p>\n<p>&nbsp;<\/p>\n<p><span style=\"color: #000000;\"><strong style=\"line-height: inherit;\">Dimensiones:<\/strong><\/span><\/p>\n<ul>\n<li><span style=\"color: #000000;\"><strong>Largo:<\/strong> 180 cm<\/span><\/li>\n<li><span style=\"color: #000000;\"><span style=\"color: #000000;\"><strong>Ancho: <\/strong>74 cm<\/span><\/span><\/li>\n<\/ul>\n<p>&nbsp;<\/p>\n<p><span style=\"color: #000000;\"><strong>Marca: <\/strong>Gadiz<\/span><br \/>\n<span style=\"color: #000000;\"><strong>Color:<\/strong> Blanco<\/span><br \/>\n<span style=\"color: #000000;\"><strong>Cve: <\/strong>SS 894<\/span><\/p>\n","protected":false},"excerpt":{"rendered":"<p>Ideal para eventos<\/p>\n","protected":false},"featured_media":19152,"comment_status":"open","ping_status":"closed","template":"","meta":{"_joinchat":[]},"product_brand":[7794],"product_cat":[133,5389,8],"product_tag":[7900,134,7795],"class_list":{"0":"post-19150","1":"product","2":"type-product","3":"status-publish","4":"has-post-thumbnail","6":"product_brand-gadiz","7":"product_cat-mesas","8":"product_cat-mesas-plegables","9":"product_cat-muebles","10":"product_tag-cotizar","11":"product_tag-mesa","12":"product_tag-plegable","14":"first","15":"instock","16":"shipping-taxable","17":"product-type-simple"},"post_mailing_queue_ids":[],"_links":{"self":[{"href":"https:\/\/laesfera.com.mx\/page\/wp-json\/wp\/v2\/product\/19150","targetHints":{"allow":["GET"]}}],"collection":[{"href":"https:\/\/laesfera.com.mx\/page\/wp-json\/wp\/v2\/product"}],"about":[{"href":"https:\/\/laesfera.com.mx\/page\/wp-json\/wp\/v2\/types\/product"}],"replies":[{"embeddable":true,"href":"https:\/\/laesfera.com.mx\/page\/wp-json\/wp\/v2\/comments?post=19150"}],"wp:featuredmedia":[{"embeddable":true,"href":"https:\/\/laesfera.com.mx\/page\/wp-json\/wp\/v2\/media\/19152"}],"wp:attachment":[{"href":"https:\/\/laesfera.com.mx\/page\/wp-json\/wp\/v2\/media?parent=19150"}],"wp:term":[{"taxonomy":"product_brand","embeddable":true,"href":"https:\/\/laesfera.com.mx\/page\/wp-json\/wp\/v2\/product_brand?post=19150"},{"taxonomy":"product_cat","embeddable":true,"href":"https:\/\/laesfera.com.mx\/page\/wp-json\/wp\/v2\/product_cat?post=19150"},{"taxonomy":"product_tag","embeddable":true,"href":"https:\/\/laesfera.com.mx\/page\/wp-json\/wp\/v2\/product_tag?post=19150"}],"curies":[{"name":"wp","href":"https:\/\/api.w.org\/{rel}","templated":true}]}}