{"id":19046,"date":"2024-03-21T19:25:58","date_gmt":"2024-03-22T01:25:58","guid":{"rendered":"https:\/\/laesfera.com.mx\/page\/?post_type=product&#038;p=19046"},"modified":"2025-10-31T20:21:51","modified_gmt":"2025-11-01T00:21:51","slug":"locker-metalico-2-puertas-l-3112-arena","status":"publish","type":"product","link":"https:\/\/laesfera.com.mx\/page\/tienda\/locker-metalico-2-puertas-l-3112-arena\/","title":{"rendered":"Locker met\u00e1lico 2 puertas L-3112 Arena"},"content":{"rendered":"<h4><span style=\"color: #000000;\">Locker met\u00e1lico 2 puertas L-3112 Arena<\/span><\/h4>\n<p>&nbsp;<\/p>\n<p><span style=\"color: #000000;\">Fabricado en l\u00e1mina calibre 24 rolado en fr\u00edo.<\/span><br \/>\n<span style=\"color: #000000;\">Cuatro tacones en escuadra troqueladas fabricados el l\u00e1mina calibre 18.<\/span><br \/>\n<span style=\"color: #000000;\">Tapa superior fabricada en l\u00e1mina calibre 24.<\/span><br \/>\n<span style=\"color: #000000;\">Incluye portacandado fabricado en l\u00e1mina calibre 12 para el asegurar el compartimento.<\/span><br \/>\n<span style=\"color: #000000;\">Terminado en pintura con aplicaci\u00f3n electrost\u00e1tica en f\u00f3rmula h\u00edbrido horneado a 190\u00b0<\/span><\/p>\n<p>&nbsp;<\/p>\n<p><span style=\"color: #000000;\"><strong>Dimensiones:<\/strong><\/span><\/p>\n<p><span style=\"color: #000000;\"><strong>Alto:<\/strong>\u00a0180 cm.<\/span><br \/>\n<span style=\"color: #000000;\"><strong>Ancho:<\/strong>\u00a038 cm.<\/span><br \/>\n<span style=\"color: #000000;\"><strong>Profundidad:<\/strong>\u00a045 cm.<\/span><\/p>\n<p>&nbsp;<\/p>\n<p><span style=\"color: #000000;\"><strong>Marca:\u00a0<\/strong>PM<strong><br \/>\nModelo:<\/strong> L-3112<\/span><br \/>\n<span style=\"color: #000000;\"><strong>Color: <\/strong>Arena<\/span><br \/>\n<span style=\"color: #000000;\"><strong>Cve: <\/strong>OF 002 2<\/span><\/p>\n","protected":false},"excerpt":{"rendered":"<p>Ideal para escuelas.<\/p>\n","protected":false},"featured_media":19047,"comment_status":"open","ping_status":"closed","template":"","meta":{"_joinchat":[]},"product_brand":[7876],"product_cat":[5581,5583,8],"product_tag":[7900,513],"class_list":{"0":"post-19046","1":"product","2":"type-product","3":"status-publish","4":"has-post-thumbnail","6":"product_brand-pm","7":"product_cat-gabinetes-y-lockers","8":"product_cat-lockers","9":"product_cat-muebles","10":"product_tag-cotizar","11":"product_tag-locker","12":"product_shipping_class-na","14":"first","15":"instock","16":"shipping-taxable","17":"product-type-simple"},"post_mailing_queue_ids":[],"_links":{"self":[{"href":"https:\/\/laesfera.com.mx\/page\/wp-json\/wp\/v2\/product\/19046","targetHints":{"allow":["GET"]}}],"collection":[{"href":"https:\/\/laesfera.com.mx\/page\/wp-json\/wp\/v2\/product"}],"about":[{"href":"https:\/\/laesfera.com.mx\/page\/wp-json\/wp\/v2\/types\/product"}],"replies":[{"embeddable":true,"href":"https:\/\/laesfera.com.mx\/page\/wp-json\/wp\/v2\/comments?post=19046"}],"wp:featuredmedia":[{"embeddable":true,"href":"https:\/\/laesfera.com.mx\/page\/wp-json\/wp\/v2\/media\/19047"}],"wp:attachment":[{"href":"https:\/\/laesfera.com.mx\/page\/wp-json\/wp\/v2\/media?parent=19046"}],"wp:term":[{"taxonomy":"product_brand","embeddable":true,"href":"https:\/\/laesfera.com.mx\/page\/wp-json\/wp\/v2\/product_brand?post=19046"},{"taxonomy":"product_cat","embeddable":true,"href":"https:\/\/laesfera.com.mx\/page\/wp-json\/wp\/v2\/product_cat?post=19046"},{"taxonomy":"product_tag","embeddable":true,"href":"https:\/\/laesfera.com.mx\/page\/wp-json\/wp\/v2\/product_tag?post=19046"}],"curies":[{"name":"wp","href":"https:\/\/api.w.org\/{rel}","templated":true}]}}