{"id":19021,"date":"2024-03-19T18:04:46","date_gmt":"2024-03-20T00:04:46","guid":{"rendered":"https:\/\/laesfera.com.mx\/page\/?post_type=product&#038;p=19021"},"modified":"2025-11-06T20:58:01","modified_gmt":"2025-11-07T00:58:01","slug":"archivero-metalico-sarre","status":"publish","type":"product","link":"https:\/\/laesfera.com.mx\/page\/tienda\/archivero-metalico-sarre\/","title":{"rendered":"Archivero Movil vertical met\u00e1lico 2 cajones + 1 gaveta carta Sarre negro"},"content":{"rendered":"<h4><span style=\"color: #000000;\">Archivero Movil vertical met\u00e1lico 2 cajones + 1 gaveta carta Sarre negro<\/span><\/h4>\n<p>&nbsp;<\/p>\n<p class=\"selectable-text copyable-text x15bjb6t x1n2onr6\"><span class=\"selectable-text copyable-text xkrh14z\" style=\"color: #000000;\">El Archivero Met\u00e1lico 2+1 2406 Sarre se erige como una pieza clave para quienes desean mantener un entorno de trabajo ordenado y seguro, sin sacrificar estilo y elegancia.<\/span><\/p>\n<p>&nbsp;<\/p>\n<p class=\"selectable-text copyable-text x15bjb6t x1n2onr6\"><span style=\"color: #000000;\"><span class=\"selectable-text copyable-text xkrh14z\">Se adapta sin esfuerzo a cualquier decoraci\u00f3n de oficina o estudio, aportando un toque de<\/span><span class=\"selectable-text copyable-text xkrh14z\"> sofisticaci\u00f3n y profesionalismo.<\/span><\/span><\/p>\n<p>&nbsp;<\/p>\n<p class=\"selectable-text copyable-text x15bjb6t x1n2onr6\"><span class=\"selectable-text copyable-text xkrh14z\" style=\"color: #000000;\">Su dise\u00f1o inteligente no solo optimiza el espacio de almacenamiento, sino que tambi\u00e9n garantiza la protecci\u00f3n y organizaci\u00f3n de documentos valiosos.<\/span><\/p>\n<p>&nbsp;<\/p>\n<p><span class=\"metafield-multi_line_text_field\" style=\"color: #000000;\"><strong>Cuerpo:<\/strong><\/span><\/p>\n<p><span class=\"metafield-multi_line_text_field\" style=\"color: #000000;\"><br \/>\n-Cubierta superior l\u00e1mina calibre 22.<br \/>\n-Costados de una sola pieza y respaldo lamina callbre 24.<br \/>\n-Soclo l\u00e1mina calibre 22 con refuerzos verticales en los costados en l\u00e1mina calibre 22, y divisores frontales entre gavetas.<\/span><\/p>\n<p>&nbsp;<\/p>\n<p><span style=\"color: #000000;\"><strong>Gavetas:<\/strong><\/span><\/p>\n<p>&nbsp;<\/p>\n<p><span style=\"color: #000000;\">(Tama\u00f1o carta)<\/span><br \/>\n<span style=\"color: #000000;\">-Frente de l\u00e1mina calibre 24.<\/span><br \/>\n<span style=\"color: #000000;\">-Soporte por caj\u00f3n: Hasta 30 kilos.<\/span><\/p>\n<p>&nbsp;<\/p>\n<p><span style=\"color: #000000;\"><strong>Sistema de seguridad:<\/strong><\/span><\/p>\n<p><span class=\"metafield-multi_line_text_field\" style=\"color: #000000;\"><br \/>\n-Cerradura de cilindro removible, con juego de 2 llaves.<\/span><\/p>\n<p>&nbsp;<\/p>\n<p><span style=\"color: #000000;\"><strong>Acabado:<\/strong><\/span><\/p>\n<p><span class=\"metafield-multi_line_text_field\" style=\"color: #000000;\"><br \/>\nPintura l\u00edquida de aplicaci\u00f3n electrost\u00e1tica.<\/span><\/p>\n<p>&nbsp;<\/p>\n<p><span class=\"metafield-multi_line_text_field\" style=\"color: #000000;\"><strong>Dimensiones:<\/strong><\/span><\/p>\n<p><span class=\"metafield-multi_line_text_field\" style=\"color: #000000;\"><br \/>\nLargo: 39 cm<br \/>\nAncho: 50 cm<br \/>\nAlto: 60 cm<\/span><\/p>\n<p>&nbsp;<\/p>\n<p><span style=\"color: #000000;\"><strong>Modelo: <\/strong>2406 Sarre<\/span><br \/>\n<span style=\"color: #000000;\"><strong>Marca: <\/strong>JM<\/span><br \/>\n<span style=\"color: #000000;\"><strong>Cve: <\/strong>SS 881<\/span><\/p>\n","protected":false},"excerpt":{"rendered":"<p>Perfecto para oficinas<\/p>\n","protected":false},"featured_media":21028,"comment_status":"open","ping_status":"closed","template":"","meta":{"_joinchat":[]},"product_brand":[7796],"product_cat":[74,7611,8],"product_tag":[7552,7900],"class_list":{"0":"post-19021","1":"product","2":"type-product","3":"status-publish","4":"has-post-thumbnail","6":"product_brand-jm","7":"product_cat-archiveros","8":"product_cat-archiverosygabinetes","9":"product_cat-muebles","10":"product_tag-archivero","11":"product_tag-cotizar","13":"first","14":"instock","15":"shipping-taxable","16":"product-type-simple"},"post_mailing_queue_ids":[],"_links":{"self":[{"href":"https:\/\/laesfera.com.mx\/page\/wp-json\/wp\/v2\/product\/19021","targetHints":{"allow":["GET"]}}],"collection":[{"href":"https:\/\/laesfera.com.mx\/page\/wp-json\/wp\/v2\/product"}],"about":[{"href":"https:\/\/laesfera.com.mx\/page\/wp-json\/wp\/v2\/types\/product"}],"replies":[{"embeddable":true,"href":"https:\/\/laesfera.com.mx\/page\/wp-json\/wp\/v2\/comments?post=19021"}],"wp:featuredmedia":[{"embeddable":true,"href":"https:\/\/laesfera.com.mx\/page\/wp-json\/wp\/v2\/media\/21028"}],"wp:attachment":[{"href":"https:\/\/laesfera.com.mx\/page\/wp-json\/wp\/v2\/media?parent=19021"}],"wp:term":[{"taxonomy":"product_brand","embeddable":true,"href":"https:\/\/laesfera.com.mx\/page\/wp-json\/wp\/v2\/product_brand?post=19021"},{"taxonomy":"product_cat","embeddable":true,"href":"https:\/\/laesfera.com.mx\/page\/wp-json\/wp\/v2\/product_cat?post=19021"},{"taxonomy":"product_tag","embeddable":true,"href":"https:\/\/laesfera.com.mx\/page\/wp-json\/wp\/v2\/product_tag?post=19021"}],"curies":[{"name":"wp","href":"https:\/\/api.w.org\/{rel}","templated":true}]}}