{"id":1869,"date":"2017-04-08T12:34:54","date_gmt":"2017-04-08T18:34:54","guid":{"rendered":"http:\/\/laesfera.com.mx\/page\/?post_type=product&#038;p=1869"},"modified":"2025-11-07T21:26:17","modified_gmt":"2025-11-08T01:26:17","slug":"archivero-movil-106","status":"publish","type":"product","link":"https:\/\/laesfera.com.mx\/page\/tienda\/archivero-movil-106\/","title":{"rendered":"Archivero M\u00f3vil vertical melamina 106 Ebano Boreal"},"content":{"rendered":"<p><span style=\"color: #000000;\"><strong>Archivero M\u00f3vil vertical melamina 106 Ebano Boreal<\/strong><\/span><\/p>\n<p>&nbsp;<\/p>\n<div id=\"-product-excerpt-25-8104\" class=\"oxy-product-excerpt oxy-woo-element\">\n<div class=\"woocommerce-product-details__short-description\">\n<p><span style=\"color: #000000;\">El archivero m\u00f3vil es el complemento ideal para estaciones de trabajo y espacios multiusos ya que es f\u00e1cil de mover y acomodar. <strong>Tama\u00f1o carta y oficio.<\/strong><\/span><\/p>\n<\/div>\n<\/div>\n<div id=\"div_block-168-8104\" class=\"ct-div-block\">\n<div id=\"div_block-144-8104\" class=\"ct-div-block\">\n<div id=\"fancy_icon-151-8104\" class=\"ct-fancy-icon\"><\/div>\n<\/div>\n<\/div>\n<p>&nbsp;<\/p>\n<ul>\n<li><span style=\"color: #000000;\">Melamina termo fusionada de 19 mm de espesor.<\/span><\/li>\n<li style=\"text-align: justify;\"><span style=\"color: #000000;\">Jaladeras met\u00e1licas. Cerradura lateral con 2 llaves.<\/span><\/li>\n<li style=\"text-align: justify;\"><span style=\"color: #000000;\">Base porta folders de l\u00e1mina cal. 18 y solera de 1\/2 in. x 1\/8in.<\/span><\/li>\n<li style=\"text-align: justify;\"><span style=\"color: #000000;\">Cantos protegidos con chapacinta de PVC de 1 mm de espesor.<\/span><\/li>\n<li style=\"text-align: justify;\"><span style=\"color: #000000;\">Cajones en l\u00e1mina de acero calibre 24.<\/span><\/li>\n<li style=\"text-align: justify;\"><span style=\"color: #000000;\">Acabados en pintura ep\u00f3xica texturizada color aluminio.<\/span><\/li>\n<li style=\"text-align: justify;\"><span style=\"color: #000000;\">Rodajas de nylon de 50 mm.<\/span><\/li>\n<\/ul>\n<p>&nbsp;<\/p>\n<p><span style=\"color: #000000;\"><strong>Dimensiones:<\/strong><\/span><\/p>\n<p>&nbsp;<\/p>\n<ul>\n<li><span style=\"color: #000000;\"><strong>Alto:<\/strong> 60.6 cm.<\/span><\/li>\n<li><span style=\"color: #000000;\"><strong>Ancho: <\/strong>42 cm.<\/span><\/li>\n<li><span style=\"color: #000000;\"><strong>Profundidad:<\/strong> 60 cm.<\/span><\/li>\n<\/ul>\n<p>&nbsp;<\/p>\n<p><span style=\"color: #000000;\"><strong>Marca:<\/strong> L\u00ednea Italia<\/span><br \/>\n<span style=\"color: #000000;\"><strong>Modelo:<\/strong> 106<\/span><br \/>\n<span style=\"color: #000000;\"><strong>Color:<\/strong> Ebano Boreal<\/span><br \/>\n<span style=\"color: #000000;\"><strong>Cve:\u00a0<\/strong>SS 266<\/span><\/p>\n","protected":false},"excerpt":{"rendered":"<p>Ideal para oficina.<\/p>\n","protected":false},"featured_media":21067,"comment_status":"open","ping_status":"closed","template":"","meta":{"_joinchat":[]},"product_brand":[7875],"product_cat":[74,8],"product_tag":[7552,7900],"class_list":{"0":"post-1869","1":"product","2":"type-product","3":"status-publish","4":"has-post-thumbnail","6":"product_brand-linea-italia","7":"product_cat-archiveros","8":"product_cat-muebles","9":"product_tag-archivero","10":"product_tag-cotizar","12":"first","13":"instock","14":"shipping-taxable","15":"product-type-simple"},"post_mailing_queue_ids":[],"_links":{"self":[{"href":"https:\/\/laesfera.com.mx\/page\/wp-json\/wp\/v2\/product\/1869","targetHints":{"allow":["GET"]}}],"collection":[{"href":"https:\/\/laesfera.com.mx\/page\/wp-json\/wp\/v2\/product"}],"about":[{"href":"https:\/\/laesfera.com.mx\/page\/wp-json\/wp\/v2\/types\/product"}],"replies":[{"embeddable":true,"href":"https:\/\/laesfera.com.mx\/page\/wp-json\/wp\/v2\/comments?post=1869"}],"wp:featuredmedia":[{"embeddable":true,"href":"https:\/\/laesfera.com.mx\/page\/wp-json\/wp\/v2\/media\/21067"}],"wp:attachment":[{"href":"https:\/\/laesfera.com.mx\/page\/wp-json\/wp\/v2\/media?parent=1869"}],"wp:term":[{"taxonomy":"product_brand","embeddable":true,"href":"https:\/\/laesfera.com.mx\/page\/wp-json\/wp\/v2\/product_brand?post=1869"},{"taxonomy":"product_cat","embeddable":true,"href":"https:\/\/laesfera.com.mx\/page\/wp-json\/wp\/v2\/product_cat?post=1869"},{"taxonomy":"product_tag","embeddable":true,"href":"https:\/\/laesfera.com.mx\/page\/wp-json\/wp\/v2\/product_tag?post=1869"}],"curies":[{"name":"wp","href":"https:\/\/api.w.org\/{rel}","templated":true}]}}