{"id":18483,"date":"2023-02-07T16:34:22","date_gmt":"2023-02-07T22:34:22","guid":{"rendered":"https:\/\/laesfera.com.mx\/page\/?post_type=product&#038;p=18483"},"modified":"2025-07-19T15:09:51","modified_gmt":"2025-07-19T19:09:51","slug":"sumadora-casio-hr-200rc-12-digitos","status":"publish","type":"product","link":"https:\/\/laesfera.com.mx\/page\/tienda\/sumadora-casio-hr-200rc-12-digitos\/","title":{"rendered":"Sumadora Casio HR-200RC 12 digitos"},"content":{"rendered":"<h3>Sumadora 12 digitos HR-200RC Casio<\/h3>\n<ul>\n<li>Calculadora con impresor compacto para escritorio<\/li>\n<li>Pantalla LCD 12 D\u00edgitos<\/li>\n<li>M\u00e1quina de sumar<\/li>\n<li>Velocidad de impresi\u00f3n 2.0 l\u00edneas por segundo<\/li>\n<li>Impresi\u00f3n a dos colores: Negro y rojo<\/li>\n<li>Funci\u00f3n de reimpresi\u00f3n y impresi\u00f3n posterior<\/li>\n<li>Impresi\u00f3n de la hora y la fecha actuales<\/li>\n<li>Memoria independiente<\/li>\n<li>C\u00e1lculos de porcentaje regular %<\/li>\n<li>C\u00e1lculos de impuestos<\/li>\n<li>Cambio de divisas<\/li>\n<li>C\u00e1lculos de promedio<\/li>\n<li>Contador de art\u00edculos<\/li>\n<li>Gran Total (GT)<\/li>\n<li>Tecla de MU (Mark-up) y MD (Mark-down) para simplificar los c\u00e1lculos de costos y ganancias<\/li>\n<li>Pulsaci\u00f3n simult\u00e1nea de teclas<\/li>\n<li>Las operaciones de tecla se almacenan en una memoria intermedia, de modo que nada se pierde incluso durante las entradas a alta velocidad.<\/li>\n<li>Selector decimal (3, 2, 0, ADD2)<\/li>\n<li>Dos modos de alimentaci\u00f3n: Adaptador CA (incluido) o 4 pilas de AA<\/li>\n<li>Alimentador de papel<\/li>\n<li>Dimensiones (mm) 64.7 x 195 x 313<\/li>\n<li>Peso (g) 670<\/li>\n<li>Papel de 57 mm x 60 mm<\/li>\n<li>Rodillo entintador IR-40T<\/li>\n<\/ul>\n<p>&nbsp;<\/p>\n<p><strong>Marca:\u00a0<\/strong>Casio<br \/>\n<strong>Modelo: <\/strong>HR-200RC<br \/>\n<strong>Color:\u00a0<\/strong>Negro<br \/>\n<strong>Cve:\u00a0<\/strong>889232701448<\/p>\n","protected":false},"excerpt":{"rendered":"<div class=\"woocommerce-product-details__short-description\">\n<p>Calculadora de 12 D\u00edgitos<\/p>\n<\/div>\n","protected":false},"featured_media":18557,"comment_status":"open","ping_status":"closed","template":"","meta":{"_joinchat":[]},"product_brand":[7784],"product_cat":[1550,4510,5409,9,5519],"product_tag":[4936],"class_list":{"0":"post-18483","1":"product","2":"type-product","3":"status-publish","4":"has-post-thumbnail","6":"product_brand-casio","7":"product_cat-calculadora","8":"product_cat-calculadoras","9":"product_cat-herramientas-de-oficina","10":"product_cat-oficina","11":"product_cat-sumadora","12":"product_tag-sumadora","14":"first","15":"outofstock","16":"shipping-taxable","17":"purchasable","18":"product-type-simple"},"post_mailing_queue_ids":[],"_links":{"self":[{"href":"https:\/\/laesfera.com.mx\/page\/wp-json\/wp\/v2\/product\/18483","targetHints":{"allow":["GET"]}}],"collection":[{"href":"https:\/\/laesfera.com.mx\/page\/wp-json\/wp\/v2\/product"}],"about":[{"href":"https:\/\/laesfera.com.mx\/page\/wp-json\/wp\/v2\/types\/product"}],"replies":[{"embeddable":true,"href":"https:\/\/laesfera.com.mx\/page\/wp-json\/wp\/v2\/comments?post=18483"}],"wp:featuredmedia":[{"embeddable":true,"href":"https:\/\/laesfera.com.mx\/page\/wp-json\/wp\/v2\/media\/18557"}],"wp:attachment":[{"href":"https:\/\/laesfera.com.mx\/page\/wp-json\/wp\/v2\/media?parent=18483"}],"wp:term":[{"taxonomy":"product_brand","embeddable":true,"href":"https:\/\/laesfera.com.mx\/page\/wp-json\/wp\/v2\/product_brand?post=18483"},{"taxonomy":"product_cat","embeddable":true,"href":"https:\/\/laesfera.com.mx\/page\/wp-json\/wp\/v2\/product_cat?post=18483"},{"taxonomy":"product_tag","embeddable":true,"href":"https:\/\/laesfera.com.mx\/page\/wp-json\/wp\/v2\/product_tag?post=18483"}],"curies":[{"name":"wp","href":"https:\/\/api.w.org\/{rel}","templated":true}]}}