{"id":18363,"date":"2023-01-04T15:34:02","date_gmt":"2023-01-04T21:34:02","guid":{"rendered":"https:\/\/laesfera.com.mx\/page\/?post_type=product&#038;p=18363"},"modified":"2025-07-19T15:08:58","modified_gmt":"2025-07-19T19:08:58","slug":"carrito-organizador-trendy","status":"publish","type":"product","link":"https:\/\/laesfera.com.mx\/page\/tienda\/carrito-organizador-trendy\/","title":{"rendered":"Carrito organizador Trendy SH-19"},"content":{"rendered":"<h3>Carrito organizador Trendy SH-19<\/h3>\n<p>&nbsp;<\/p>\n<ul class=\"a-unordered-list a-vertical a-spacing-mini\">\n<li><span class=\"a-list-item\">Carrito organizador multifuncional Dise\u00f1o, cuenta con tres funcionales repisas plastificadas con detalles decorativos, envuelta por una resistente estructura met\u00e1lica.<\/span><\/li>\n<li><span class=\"a-list-item\">F\u00e1cil de almacenar y transportar como un carrito de arte, carrito de ba\u00f1o, carrito de manualidades, estante de organizaci\u00f3n, carrito de servicio, etc.<\/span><\/li>\n<li><span class=\"a-list-item\">Cuenta con 4 ruedas y dise\u00f1o de mango que hace que sea f\u00e1cil y c\u00f3modo mantener el carrito en cualquier espacio<\/span><\/li>\n<\/ul>\n<p>&nbsp;<\/p>\n<p><span class=\"a-list-item\">Dimensiones (cm): 42 x 33 x 87 cuenta con instructivo y de facil ensamble.<\/span><span class=\"a-list-item\"><br \/>\n<\/span><\/p>\n<p><span class=\"a-list-item\">Estructura: Tubo met\u00e1lico \u00be\u201d con 3 repisas de pl\u00e1stico.<br \/>\nAccesorios: 4 rodajas (2 c\/ freno y 2 s\/freno) 1 \u00bd\u201d diam.<\/span><\/p>\n<p>&nbsp;<\/p>\n<p><strong>Marca:\u00a0<\/strong>Mundo in<br \/>\n<strong>Modelo: <\/strong>Trendy SH-19<br \/>\n<strong>Color:\u00a0<\/strong>Blanco \/ Negro \/ Rosa<br \/>\n<strong>Cve:\u00a0<\/strong>SS 891<\/p>\n","protected":false},"excerpt":{"rendered":"<p>Organizador c\/ruedas<\/p>\n","protected":false},"featured_media":18364,"comment_status":"open","ping_status":"closed","template":"","meta":{"_joinchat":[]},"product_brand":[7796],"product_cat":[7150],"product_tag":[7798,7900,1380],"class_list":{"0":"post-18363","1":"product","2":"type-product","3":"status-publish","4":"has-post-thumbnail","6":"product_brand-jm","7":"product_cat-sin-categorizar","8":"product_tag-carrito","9":"product_tag-cotizar","10":"product_tag-organizador","12":"first","13":"instock","14":"shipping-taxable","15":"product-type-simple"},"post_mailing_queue_ids":[],"_links":{"self":[{"href":"https:\/\/laesfera.com.mx\/page\/wp-json\/wp\/v2\/product\/18363","targetHints":{"allow":["GET"]}}],"collection":[{"href":"https:\/\/laesfera.com.mx\/page\/wp-json\/wp\/v2\/product"}],"about":[{"href":"https:\/\/laesfera.com.mx\/page\/wp-json\/wp\/v2\/types\/product"}],"replies":[{"embeddable":true,"href":"https:\/\/laesfera.com.mx\/page\/wp-json\/wp\/v2\/comments?post=18363"}],"wp:featuredmedia":[{"embeddable":true,"href":"https:\/\/laesfera.com.mx\/page\/wp-json\/wp\/v2\/media\/18364"}],"wp:attachment":[{"href":"https:\/\/laesfera.com.mx\/page\/wp-json\/wp\/v2\/media?parent=18363"}],"wp:term":[{"taxonomy":"product_brand","embeddable":true,"href":"https:\/\/laesfera.com.mx\/page\/wp-json\/wp\/v2\/product_brand?post=18363"},{"taxonomy":"product_cat","embeddable":true,"href":"https:\/\/laesfera.com.mx\/page\/wp-json\/wp\/v2\/product_cat?post=18363"},{"taxonomy":"product_tag","embeddable":true,"href":"https:\/\/laesfera.com.mx\/page\/wp-json\/wp\/v2\/product_tag?post=18363"}],"curies":[{"name":"wp","href":"https:\/\/api.w.org\/{rel}","templated":true}]}}