{"id":18350,"date":"2023-01-04T13:42:09","date_gmt":"2023-01-04T19:42:09","guid":{"rendered":"https:\/\/laesfera.com.mx\/page\/?post_type=product&#038;p=18350"},"modified":"2025-07-17T21:08:46","modified_gmt":"2025-07-18T01:08:46","slug":"silla-de-visita-burgos","status":"publish","type":"product","link":"https:\/\/laesfera.com.mx\/page\/tienda\/silla-de-visita-burgos\/","title":{"rendered":"Silla de visita Burgos"},"content":{"rendered":"<h3>Silla de visita Burgos<\/h3>\n<p>Silla tapizada con un dise\u00f1o elegante y sencillo que eleva al instante la decoraci\u00f3n de tu espacio; es un elemento Ideal para el comedor, sala, habitaci\u00f3n o espacios exteriores. Por su dise\u00f1o distintivo moderno, esta silla con base met\u00e1lica y asiento y respaldo de madera es ideal para combinar con distintos estilos decorativos.<\/p>\n<p>&nbsp;<\/p>\n<p>Material:<\/p>\n<p>-Tapizado: Tela<br \/>\n-Estructura de asiento y respaldo: Madera<br \/>\n-Base: Metal<\/p>\n<p>&nbsp;<\/p>\n<p><strong>Marca:\u00a0<\/strong>Mundo in<br \/>\n<strong>Modelo: <\/strong>Burgos<br \/>\n<strong>Color: <\/strong>Gris<br \/>\n<strong>Cve:\u00a0<\/strong>SS 868<\/p>\n","protected":false},"excerpt":{"rendered":"<p>Dise\u00f1o minimalista<\/p>\n","protected":false},"featured_media":18505,"comment_status":"open","ping_status":"closed","template":"","meta":{"_joinchat":[]},"product_brand":[7796],"product_cat":[8,79,5392,7609],"product_tag":[7900,145,7799],"class_list":{"0":"post-18350","1":"product","2":"type-product","3":"status-publish","4":"has-post-thumbnail","6":"product_brand-jm","7":"product_cat-muebles","8":"product_cat-sillas","9":"product_cat-sillas-de-visita","10":"product_cat-sillasysillones","11":"product_tag-cotizar","12":"product_tag-silla","13":"product_tag-visita","15":"first","16":"outofstock","17":"shipping-taxable","18":"product-type-simple"},"post_mailing_queue_ids":[],"_links":{"self":[{"href":"https:\/\/laesfera.com.mx\/page\/wp-json\/wp\/v2\/product\/18350","targetHints":{"allow":["GET"]}}],"collection":[{"href":"https:\/\/laesfera.com.mx\/page\/wp-json\/wp\/v2\/product"}],"about":[{"href":"https:\/\/laesfera.com.mx\/page\/wp-json\/wp\/v2\/types\/product"}],"replies":[{"embeddable":true,"href":"https:\/\/laesfera.com.mx\/page\/wp-json\/wp\/v2\/comments?post=18350"}],"wp:featuredmedia":[{"embeddable":true,"href":"https:\/\/laesfera.com.mx\/page\/wp-json\/wp\/v2\/media\/18505"}],"wp:attachment":[{"href":"https:\/\/laesfera.com.mx\/page\/wp-json\/wp\/v2\/media?parent=18350"}],"wp:term":[{"taxonomy":"product_brand","embeddable":true,"href":"https:\/\/laesfera.com.mx\/page\/wp-json\/wp\/v2\/product_brand?post=18350"},{"taxonomy":"product_cat","embeddable":true,"href":"https:\/\/laesfera.com.mx\/page\/wp-json\/wp\/v2\/product_cat?post=18350"},{"taxonomy":"product_tag","embeddable":true,"href":"https:\/\/laesfera.com.mx\/page\/wp-json\/wp\/v2\/product_tag?post=18350"}],"curies":[{"name":"wp","href":"https:\/\/api.w.org\/{rel}","templated":true}]}}