{"id":17754,"date":"2022-01-29T12:59:30","date_gmt":"2022-01-29T18:59:30","guid":{"rendered":"https:\/\/laesfera.com.mx\/page\/?post_type=product&#038;p=17754"},"modified":"2025-07-17T21:15:44","modified_gmt":"2025-07-18T01:15:44","slug":"navaja-tinker-roja-victorinox-mod-1-4603","status":"publish","type":"product","link":"https:\/\/laesfera.com.mx\/page\/tienda\/navaja-tinker-roja-victorinox-mod-1-4603\/","title":{"rendered":"Navaja Tinker Roja Victorinox Mod. 1.4603"},"content":{"rendered":"<p><span style=\"color: #000000;\"><strong>Navaja Tinker Roja Victorinox Mod. 1.4603<\/strong><\/span><\/p>\n<p>&nbsp;<\/p>\n<p><span style=\"color: #000000;\">As\u00ed se encuentre en el transcurso de un d\u00eda com\u00fan de su vida o viajando alrededor del mundo, la navaja de bolsillo Tinker es la navaja para oficiales perfecta para aquellos que se encuentran en constante movimiento. Uno nunca sabe con qu\u00e9 se puede encontrar, pero con su navaja de bolsillo Tinker, usted tiene la certeza de que siempre estar\u00e1 listo para armar, cortar o arreglar cualquier cosa.<\/span><\/p>\n<p>&nbsp;<\/p>\n<p><span style=\"color: #000000;\"><strong>Caracter\u00edsticas<\/strong><\/span><\/p>\n<p>&nbsp;<\/p>\n<p class=\"title-4 e-h4 title--two-columns\"><strong><span style=\"color: #000000;\">Herramientas<\/span><\/strong><\/p>\n<div class=\"g-row g-layout-accordeon-features-sub\">\n<div class=\"g-col\">\n<ol class=\"tools-list two-parts\">\n<li><span style=\"color: #000000;\">hoja grande\u00a0<\/span><\/li>\n<li><span style=\"color: #000000;\">hoja peque\u00f1a<\/span><\/li>\n<li><span style=\"color: #000000;\">abrelatas<\/span><\/li>\n<li><span style=\"color: #000000;\">destornillador 3 mm<\/span><\/li>\n<li><span style=\"color: #000000;\">destapador<\/span><\/li>\n<li><span style=\"color: #000000;\">destornillador 6 mm<\/span><\/li>\n<li><span style=\"color: #000000;\">pela cables<\/span><\/li>\n<li><span style=\"color: #000000;\">punz\u00f3n escariador<\/span><\/li>\n<li><span style=\"color: #000000;\">destornillador Phillips 1\/2<\/span><\/li>\n<li><span style=\"color: #000000;\">palillo de dientes<\/span><\/li>\n<li><span style=\"color: #000000;\">pinzas<\/span><\/li>\n<li><span style=\"color: #000000;\">anilla<\/span><\/li>\n<\/ol>\n<p><span style=\"color: #000000;\"><strong>Dimensiones<\/strong><\/span><\/p>\n<\/div>\n<p><span style=\"color: #000000;\">Altura: 14 mm<\/span><br \/>\n<span style=\"color: #000000;\">Peso: 62 g<\/span><\/p>\n<\/div>\n<p>&nbsp;<\/p>\n<p>&nbsp;<\/p>\n<p><span style=\"color: #000000;\"><strong>Marca:\u00a0<\/strong>Victorinox<\/span><br \/>\n<span style=\"color: #000000;\"><strong>Modelo:\u00a0<\/strong>1.4603<\/span><br \/>\n<span style=\"color: #000000;\"><strong>Color:\u00a0<\/strong>Roja<\/span><br \/>\n<span style=\"color: #000000;\"><strong>Clave:\u00a0<\/strong><\/span><\/p>\n<div class=\"g-row g-layout-accordeon-features-sub\">\n<p>&nbsp;<\/p>\n<\/div>\n<p>&nbsp;<\/p>\n","protected":false},"excerpt":{"rendered":"<p>Navaja Tinker Roja Victorinox Mod. 1.4603 &nbsp; As\u00ed se encuentre en el transcurso de un d\u00eda com\u00fan de su vida o viajando alrededor del mundo, la navaja de bolsillo Tinker es la navaja para oficiales perfecta para aquellos que se encuentran en constante movimiento. Uno nunca sabe con qu\u00e9 se puede encontrar, pero con su [&hellip;]<\/p>\n","protected":false},"featured_media":17755,"comment_status":"open","ping_status":"closed","template":"","meta":{"_joinchat":[]},"product_brand":[7800],"product_cat":[3560,10],"product_tag":[7900,3595],"class_list":{"0":"post-17754","1":"product","2":"type-product","3":"status-publish","4":"has-post-thumbnail","6":"product_brand-victorinox","7":"product_cat-accesorios-equipos","8":"product_cat-equipos","9":"product_tag-cotizar","10":"product_tag-navaja","12":"first","13":"instock","14":"shipping-taxable","15":"product-type-simple"},"post_mailing_queue_ids":[],"_links":{"self":[{"href":"https:\/\/laesfera.com.mx\/page\/wp-json\/wp\/v2\/product\/17754","targetHints":{"allow":["GET"]}}],"collection":[{"href":"https:\/\/laesfera.com.mx\/page\/wp-json\/wp\/v2\/product"}],"about":[{"href":"https:\/\/laesfera.com.mx\/page\/wp-json\/wp\/v2\/types\/product"}],"replies":[{"embeddable":true,"href":"https:\/\/laesfera.com.mx\/page\/wp-json\/wp\/v2\/comments?post=17754"}],"wp:featuredmedia":[{"embeddable":true,"href":"https:\/\/laesfera.com.mx\/page\/wp-json\/wp\/v2\/media\/17755"}],"wp:attachment":[{"href":"https:\/\/laesfera.com.mx\/page\/wp-json\/wp\/v2\/media?parent=17754"}],"wp:term":[{"taxonomy":"product_brand","embeddable":true,"href":"https:\/\/laesfera.com.mx\/page\/wp-json\/wp\/v2\/product_brand?post=17754"},{"taxonomy":"product_cat","embeddable":true,"href":"https:\/\/laesfera.com.mx\/page\/wp-json\/wp\/v2\/product_cat?post=17754"},{"taxonomy":"product_tag","embeddable":true,"href":"https:\/\/laesfera.com.mx\/page\/wp-json\/wp\/v2\/product_tag?post=17754"}],"curies":[{"name":"wp","href":"https:\/\/api.w.org\/{rel}","templated":true}]}}