{"id":17664,"date":"2022-01-11T17:18:40","date_gmt":"2022-01-11T23:18:40","guid":{"rendered":"https:\/\/laesfera.com.mx\/page\/?post_type=product&#038;p=17664"},"modified":"2025-07-04T12:05:13","modified_gmt":"2025-07-04T16:05:13","slug":"detector-de-billetes-falsos-con-lampara-uv-mdb-2030","status":"publish","type":"product","link":"https:\/\/laesfera.com.mx\/page\/tienda\/detector-de-billetes-falsos-con-lampara-uv-mdb-2030\/","title":{"rendered":"Detector De Billetes Falsos MDB-2030 Con Lampara Uv"},"content":{"rendered":"<p><strong>Detector De Billetes Falsos\u00a0 MDB-2030<\/strong><\/p>\n<p>Cuida tu econom\u00eda y tus negocios de manera r\u00e1pida y pr\u00e1ctica. Con este detector de billetes falsos podr\u00e1s mantener un control del dinero que recibas viendo el reflejo de las marcas de seguridad.<\/p>\n<p>Tubo de luz ultravioleta de 4 W.<br \/>\nLuz que refleja las marcas de seguridad en los billetes.<br \/>\nRegla para medir el tama\u00f1o de los billetes.<br \/>\nMedidas: Alto: 10.5cm \u00a0 Ancho: 10.5 cm \u00a0 Largo:19.5 cm<br \/>\nPeso: 0.4kg<\/p>\n<p>&nbsp;<\/p>\n<p><strong>Marca:\u00a0<\/strong>Mitzu<br \/>\n<strong>Modelo:\u00a0<\/strong>MDB-2030<br \/>\n<strong>Color:\u00a0<\/strong>Negro<br \/>\n<strong>Clave:\u00a0<\/strong>7506086637947<\/p>\n","protected":false},"excerpt":{"rendered":"<p>Detector De Billetes Falsos\u00a0 MDB-2030 Cuida tu econom\u00eda y tus negocios de manera r\u00e1pida y pr\u00e1ctica. Con este detector de billetes falsos podr\u00e1s mantener un control del dinero que recibas viendo el reflejo de las marcas de seguridad. Tubo de luz ultravioleta de 4 W. Luz que refleja las marcas de seguridad en los billetes. [&hellip;]<\/p>\n","protected":false},"featured_media":19221,"comment_status":"open","ping_status":"closed","template":"","meta":{"_joinchat":[]},"product_brand":[7806],"product_cat":[5409,9],"product_tag":[7674,3695],"class_list":{"0":"post-17664","1":"product","2":"type-product","3":"status-publish","4":"has-post-thumbnail","6":"product_brand-mitzu","7":"product_cat-herramientas-de-oficina","8":"product_cat-oficina","9":"product_tag-billetes","10":"product_tag-detector","12":"first","13":"instock","14":"shipping-taxable","15":"purchasable","16":"product-type-simple"},"post_mailing_queue_ids":[],"_links":{"self":[{"href":"https:\/\/laesfera.com.mx\/page\/wp-json\/wp\/v2\/product\/17664","targetHints":{"allow":["GET"]}}],"collection":[{"href":"https:\/\/laesfera.com.mx\/page\/wp-json\/wp\/v2\/product"}],"about":[{"href":"https:\/\/laesfera.com.mx\/page\/wp-json\/wp\/v2\/types\/product"}],"replies":[{"embeddable":true,"href":"https:\/\/laesfera.com.mx\/page\/wp-json\/wp\/v2\/comments?post=17664"}],"wp:featuredmedia":[{"embeddable":true,"href":"https:\/\/laesfera.com.mx\/page\/wp-json\/wp\/v2\/media\/19221"}],"wp:attachment":[{"href":"https:\/\/laesfera.com.mx\/page\/wp-json\/wp\/v2\/media?parent=17664"}],"wp:term":[{"taxonomy":"product_brand","embeddable":true,"href":"https:\/\/laesfera.com.mx\/page\/wp-json\/wp\/v2\/product_brand?post=17664"},{"taxonomy":"product_cat","embeddable":true,"href":"https:\/\/laesfera.com.mx\/page\/wp-json\/wp\/v2\/product_cat?post=17664"},{"taxonomy":"product_tag","embeddable":true,"href":"https:\/\/laesfera.com.mx\/page\/wp-json\/wp\/v2\/product_tag?post=17664"}],"curies":[{"name":"wp","href":"https:\/\/api.w.org\/{rel}","templated":true}]}}