{"id":17146,"date":"2021-09-06T13:04:14","date_gmt":"2021-09-06T19:04:14","guid":{"rendered":"https:\/\/laesfera.com.mx\/page\/?post_type=product&#038;p=17146"},"modified":"2025-07-17T15:04:33","modified_gmt":"2025-07-17T19:04:33","slug":"mesa-multiusos-mob-103-livorno","status":"publish","type":"product","link":"https:\/\/laesfera.com.mx\/page\/tienda\/mesa-multiusos-mob-103-livorno\/","title":{"rendered":"Mesa multiusos MOB-103 Livorno"},"content":{"rendered":"<p><strong>Mesa multiusos MOB-103 Livorno<\/strong><\/p>\n<p style=\"text-align: justify\">Escritorio multifuncional de estilo industrial. Pr\u00e1ctico y ligero, compuesto por una estructura tubular m\u00f3vil color blanco con una eficiente \u00e1rea de trabajo, la convierten en el elemento ideal para sumar a cualquier tipo de espacio una dosis perfecta de comodidad y buen dise\u00f1o.<\/p>\n<p><strong>Material:<\/strong><\/p>\n<ul>\n<li>Tubular cuadrado 1 1\/4&#8243;<\/li>\n<li>Tubo 1&#8243;<\/li>\n<li>Melamina 15 mm<\/li>\n<li>4 Rodajas 1 1\/4&#8243; con freno<\/li>\n<\/ul>\n<p><strong>Dimensiones:<\/strong><\/p>\n<ul>\n<li><strong>Altura:\u00a0<\/strong>70 cm<\/li>\n<li><strong>Ancho:\u00a0<\/strong>60 cm<\/li>\n<li><strong>Profundidad:\u00a0<\/strong>40 cm<\/li>\n<\/ul>\n<p>&nbsp;<\/p>\n<p><strong>Marca:\u00a0<\/strong>Mobilek<br \/>\n<strong>Modelo:\u00a0<\/strong>MOB-103<br \/>\n<strong>Color:\u00a0<\/strong>Roble, Negro<br \/>\n<strong>Cve:\u00a0<\/strong>SS 878<\/p>\n","protected":false},"excerpt":{"rendered":"<p>Mesa multiusos con altura ajustable<\/p>\n","protected":false},"featured_media":17153,"comment_status":"open","ping_status":"closed","template":"","meta":{"_joinchat":[]},"product_brand":[7796],"product_cat":[7610,73,133,5560,8],"product_tag":[7900,134],"class_list":{"0":"post-17146","1":"product","2":"type-product","3":"status-publish","4":"has-post-thumbnail","6":"product_brand-jm","7":"product_cat-escritorios-buenfin2020","8":"product_cat-escritorios","9":"product_cat-mesas","10":"product_cat-mesas-multiusos","11":"product_cat-muebles","12":"product_tag-cotizar","13":"product_tag-mesa","15":"first","16":"outofstock","17":"shipping-taxable","18":"product-type-simple"},"post_mailing_queue_ids":[],"_links":{"self":[{"href":"https:\/\/laesfera.com.mx\/page\/wp-json\/wp\/v2\/product\/17146","targetHints":{"allow":["GET"]}}],"collection":[{"href":"https:\/\/laesfera.com.mx\/page\/wp-json\/wp\/v2\/product"}],"about":[{"href":"https:\/\/laesfera.com.mx\/page\/wp-json\/wp\/v2\/types\/product"}],"replies":[{"embeddable":true,"href":"https:\/\/laesfera.com.mx\/page\/wp-json\/wp\/v2\/comments?post=17146"}],"wp:featuredmedia":[{"embeddable":true,"href":"https:\/\/laesfera.com.mx\/page\/wp-json\/wp\/v2\/media\/17153"}],"wp:attachment":[{"href":"https:\/\/laesfera.com.mx\/page\/wp-json\/wp\/v2\/media?parent=17146"}],"wp:term":[{"taxonomy":"product_brand","embeddable":true,"href":"https:\/\/laesfera.com.mx\/page\/wp-json\/wp\/v2\/product_brand?post=17146"},{"taxonomy":"product_cat","embeddable":true,"href":"https:\/\/laesfera.com.mx\/page\/wp-json\/wp\/v2\/product_cat?post=17146"},{"taxonomy":"product_tag","embeddable":true,"href":"https:\/\/laesfera.com.mx\/page\/wp-json\/wp\/v2\/product_tag?post=17146"}],"curies":[{"name":"wp","href":"https:\/\/api.w.org\/{rel}","templated":true}]}}