{"id":16788,"date":"2021-05-24T12:09:33","date_gmt":"2021-05-24T18:09:33","guid":{"rendered":"https:\/\/laesfera.com.mx\/page\/?post_type=product&#038;p=16788"},"modified":"2025-10-10T21:12:38","modified_gmt":"2025-10-11T01:12:38","slug":"sillon-mesh-blanco-ecochair","status":"publish","type":"product","link":"https:\/\/laesfera.com.mx\/page\/tienda\/sillon-mesh-blanco-ecochair\/","title":{"rendered":"Sill\u00f3n mesh blanco ecochair"},"content":{"rendered":"<p><strong>Sill\u00f3n mesh blanco ecochair<\/strong><\/p>\n<p>&nbsp;<\/p>\n<p style=\"text-align: justify\">Sill\u00f3n ejecutivo ideal para home office, reclinable, respaldo en malla gris, asiento c\u00f3modo tapizado en mesh gris, base estrella cromada, con ajuste de altura, brazos polipropileno blancos.<\/p>\n<p style=\"text-align: justify\">Sill\u00f3n ejecutivo respaldo bajo con soporte lumbar.<\/p>\n<p style=\"text-align: justify\"><strong>Base:\u00a0<\/strong>Estrella pentagonal de 5 puntas y di\u00e1metro de 24&#8243;<\/p>\n<p style=\"text-align: justify\"><strong>Rodajas:\u00a0<\/strong>Dobles de 50 mm de di\u00e1metro en material de goma.<\/p>\n<p style=\"text-align: justify\"><b>Sistema de elevaci\u00f3n: <\/b>Pist\u00f3n neum\u00e1tico de gas nitr\u00f3geno a presi\u00f3n con fuerza de levante de 350 N con bloqueo en diferentes alturas.<\/p>\n<p style=\"text-align: justify\"><strong>Mecanismo:\u00a0<\/strong>En acero con palanca de accionamiento y bloqueo del pist\u00f3n neum\u00e1tico. Reclinable con regulador de tensi\u00f3n de la inclinaci\u00f3n y bloqueo.<\/p>\n<p style=\"text-align: justify\"><strong>Brazos:\u00a0<\/strong>De poliuretano semi r\u00edgido. Se fijan al asiento y al respaldo por medio de tornillos.<\/p>\n<p style=\"text-align: justify\"><b>Peso m\u00e1ximo de resistencia: <\/b>120 Kilos.<\/p>\n<p>&nbsp;<\/p>\n<p>&nbsp;<\/p>\n<p><strong>Marca:\u00a0<\/strong>Offiho<br \/>\n<strong>Modelo:\u00a0<\/strong>Ecochair<br \/>\n<strong>Color:\u00a0<\/strong>Blanco\/Gris<br \/>\n<strong>Cve:\u00a0<\/strong>SS 495<\/p>\n","protected":false},"excerpt":{"rendered":"<p>Ideal para oficina<\/p>\n","protected":false},"featured_media":16789,"comment_status":"open","ping_status":"closed","template":"","meta":{"_joinchat":[]},"product_brand":[7797],"product_cat":[8,79,7609,5598],"product_tag":[7900,988],"class_list":{"0":"post-16788","1":"product","2":"type-product","3":"status-publish","4":"has-post-thumbnail","6":"product_brand-offiho","7":"product_cat-muebles","8":"product_cat-sillas","9":"product_cat-sillasysillones","10":"product_cat-sillones-sillas","11":"product_tag-cotizar","12":"product_tag-sillon","14":"first","15":"outofstock","16":"shipping-taxable","17":"product-type-simple"},"post_mailing_queue_ids":[],"_links":{"self":[{"href":"https:\/\/laesfera.com.mx\/page\/wp-json\/wp\/v2\/product\/16788","targetHints":{"allow":["GET"]}}],"collection":[{"href":"https:\/\/laesfera.com.mx\/page\/wp-json\/wp\/v2\/product"}],"about":[{"href":"https:\/\/laesfera.com.mx\/page\/wp-json\/wp\/v2\/types\/product"}],"replies":[{"embeddable":true,"href":"https:\/\/laesfera.com.mx\/page\/wp-json\/wp\/v2\/comments?post=16788"}],"wp:featuredmedia":[{"embeddable":true,"href":"https:\/\/laesfera.com.mx\/page\/wp-json\/wp\/v2\/media\/16789"}],"wp:attachment":[{"href":"https:\/\/laesfera.com.mx\/page\/wp-json\/wp\/v2\/media?parent=16788"}],"wp:term":[{"taxonomy":"product_brand","embeddable":true,"href":"https:\/\/laesfera.com.mx\/page\/wp-json\/wp\/v2\/product_brand?post=16788"},{"taxonomy":"product_cat","embeddable":true,"href":"https:\/\/laesfera.com.mx\/page\/wp-json\/wp\/v2\/product_cat?post=16788"},{"taxonomy":"product_tag","embeddable":true,"href":"https:\/\/laesfera.com.mx\/page\/wp-json\/wp\/v2\/product_tag?post=16788"}],"curies":[{"name":"wp","href":"https:\/\/api.w.org\/{rel}","templated":true}]}}