{"id":16519,"date":"2021-03-12T09:19:20","date_gmt":"2021-03-12T15:19:20","guid":{"rendered":"https:\/\/laesfera.com.mx\/page\/?post_type=product&#038;p=16519"},"modified":"2025-05-22T15:14:51","modified_gmt":"2025-05-22T19:14:51","slug":"pintura-acrilica-fluorescente-politec-l800-100ml-varios-colores","status":"publish","type":"product","link":"https:\/\/laesfera.com.mx\/page\/tienda\/pintura-acrilica-fluorescente-politec-l800-100ml-varios-colores\/","title":{"rendered":"Pintura acr\u00edlica fluorescente Politec L800 100ml varios colores"},"content":{"rendered":"<h4><strong>Pintura acr\u00edlica fluorescente Politec L800 100ml varios colores<\/strong><\/h4>\n<p>&nbsp;<\/p>\n<p>Perfecto acabado y brillo extraordinario de colores contempor\u00e1neos de f\u00e1cil aplicaci\u00f3n<\/p>\n<p>Gran estabilidad y secado r\u00e1pido.<\/p>\n<p>Para artistas, dise\u00f1adores, decoraci\u00f3n y manualidades.<\/p>\n<p>Ideal para aplicarse en unicel, papel, cart\u00f3n, lona, tela, cemento, madera y cer\u00e1mica.<\/p>\n<p>No se mezcle con solventes.<\/p>\n<p style=\"text-align: justify\">Acr\u00edlico politec no t\u00f3xico.<\/p>\n<p>&nbsp;<\/p>\n<p>&nbsp;<\/p>\n<p style=\"text-align: justify\"><strong>Marca:<\/strong> Politec<br \/>\n<strong>Contenido:<\/strong> 100 ml<br \/>\n<strong>Color y <\/strong><strong>Cve:<br \/>\n7501139116400<\/strong> MAGENTA 807<br \/>\n<strong>7501139116929<\/strong> ROSA 806<br \/>\n<strong>7501139116912<\/strong> AZUL 805<br \/>\n<strong>7501139116905<\/strong> VERDE 804<br \/>\n<strong>7501139116899<\/strong> NARANJA 803<br \/>\n<strong>7501139116882<\/strong> ROJO 802<br \/>\n<strong>7501139116875<\/strong> AMARILLO 801<\/p>\n","protected":false},"excerpt":{"rendered":"<p>Ideal para trabajos escolares.<\/p>\n","protected":false},"featured_media":19940,"comment_status":"open","ping_status":"closed","template":"","meta":{"_joinchat":[]},"product_brand":[7781],"product_cat":[5333,5460],"product_tag":[5461],"class_list":{"0":"post-16519","1":"product","2":"type-product","3":"status-publish","4":"has-post-thumbnail","6":"product_brand-politec","7":"product_cat-arte-y-manualidades","8":"product_cat-pinturas","9":"product_tag-pintura","11":"first","12":"instock","13":"shipping-taxable","14":"purchasable","15":"product-type-simple"},"post_mailing_queue_ids":[],"_links":{"self":[{"href":"https:\/\/laesfera.com.mx\/page\/wp-json\/wp\/v2\/product\/16519","targetHints":{"allow":["GET"]}}],"collection":[{"href":"https:\/\/laesfera.com.mx\/page\/wp-json\/wp\/v2\/product"}],"about":[{"href":"https:\/\/laesfera.com.mx\/page\/wp-json\/wp\/v2\/types\/product"}],"replies":[{"embeddable":true,"href":"https:\/\/laesfera.com.mx\/page\/wp-json\/wp\/v2\/comments?post=16519"}],"wp:featuredmedia":[{"embeddable":true,"href":"https:\/\/laesfera.com.mx\/page\/wp-json\/wp\/v2\/media\/19940"}],"wp:attachment":[{"href":"https:\/\/laesfera.com.mx\/page\/wp-json\/wp\/v2\/media?parent=16519"}],"wp:term":[{"taxonomy":"product_brand","embeddable":true,"href":"https:\/\/laesfera.com.mx\/page\/wp-json\/wp\/v2\/product_brand?post=16519"},{"taxonomy":"product_cat","embeddable":true,"href":"https:\/\/laesfera.com.mx\/page\/wp-json\/wp\/v2\/product_cat?post=16519"},{"taxonomy":"product_tag","embeddable":true,"href":"https:\/\/laesfera.com.mx\/page\/wp-json\/wp\/v2\/product_tag?post=16519"}],"curies":[{"name":"wp","href":"https:\/\/api.w.org\/{rel}","templated":true}]}}