{"id":16508,"date":"2021-03-10T12:40:16","date_gmt":"2021-03-10T18:40:16","guid":{"rendered":"https:\/\/laesfera.com.mx\/page\/?post_type=product&#038;p=16508"},"modified":"2025-05-08T15:26:39","modified_gmt":"2025-05-08T19:26:39","slug":"pintura-acrilica-politec-l300-250ml-varios-colores","status":"publish","type":"product","link":"https:\/\/laesfera.com.mx\/page\/tienda\/pintura-acrilica-politec-l300-250ml-varios-colores\/","title":{"rendered":"Pintura acr\u00edlica Politec L300 250ml varios colores"},"content":{"rendered":"<h4><strong>Pintura acr\u00edlica Politec L300 250ml varios colores<\/strong><\/h4>\n<p>&nbsp;<\/p>\n<p style=\"text-align: justify\">Acr\u00edlico politec no t\u00f3xico.<\/p>\n<p style=\"text-align: justify\">Colores indelebles para escolares, artesan\u00edas, carteles, manualidades y decoraci\u00f3n.<\/p>\n<p style=\"text-align: justify\">Elaborados con emulsi\u00f3n acr\u00edlica de gran adherencia a las superficies tanto r\u00edgidas como flexibles para poder pintar en papel, cart\u00f3n, madera, cemento, yeso, metales, unicel, tela, cer\u00e1mica.<\/p>\n<p style=\"text-align: justify\">De acabado mate y alto rendimiento por su gran capacidad cubriente.<\/p>\n<p style=\"text-align: justify\">Solubles en agua y resistentes a la misma, una vez secos.<\/p>\n<p style=\"text-align: justify\">No se mezcle con solventes.<\/p>\n<p>&nbsp;<\/p>\n<p>&nbsp;<\/p>\n<p style=\"text-align: justify\"><strong>Marca:<\/strong> Politec<br \/>\n<strong>Contenido:<\/strong> 30 ml<br \/>\n<strong>Color y <\/strong><strong>Cve:<br \/>\n7501230031749 <\/strong>GRIS 317<strong><br \/>\n7501230031947 <\/strong>CARMIN 319<br \/>\n<strong>7501230031848 <\/strong>AMARILLO MEDIO 318<strong><br \/>\n7501230032043 <\/strong>CREMA 320<strong><br \/>\n7501230031640 <\/strong>AZUL PASTEL 316<strong><br \/>\n7501230031541 <\/strong>AZUL ULTRAMAR 315<strong><br \/>\n7501230031442 <\/strong>ROJO 314<strong><br \/>\n7501230031343 <\/strong>AZUL CELESTE 313<strong><br \/>\n7501230033347 <\/strong>VERDE PALIDO 333<strong><br \/>\n7501230032845 <\/strong>VERDE HOJA 328<strong><br \/>\n7501230032142 <\/strong>ROSA 321<br \/>\n<strong>7501230032647 <\/strong>ROSA PASTEL 326<strong><br \/>\n7501230032241 <\/strong>CARNE MED 322<strong><br \/>\n7501230030247 <\/strong>NEGRO INTENSO 302<strong><br \/>\n7501230030148 <\/strong>BLANCO TITANIO 301<strong><br \/>\n7501230031244 <\/strong>VERDE CLARO 312<strong><br \/>\n7501230030841 <\/strong>NARANJA 308<strong><br \/>\n7501230031145 <\/strong>VIOLETA CLARO 311<strong><br \/>\n7501230030940 <\/strong>ROJO TOLUIDINO 309<strong><br \/>\n7501230030445 <\/strong>SOMBRA CAFE 304<strong><br \/>\n7501230030742 <\/strong>LIMON HANZA 307<strong><br \/>\n7501230030643 <\/strong>VERDE OSCURO 306<strong><br \/>\n7501230033446 <\/strong>MORADO 334<strong><br \/>\n7501230033545 <\/strong>MALVA 335<strong><br \/>\n7501230033040 <\/strong>VERDE ORO 330<strong><br \/>\n7501230033743 <\/strong>ROSA MEXICANO 337<strong><br \/>\n7501230034245 <\/strong>MAGENTA 342<strong><br \/>\n7501230033644 <\/strong>VERDE OLIVO 336<strong><br \/>\n7501230032340 <\/strong>CARMIN CLARO 323<strong><br \/>\n7501230032449 <\/strong>TURQUESA 324<strong><br \/>\n7501230031046 <\/strong>AZUL COBALTO 310<strong><br \/>\n7501230030544 <\/strong>ROJO OXIDO 305<\/p>\n<p>&nbsp;<\/p>\n<p>&nbsp;<\/p>\n","protected":false},"excerpt":{"rendered":"<p>Ideal para trabajos escolares.<\/p>\n","protected":false},"featured_media":19948,"comment_status":"open","ping_status":"closed","template":"","meta":{"_joinchat":[]},"product_brand":[7781],"product_cat":[5333,5460],"product_tag":[5461],"class_list":{"0":"post-16508","1":"product","2":"type-product","3":"status-publish","4":"has-post-thumbnail","6":"product_brand-politec","7":"product_cat-arte-y-manualidades","8":"product_cat-pinturas","9":"product_tag-pintura","11":"first","12":"instock","13":"shipping-taxable","14":"purchasable","15":"product-type-simple"},"post_mailing_queue_ids":[],"_links":{"self":[{"href":"https:\/\/laesfera.com.mx\/page\/wp-json\/wp\/v2\/product\/16508","targetHints":{"allow":["GET"]}}],"collection":[{"href":"https:\/\/laesfera.com.mx\/page\/wp-json\/wp\/v2\/product"}],"about":[{"href":"https:\/\/laesfera.com.mx\/page\/wp-json\/wp\/v2\/types\/product"}],"replies":[{"embeddable":true,"href":"https:\/\/laesfera.com.mx\/page\/wp-json\/wp\/v2\/comments?post=16508"}],"wp:featuredmedia":[{"embeddable":true,"href":"https:\/\/laesfera.com.mx\/page\/wp-json\/wp\/v2\/media\/19948"}],"wp:attachment":[{"href":"https:\/\/laesfera.com.mx\/page\/wp-json\/wp\/v2\/media?parent=16508"}],"wp:term":[{"taxonomy":"product_brand","embeddable":true,"href":"https:\/\/laesfera.com.mx\/page\/wp-json\/wp\/v2\/product_brand?post=16508"},{"taxonomy":"product_cat","embeddable":true,"href":"https:\/\/laesfera.com.mx\/page\/wp-json\/wp\/v2\/product_cat?post=16508"},{"taxonomy":"product_tag","embeddable":true,"href":"https:\/\/laesfera.com.mx\/page\/wp-json\/wp\/v2\/product_tag?post=16508"}],"curies":[{"name":"wp","href":"https:\/\/api.w.org\/{rel}","templated":true}]}}