{"id":16500,"date":"2021-03-10T12:24:43","date_gmt":"2021-03-10T18:24:43","guid":{"rendered":"https:\/\/laesfera.com.mx\/page\/?post_type=product&#038;p=16500"},"modified":"2025-05-08T15:29:15","modified_gmt":"2025-05-08T19:29:15","slug":"pintura-acrilica-politec-metalica-l700-100ml-plata","status":"publish","type":"product","link":"https:\/\/laesfera.com.mx\/page\/tienda\/pintura-acrilica-politec-metalica-l700-100ml-plata\/","title":{"rendered":"Pintura acr\u00edlica Politec met\u00e1lica L700 100ml plata"},"content":{"rendered":"<h4><strong>Pintura acr\u00edlica Politec met\u00e1lica L700 100ml plata<\/strong><\/h4>\n<p>&nbsp;<\/p>\n<p style=\"text-align: justify\">Acr\u00edlico politec no t\u00f3xico.<\/p>\n<p style=\"text-align: justify\">Colores indelebles para escolares, artesan\u00edas, carteles, manualidades y decoraci\u00f3n.<\/p>\n<p style=\"text-align: justify\">Elaborados con emulsi\u00f3n acr\u00edlica de gran adherencia a las superficies tanto r\u00edgidas como flexibles para poder pintar en papel, cart\u00f3n, madera, cemento, yeso, metales, unicel, tela, cer\u00e1mica.<\/p>\n<p style=\"text-align: justify\">De acabado mate y alto rendimiento por su gran capacidad cubriente.<\/p>\n<p style=\"text-align: justify\">Solubles en agua y resistentes a la misma, una vez secos.<\/p>\n<p style=\"text-align: justify\">No se mezcle con solventes.<\/p>\n<p>&nbsp;<\/p>\n<p>&nbsp;<\/p>\n<p style=\"text-align: justify\"><strong>Marca:<\/strong> Politec<br \/>\n<strong>Contenido:<\/strong> 100 ml<br \/>\n<strong>Color:\u00a0<\/strong>Plata<br \/>\n<strong>Cve: <\/strong>7501139154709<\/p>\n<p>&nbsp;<\/p>\n","protected":false},"excerpt":{"rendered":"<p>Ideal para trabajos escolares.<\/p>\n","protected":false},"featured_media":20112,"comment_status":"open","ping_status":"closed","template":"","meta":{"_joinchat":[]},"product_brand":[7781],"product_cat":[5333,5460],"product_tag":[5461],"class_list":{"0":"post-16500","1":"product","2":"type-product","3":"status-publish","4":"has-post-thumbnail","6":"product_brand-politec","7":"product_cat-arte-y-manualidades","8":"product_cat-pinturas","9":"product_tag-pintura","11":"first","12":"instock","13":"shipping-taxable","14":"purchasable","15":"product-type-simple"},"post_mailing_queue_ids":[],"_links":{"self":[{"href":"https:\/\/laesfera.com.mx\/page\/wp-json\/wp\/v2\/product\/16500","targetHints":{"allow":["GET"]}}],"collection":[{"href":"https:\/\/laesfera.com.mx\/page\/wp-json\/wp\/v2\/product"}],"about":[{"href":"https:\/\/laesfera.com.mx\/page\/wp-json\/wp\/v2\/types\/product"}],"replies":[{"embeddable":true,"href":"https:\/\/laesfera.com.mx\/page\/wp-json\/wp\/v2\/comments?post=16500"}],"wp:featuredmedia":[{"embeddable":true,"href":"https:\/\/laesfera.com.mx\/page\/wp-json\/wp\/v2\/media\/20112"}],"wp:attachment":[{"href":"https:\/\/laesfera.com.mx\/page\/wp-json\/wp\/v2\/media?parent=16500"}],"wp:term":[{"taxonomy":"product_brand","embeddable":true,"href":"https:\/\/laesfera.com.mx\/page\/wp-json\/wp\/v2\/product_brand?post=16500"},{"taxonomy":"product_cat","embeddable":true,"href":"https:\/\/laesfera.com.mx\/page\/wp-json\/wp\/v2\/product_cat?post=16500"},{"taxonomy":"product_tag","embeddable":true,"href":"https:\/\/laesfera.com.mx\/page\/wp-json\/wp\/v2\/product_tag?post=16500"}],"curies":[{"name":"wp","href":"https:\/\/api.w.org\/{rel}","templated":true}]}}