{"id":15526,"date":"2020-12-10T17:04:47","date_gmt":"2020-12-10T23:04:47","guid":{"rendered":"https:\/\/laesfera.com.mx\/page\/?post_type=product&#038;p=15526"},"modified":"2025-07-17T15:16:10","modified_gmt":"2025-07-17T19:16:10","slug":"locker-metalico-3-puertas-mod-lm-3133","status":"publish","type":"product","link":"https:\/\/laesfera.com.mx\/page\/tienda\/locker-metalico-3-puertas-mod-lm-3133\/","title":{"rendered":"Locker met\u00e1lico 3 puertas mod. LM-3133"},"content":{"rendered":"<p><strong>Locker met\u00e1lico 3 puertas mod. LM-3133<\/strong><\/p>\n<p>&nbsp;<\/p>\n<ul>\n<li style=\"text-align: justify\">Locker met\u00e1lico de 3 puertas<\/li>\n<li style=\"text-align: justify\">Puertas con malla total construida con rombos de 15 mm la cual permite revisar el interior sin tener que abrir<\/li>\n<li style=\"text-align: justify\">Cada compartimento incluye un perchero de doble gancho fabricado en l\u00e1mina calibre 14 decapada.<\/li>\n<li>Fabricado en l\u00e1mina calibre 24 rolado en fr\u00edo.<\/li>\n<li>Cuatro tacones en escuadra troqueladas fabricados el l\u00e1mina calibre 18.<\/li>\n<li>Tapa superior fabricada en l\u00e1mina calibre 24 rolado en fr\u00edo.<\/li>\n<li>Incluye porta candado fabricado en l\u00e1mina calibre 12 rolado caliente decapado para el asegurar el compartimento<\/li>\n<li>Jaladera fabricada en l\u00e1mina calibre 14 rolado caliente decapado.<\/li>\n<li>Terminado en pintura con aplicaci\u00f3n electrost\u00e1tica en f\u00f3rmula h\u00edbrido horneado a 190\u00b0.<\/li>\n<\/ul>\n<p>&nbsp;<\/p>\n<p><strong>Medidas:<\/strong><\/p>\n<ul>\n<li>Alto: 180 cm.<\/li>\n<li>Frente: 38 cm.<\/li>\n<li>Fondo: 45 cm.<\/li>\n<\/ul>\n<p>&nbsp;<\/p>\n<p>&nbsp;<\/p>\n<p><strong>Marca:<\/strong> PM<br \/>\n<strong>Modelo:\u00a0<\/strong>LM-3133<br \/>\n<strong>Cve:\u00a0<\/strong>OF 052<\/p>\n","protected":false},"excerpt":{"rendered":"<p>Ideal para escuelas, vestidores, almac\u00e9n, etc.<\/p>\n","protected":false},"featured_media":15527,"comment_status":"open","ping_status":"closed","template":"","meta":{"_joinchat":[]},"product_brand":[7876],"product_cat":[5581,5583,8],"product_tag":[7900,513],"class_list":{"0":"post-15526","1":"product","2":"type-product","3":"status-publish","4":"has-post-thumbnail","6":"product_brand-pm","7":"product_cat-gabinetes-y-lockers","8":"product_cat-lockers","9":"product_cat-muebles","10":"product_tag-cotizar","11":"product_tag-locker","13":"first","14":"instock","15":"shipping-taxable","16":"product-type-simple"},"post_mailing_queue_ids":[],"_links":{"self":[{"href":"https:\/\/laesfera.com.mx\/page\/wp-json\/wp\/v2\/product\/15526","targetHints":{"allow":["GET"]}}],"collection":[{"href":"https:\/\/laesfera.com.mx\/page\/wp-json\/wp\/v2\/product"}],"about":[{"href":"https:\/\/laesfera.com.mx\/page\/wp-json\/wp\/v2\/types\/product"}],"replies":[{"embeddable":true,"href":"https:\/\/laesfera.com.mx\/page\/wp-json\/wp\/v2\/comments?post=15526"}],"wp:featuredmedia":[{"embeddable":true,"href":"https:\/\/laesfera.com.mx\/page\/wp-json\/wp\/v2\/media\/15527"}],"wp:attachment":[{"href":"https:\/\/laesfera.com.mx\/page\/wp-json\/wp\/v2\/media?parent=15526"}],"wp:term":[{"taxonomy":"product_brand","embeddable":true,"href":"https:\/\/laesfera.com.mx\/page\/wp-json\/wp\/v2\/product_brand?post=15526"},{"taxonomy":"product_cat","embeddable":true,"href":"https:\/\/laesfera.com.mx\/page\/wp-json\/wp\/v2\/product_cat?post=15526"},{"taxonomy":"product_tag","embeddable":true,"href":"https:\/\/laesfera.com.mx\/page\/wp-json\/wp\/v2\/product_tag?post=15526"}],"curies":[{"name":"wp","href":"https:\/\/api.w.org\/{rel}","templated":true}]}}