{"id":15514,"date":"2020-12-05T10:52:19","date_gmt":"2020-12-05T16:52:19","guid":{"rendered":"https:\/\/laesfera.com.mx\/page\/?post_type=product&#038;p=15514"},"modified":"2025-11-06T20:21:05","modified_gmt":"2025-11-07T00:21:05","slug":"archivero-metalico-2-gavetas-13679","status":"publish","type":"product","link":"https:\/\/laesfera.com.mx\/page\/tienda\/archivero-metalico-2-gavetas-13679\/","title":{"rendered":"Archivero met\u00e1lico 2 gavetas Hirsh fijo 13679 negro"},"content":{"rendered":"<p><span style=\"color: #000000;\"><strong>Archivero met\u00e1lico 2 gavetas Hirsh fijo 13679 negro<\/strong><\/span><\/p>\n<p>&nbsp;<\/p>\n<p><span style=\"color: #000000;\">Archivero met\u00e1lico para todo tipo de espacios ejecutivos. <\/span><span style=\"color: #000000;\">Estructura met\u00e1lica con dos gavetas de almacenamiento; con cerradura y juego de llaves, convirti\u00e9ndola en el elemento ideal para sumar a cualquier tipo de espacio una dosis perfecta de comodidad y buen dise\u00f1o.<\/span><\/p>\n<p>&nbsp;<\/p>\n<p><span style=\"color: #000000;\"><strong>Dimensiones:<\/strong><\/span><\/p>\n<p><span style=\"color: #000000;\"><strong>Largo:<\/strong> 36 cm.<\/span><br \/>\n<span style=\"color: #000000;\"><strong>Ancho:<\/strong> 46 cm.<\/span><br \/>\n<span style=\"color: #000000;\"><strong>Alto:<\/strong> 69.5 cm.<\/span><\/p>\n<p>&nbsp;<\/p>\n<p><span style=\"color: #000000;\"><strong>Marca:<\/strong>Hirsh <\/span><br \/>\n<span style=\"color: #000000;\"><strong>Modelo: <\/strong>13679<\/span><br \/>\n<span style=\"color: #000000;\"><strong>Color:\u00a0<\/strong>Negro<\/span><br \/>\n<span style=\"color: #000000;\"><strong>Cve:\u00a0<\/strong>OF 074<\/span><\/p>\n","protected":false},"excerpt":{"rendered":"<p>Ideal para oficinas<\/p>\n","protected":false},"featured_media":15516,"comment_status":"open","ping_status":"closed","template":"","meta":{"_joinchat":[]},"product_brand":[7883],"product_cat":[74,7611,8],"product_tag":[7552,7900],"class_list":{"0":"post-15514","1":"product","2":"type-product","3":"status-publish","4":"has-post-thumbnail","6":"product_brand-hirsh","7":"product_cat-archiveros","8":"product_cat-archiverosygabinetes","9":"product_cat-muebles","10":"product_tag-archivero","11":"product_tag-cotizar","13":"first","14":"instock","15":"shipping-taxable","16":"product-type-simple"},"post_mailing_queue_ids":[],"_links":{"self":[{"href":"https:\/\/laesfera.com.mx\/page\/wp-json\/wp\/v2\/product\/15514","targetHints":{"allow":["GET"]}}],"collection":[{"href":"https:\/\/laesfera.com.mx\/page\/wp-json\/wp\/v2\/product"}],"about":[{"href":"https:\/\/laesfera.com.mx\/page\/wp-json\/wp\/v2\/types\/product"}],"replies":[{"embeddable":true,"href":"https:\/\/laesfera.com.mx\/page\/wp-json\/wp\/v2\/comments?post=15514"}],"wp:featuredmedia":[{"embeddable":true,"href":"https:\/\/laesfera.com.mx\/page\/wp-json\/wp\/v2\/media\/15516"}],"wp:attachment":[{"href":"https:\/\/laesfera.com.mx\/page\/wp-json\/wp\/v2\/media?parent=15514"}],"wp:term":[{"taxonomy":"product_brand","embeddable":true,"href":"https:\/\/laesfera.com.mx\/page\/wp-json\/wp\/v2\/product_brand?post=15514"},{"taxonomy":"product_cat","embeddable":true,"href":"https:\/\/laesfera.com.mx\/page\/wp-json\/wp\/v2\/product_cat?post=15514"},{"taxonomy":"product_tag","embeddable":true,"href":"https:\/\/laesfera.com.mx\/page\/wp-json\/wp\/v2\/product_tag?post=15514"}],"curies":[{"name":"wp","href":"https:\/\/api.w.org\/{rel}","templated":true}]}}