{"id":15412,"date":"2020-12-02T15:54:05","date_gmt":"2020-12-02T21:54:05","guid":{"rendered":"https:\/\/laesfera.com.mx\/page\/?post_type=product&#038;p=15412"},"modified":"2025-12-19T15:45:34","modified_gmt":"2025-12-19T19:45:34","slug":"cartucho-de-tinta-negro-hp-667-3ym79al","status":"publish","type":"product","link":"https:\/\/laesfera.com.mx\/page\/tienda\/cartucho-de-tinta-negro-hp-667-3ym79al\/","title":{"rendered":"Cartucho Negro HP 667"},"content":{"rendered":"<p><strong>Cartucho de tinta negro HP 667 (3YM79AL)\u00a0<\/strong><\/p>\n<p>&nbsp;<\/p>\n<ul>\n<li style=\"text-align: justify\">Aproveche las ventajas de la calidad superior de la tinta original HP a un precio asequible.<\/li>\n<li style=\"text-align: justify\">Cause una buena impresi\u00f3n gracias a los cartuchos de tinta original HP, que se dise\u00f1aron para ofrecer textos n\u00edtidos y definidos.<\/li>\n<li style=\"text-align: justify\">Imprima hasta el doble de p\u00e1ginas en negro y a color gracias a los cartuchos de tinta original HP de alto rendimiento.<\/li>\n<li style=\"text-align: justify\">Conf\u00ede en las tintas originales HP para obtener impresiones en color negro sobre papel liso que resisten la decoloraci\u00f3n.<\/li>\n<li style=\"text-align: justify\">Elija los cartuchos de tinta original HP especialmente dise\u00f1ados para funcionar con su impresora HP.<\/li>\n<li style=\"text-align: justify\">Complete sus proyectos con facilidad. Las alertas de bajo nivel de tinta pueden ayudarle a garantizar que no se quede sin tinta en el momento menos indicado.<\/li>\n<li style=\"text-align: justify\">Las tintas originales HP se dise\u00f1aron para ayudarle a imprimir de manera eficiente sin sacrificar la calidad.<\/li>\n<li>Compatibilidad: HP DeskJet Ink Advantage 1275, 2374, 2375, 2376, 2775, 2776, 6076, 6476, 6476<\/li>\n<li>Rendimiento: Hasta 120 p\u00e1ginas<\/li>\n<\/ul>\n<p>&nbsp;<\/p>\n<p>&nbsp;<\/p>\n<p><strong>Marca:\u00a0<\/strong>HP<br \/>\n<strong>Modelo:\u00a0<\/strong>3YM79AL<br \/>\n<strong>Color:\u00a0<\/strong>Negro<br \/>\n<strong>Cve:\u00a0<\/strong>193015522459<\/p>\n","protected":false},"excerpt":{"rendered":"<p>Cartucho de tinta<\/p>\n","protected":false},"featured_media":15414,"comment_status":"open","ping_status":"closed","template":"","meta":{"_joinchat":[]},"product_brand":[7822],"product_cat":[5421,6116,11],"product_tag":[2445,7900],"class_list":{"0":"post-15412","1":"product","2":"type-product","3":"status-publish","4":"has-post-thumbnail","6":"product_brand-hp","7":"product_cat-cartuchos","8":"product_cat-cartuchoshp","9":"product_cat-consumibles","10":"product_tag-cartucho","11":"product_tag-cotizar","13":"first","14":"instock","15":"shipping-taxable","16":"product-type-simple"},"post_mailing_queue_ids":[],"_links":{"self":[{"href":"https:\/\/laesfera.com.mx\/page\/wp-json\/wp\/v2\/product\/15412","targetHints":{"allow":["GET"]}}],"collection":[{"href":"https:\/\/laesfera.com.mx\/page\/wp-json\/wp\/v2\/product"}],"about":[{"href":"https:\/\/laesfera.com.mx\/page\/wp-json\/wp\/v2\/types\/product"}],"replies":[{"embeddable":true,"href":"https:\/\/laesfera.com.mx\/page\/wp-json\/wp\/v2\/comments?post=15412"}],"wp:featuredmedia":[{"embeddable":true,"href":"https:\/\/laesfera.com.mx\/page\/wp-json\/wp\/v2\/media\/15414"}],"wp:attachment":[{"href":"https:\/\/laesfera.com.mx\/page\/wp-json\/wp\/v2\/media?parent=15412"}],"wp:term":[{"taxonomy":"product_brand","embeddable":true,"href":"https:\/\/laesfera.com.mx\/page\/wp-json\/wp\/v2\/product_brand?post=15412"},{"taxonomy":"product_cat","embeddable":true,"href":"https:\/\/laesfera.com.mx\/page\/wp-json\/wp\/v2\/product_cat?post=15412"},{"taxonomy":"product_tag","embeddable":true,"href":"https:\/\/laesfera.com.mx\/page\/wp-json\/wp\/v2\/product_tag?post=15412"}],"curies":[{"name":"wp","href":"https:\/\/api.w.org\/{rel}","templated":true}]}}