{"id":14525,"date":"2020-10-12T08:28:54","date_gmt":"2020-10-12T14:28:54","guid":{"rendered":"https:\/\/laesfera.com.mx\/page\/?post_type=product&#038;p=14525"},"modified":"2026-02-12T04:13:29","modified_gmt":"2026-02-12T08:13:29","slug":"papel-transfer-para-telas-claras-mod-5912-kronaline-copia","status":"publish","type":"product","link":"https:\/\/laesfera.com.mx\/page\/tienda\/papel-transfer-para-telas-claras-mod-5912-kronaline-copia\/","title":{"rendered":"Papel transfer para telas claras mod. 5912 Kronaline"},"content":{"rendered":"<p><strong>Papel transfer para telas claras mod. 5912 Kronaline<\/strong><\/p>\n<p>&nbsp;<\/p>\n<p style=\"text-align: justify\">Papel para transferencia de impresiones Inkjet a telas 100% algod\u00f3n oscuras, como: camisetas, sudaderas, gorras, banderines y mucho m\u00e1s, ideal para plasmar dise\u00f1os en las diferentes prendas de una manera pr\u00e1ctica y efectiva. La impresi\u00f3n tiene que ser imagen a espejo para que al momento de la transferencia se obtenga la imagen correcta, logrando crear incre\u00edbles resultados en casa, s\u00f3lo se requiere de una impresora Inkjet y una plancha.<\/p>\n<p><b>Caracter\u00edsticas:<\/b><\/p>\n<ul>\n<li>Excelente reproducci\u00f3n de color<\/li>\n<li>Secado r\u00e1pido<\/li>\n<li>F\u00e1cil de utilizar<\/li>\n<li>Compatibilidad universal<\/li>\n<\/ul>\n<p><strong>Compatibilidad:<\/strong><\/p>\n<ul>\n<li>Compatible con todas las impresoras Inkjet Desktop con tintas Dye y Pigmentadas.<\/li>\n<\/ul>\n<p>&nbsp;<\/p>\n<p>&nbsp;<\/p>\n<p><strong>Marca:\u00a0<\/strong>Kronaline<br \/>\n<strong>Modelo:\u00a0<\/strong>5912<br \/>\n<strong>Cve:\u00a0<\/strong>792949053000<\/p>\n","protected":false},"excerpt":{"rendered":"<p>Papel para telas claras<\/p>\n","protected":false},"featured_media":14524,"comment_status":"open","ping_status":"closed","template":"","meta":{"_joinchat":[]},"product_brand":[7828],"product_cat":[9,6952],"product_tag":[7526],"class_list":{"0":"post-14525","1":"product","2":"type-product","3":"status-publish","4":"has-post-thumbnail","6":"product_brand-kronaline","7":"product_cat-oficina","8":"product_cat-papelparaimpresion","9":"product_tag-papel-transfer","11":"first","12":"instock","13":"shipping-taxable","14":"purchasable","15":"product-type-simple"},"post_mailing_queue_ids":[],"_links":{"self":[{"href":"https:\/\/laesfera.com.mx\/page\/wp-json\/wp\/v2\/product\/14525","targetHints":{"allow":["GET"]}}],"collection":[{"href":"https:\/\/laesfera.com.mx\/page\/wp-json\/wp\/v2\/product"}],"about":[{"href":"https:\/\/laesfera.com.mx\/page\/wp-json\/wp\/v2\/types\/product"}],"replies":[{"embeddable":true,"href":"https:\/\/laesfera.com.mx\/page\/wp-json\/wp\/v2\/comments?post=14525"}],"wp:featuredmedia":[{"embeddable":true,"href":"https:\/\/laesfera.com.mx\/page\/wp-json\/wp\/v2\/media\/14524"}],"wp:attachment":[{"href":"https:\/\/laesfera.com.mx\/page\/wp-json\/wp\/v2\/media?parent=14525"}],"wp:term":[{"taxonomy":"product_brand","embeddable":true,"href":"https:\/\/laesfera.com.mx\/page\/wp-json\/wp\/v2\/product_brand?post=14525"},{"taxonomy":"product_cat","embeddable":true,"href":"https:\/\/laesfera.com.mx\/page\/wp-json\/wp\/v2\/product_cat?post=14525"},{"taxonomy":"product_tag","embeddable":true,"href":"https:\/\/laesfera.com.mx\/page\/wp-json\/wp\/v2\/product_tag?post=14525"}],"curies":[{"name":"wp","href":"https:\/\/api.w.org\/{rel}","templated":true}]}}