{"id":1385,"date":"2017-03-29T18:22:53","date_gmt":"2017-03-30T00:22:53","guid":{"rendered":"http:\/\/laesfera.com.mx\/page\/?post_type=product&#038;p=1385"},"modified":"2025-07-17T15:14:24","modified_gmt":"2025-07-17T19:14:24","slug":"archivero-metalico-hisrh-2-gavetas-con-ruedas","status":"publish","type":"product","link":"https:\/\/laesfera.com.mx\/page\/tienda\/archivero-metalico-hisrh-2-gavetas-con-ruedas\/","title":{"rendered":"Archivero met\u00e1lico Hirsh 2 gavetas con ruedas gris"},"content":{"rendered":"<p><strong>Archivero met\u00e1lico Hirsh 2 gavetas con ruedas gris.<\/strong><\/p>\n<p>&nbsp;<\/p>\n<p style=\"text-align: justify\">Complementa tu negocio o lugar de trabajo con nuestro pr\u00e1ctico archivero met\u00e1lico, fabricado de metal, con 2 gavetas de archivado, cuenta con cerrojo de bloqueo y llaves, as\u00ed como rodajas en nylon negro para su f\u00e1cil acomodo.<\/p>\n<p><b>Caracter\u00edsticas<\/b><strong>:<\/strong><\/p>\n<ul>\n<li>Fabricado en metal<\/li>\n<li>Con 2 gavetas y un caj\u00f3n<\/li>\n<li>Bloqueo de cajones con llave<\/li>\n<li>Con rodajas en nylon negro<\/li>\n<\/ul>\n<p><strong>Dimensiones:<\/strong><\/p>\n<ul>\n<li><strong>Altura:<\/strong> 69 cm.<\/li>\n<li><strong>Frente:<\/strong> 36 cm.<\/li>\n<li><strong>Fondo:<\/strong> 46 cm.<\/li>\n<\/ul>\n<p>&nbsp;<\/p>\n<p><strong>Marca:<\/strong> Hirsh<br \/>\n<strong>Modelo:<\/strong> 15478<br \/>\n<strong>Color: <\/strong>Gris<br \/>\n<strong>Cve:\u00a0<\/strong>OF 072<\/p>\n","protected":false},"excerpt":{"rendered":"<p>Ideal para documentos.<\/p>\n","protected":false},"featured_media":19082,"comment_status":"open","ping_status":"closed","template":"","meta":{"_joinchat":[]},"product_brand":[7883],"product_cat":[74,8],"product_tag":[7552,7900,7659],"class_list":{"0":"post-1385","1":"product","2":"type-product","3":"status-publish","4":"has-post-thumbnail","6":"product_brand-hirsh","7":"product_cat-archiveros","8":"product_cat-muebles","9":"product_tag-archivero","10":"product_tag-cotizar","11":"product_tag-mbl","13":"first","14":"instock","15":"shipping-taxable","16":"product-type-simple"},"post_mailing_queue_ids":[],"_links":{"self":[{"href":"https:\/\/laesfera.com.mx\/page\/wp-json\/wp\/v2\/product\/1385","targetHints":{"allow":["GET"]}}],"collection":[{"href":"https:\/\/laesfera.com.mx\/page\/wp-json\/wp\/v2\/product"}],"about":[{"href":"https:\/\/laesfera.com.mx\/page\/wp-json\/wp\/v2\/types\/product"}],"replies":[{"embeddable":true,"href":"https:\/\/laesfera.com.mx\/page\/wp-json\/wp\/v2\/comments?post=1385"}],"wp:featuredmedia":[{"embeddable":true,"href":"https:\/\/laesfera.com.mx\/page\/wp-json\/wp\/v2\/media\/19082"}],"wp:attachment":[{"href":"https:\/\/laesfera.com.mx\/page\/wp-json\/wp\/v2\/media?parent=1385"}],"wp:term":[{"taxonomy":"product_brand","embeddable":true,"href":"https:\/\/laesfera.com.mx\/page\/wp-json\/wp\/v2\/product_brand?post=1385"},{"taxonomy":"product_cat","embeddable":true,"href":"https:\/\/laesfera.com.mx\/page\/wp-json\/wp\/v2\/product_cat?post=1385"},{"taxonomy":"product_tag","embeddable":true,"href":"https:\/\/laesfera.com.mx\/page\/wp-json\/wp\/v2\/product_tag?post=1385"}],"curies":[{"name":"wp","href":"https:\/\/api.w.org\/{rel}","templated":true}]}}