{"id":13817,"date":"2020-09-29T08:55:06","date_gmt":"2020-09-29T14:55:06","guid":{"rendered":"https:\/\/laesfera.com.mx\/page\/?post_type=product&#038;p=13817"},"modified":"2025-05-08T15:56:32","modified_gmt":"2025-05-08T19:56:32","slug":"pintura-politec-blanco-titanio-301-100ml","status":"publish","type":"product","link":"https:\/\/laesfera.com.mx\/page\/tienda\/pintura-politec-blanco-titanio-301-100ml\/","title":{"rendered":"Pintura acr\u00edlica Politec L300 100 ml varios colores"},"content":{"rendered":"<p><strong>Pintura acr\u00edlica Politec L300 100 ml varios colores<\/strong><\/p>\n<p>&nbsp;<\/p>\n<p style=\"text-align: justify\">Acr\u00edlico politec no t\u00f3xico.<\/p>\n<p style=\"text-align: justify\">Colores indelebles para escolares, artesan\u00edas, carteles, manualidades y decoraci\u00f3n.<\/p>\n<p style=\"text-align: justify\">Elaborados con emulsi\u00f3n acr\u00edlica de gran adherencia a las superficies tanto r\u00edgidas como flexibles para poder pintar en papel, cart\u00f3n, madera, cemento, yeso, metales, unicel, tela, cer\u00e1mica.<\/p>\n<p style=\"text-align: justify\">De acabado mate y alto rendimiento por su gran capacidad cubriente.<\/p>\n<p style=\"text-align: justify\">Solubles en agua y resistentes a la misma, una vez secos.<\/p>\n<p style=\"text-align: justify\">No se mezcle con solventes.<\/p>\n<p>&nbsp;<\/p>\n<p>&nbsp;<\/p>\n<p style=\"text-align: justify\"><strong>Marca:<\/strong> Politec<br \/>\n<strong>Contenido:<\/strong> 100 ml<br \/>\n<strong>Color:<\/strong><\/p>\n<p><strong>7501230031930<\/strong> CARMIN 319<br \/>\n<strong>7501230031633<\/strong> AZUL PASTEL 316<br \/>\n<strong>7501230033330<\/strong> VERDE PALIDO 333<br \/>\n<strong>7501230032937<\/strong> AMARILLO PASTE 329<br \/>\n<strong>7501230032838<\/strong> VERDE HOJA 328<br \/>\n<strong>7501230032333<\/strong> CARMIN CLARO 323<br \/>\n<strong>7501230032432<\/strong> TURQUESA 324<br \/>\n<strong>7501230032234<\/strong> CARNE MED 100 ML 322<br \/>\n<strong>7501230030339<\/strong> OCRE 303<br \/>\n<strong>7501230030230<\/strong> NEGRO INTENSO 302<br \/>\n<strong>7501230030438<\/strong> SOMBRA CAFE 304<br \/>\n<strong>7501230031039<\/strong> AZUL COBALTO 310<br \/>\n<strong>7501230031138<\/strong> VIOLETA CLARO 311<br \/>\n<strong>7501230030735<\/strong> LIMON HANZA 307<br \/>\n<strong>7501230033538<\/strong> MALVA 335<br \/>\n<strong>7501230033033<\/strong> VERDE ORO 330<br \/>\n<strong>7501230033637<\/strong> VERDE OLIVO 336<br \/>\n<strong>7501230033736<\/strong> ROSA MEXICANO 337<br \/>\n<strong>7501230033835<\/strong> PALO DE ROSA 338<br \/>\n<strong>7501230034238<\/strong> MAGENTA 342<br \/>\n<strong>7501230031732<\/strong> GRIS 317<br \/>\n<strong>7501230030537<\/strong> ROJO OXIDO 305<br \/>\n<strong>7501230030636<\/strong> VERDE OSCURO 306<br \/>\n<strong>7501230030131<\/strong> BLANCO TITANIO 301<br \/>\n<strong>7501230030933<\/strong> ROJO TOLUIDINO 309<br \/>\n<strong>7501230030834<\/strong> NARANJA 308<br \/>\n<strong>7501230031336<\/strong> AZUL CELESTE 313<br \/>\n<strong>7501230031237<\/strong> VERDE CLARO 312<br \/>\n<strong>7501230031534<\/strong> AZUL ULTRAMAR 315<br \/>\n<strong>7501230031435<\/strong> ROJO 314<br \/>\n<strong>7501230032135<\/strong> ROSA 321<br \/>\n<strong>7501230031831<\/strong> AMARILLO MED 318<br \/>\n<strong>7501230032036<\/strong> CREMA 320<br \/>\n<strong>7501230032531<\/strong> VERDE NILO 325<br \/>\n<strong>7501230032630<\/strong> ROSA PASTEL 326<br \/>\n<strong>7501230032739<\/strong> AMARILLO CLARO 327<br \/>\n<strong>7501230033439<\/strong> MORADO 334<br \/>\n<strong>7501230033934<\/strong> CANELA 339<\/p>\n<p style=\"text-align: justify\"><strong>Cve: <\/strong>7501230030131<\/p>\n","protected":false},"excerpt":{"rendered":"<p>Ideal para trabajos escolares.<\/p>\n","protected":false},"featured_media":20108,"comment_status":"open","ping_status":"closed","template":"","meta":{"_joinchat":[]},"product_brand":[7781],"product_cat":[5333,5460],"product_tag":[5461],"class_list":{"0":"post-13817","1":"product","2":"type-product","3":"status-publish","4":"has-post-thumbnail","6":"product_brand-politec","7":"product_cat-arte-y-manualidades","8":"product_cat-pinturas","9":"product_tag-pintura","11":"first","12":"outofstock","13":"shipping-taxable","14":"purchasable","15":"product-type-simple"},"post_mailing_queue_ids":[],"_links":{"self":[{"href":"https:\/\/laesfera.com.mx\/page\/wp-json\/wp\/v2\/product\/13817","targetHints":{"allow":["GET"]}}],"collection":[{"href":"https:\/\/laesfera.com.mx\/page\/wp-json\/wp\/v2\/product"}],"about":[{"href":"https:\/\/laesfera.com.mx\/page\/wp-json\/wp\/v2\/types\/product"}],"replies":[{"embeddable":true,"href":"https:\/\/laesfera.com.mx\/page\/wp-json\/wp\/v2\/comments?post=13817"}],"wp:featuredmedia":[{"embeddable":true,"href":"https:\/\/laesfera.com.mx\/page\/wp-json\/wp\/v2\/media\/20108"}],"wp:attachment":[{"href":"https:\/\/laesfera.com.mx\/page\/wp-json\/wp\/v2\/media?parent=13817"}],"wp:term":[{"taxonomy":"product_brand","embeddable":true,"href":"https:\/\/laesfera.com.mx\/page\/wp-json\/wp\/v2\/product_brand?post=13817"},{"taxonomy":"product_cat","embeddable":true,"href":"https:\/\/laesfera.com.mx\/page\/wp-json\/wp\/v2\/product_cat?post=13817"},{"taxonomy":"product_tag","embeddable":true,"href":"https:\/\/laesfera.com.mx\/page\/wp-json\/wp\/v2\/product_tag?post=13817"}],"curies":[{"name":"wp","href":"https:\/\/api.w.org\/{rel}","templated":true}]}}