{"id":13740,"date":"2020-09-25T14:03:33","date_gmt":"2020-09-25T20:03:33","guid":{"rendered":"https:\/\/laesfera.com.mx\/page\/?post_type=product&#038;p=13740"},"modified":"2025-05-20T12:50:39","modified_gmt":"2025-05-20T16:50:39","slug":"plumon-stabilo-boss-pastel-varios-colores","status":"publish","type":"product","link":"https:\/\/laesfera.com.mx\/page\/tienda\/plumon-stabilo-boss-pastel-varios-colores\/","title":{"rendered":"Plum\u00f3n Stabilo boss pastel varios colores."},"content":{"rendered":"<p><b>Plum\u00f3n<\/b><strong>\u00a0Stabilo boss pastel varios colores<\/strong><\/p>\n<p>&nbsp;<\/p>\n<p style=\"text-align: justify\">El STABILO BOSS ORIGINAL Pastel es un fluorescente pero diferente. Sus suaves colores le dan a su uso un look sutil y estiloso. Sus 6 colores hacen que siempre encuentres uno para tu estado de \u00e1nimo.<\/p>\n<p>&nbsp;<\/p>\n<p style=\"text-align: justify\">Su gama es ahora a\u00fan m\u00e1s din\u00e1mica con la introducci\u00f3n de 6 nuevos colores: toque de turquesa, pizca de menta, melocot\u00f3n sedoso, rubor rosa, amarillo cremoso y brisa violeta. Un marcador para aquellos que prefieren los colores suaves y cremosos.<\/p>\n<p style=\"text-align: justify\">Son m\u00e1s que un subrayador funcional, son accesorios de moda que te permiten expresarte.<\/p>\n<p>&nbsp;<\/p>\n<p><b>Caracter\u00edsticas:<\/b><\/p>\n<ul>\n<li>Un cl\u00e1sico con dise\u00f1o incomparable, desde 1971.<\/li>\n<li>Tecnolog\u00eda Anti secado STABILO: 4 horas de protecci\u00f3n anti secado para concentrarse en el trabajo.<\/li>\n<li>El \u00fanico marcador en 6 atractivos colores pastel.<\/li>\n<li>2 anchos de trazo 2 + 5 mm.<\/li>\n<li>Tinta con base acuosa.<\/li>\n<li>Calidad robusta que asegura su larga duraci\u00f3n.<\/li>\n<\/ul>\n<p>&nbsp;<\/p>\n<p>&nbsp;<\/p>\n<p><strong>Marca:\u00a0<\/strong>Stabilo<br \/>\n<strong>Modelo:\u00a0<\/strong>Boss pastel<br \/>\n<strong>Colores:\u00a0<\/strong>Toque de turquesa, pizca de menta, melocot\u00f3n sedoso, rubor rosa, amarillo cremoso y brisa violeta.<br \/>\n<strong>Cve:<br \/>\nToque de turquesa:<\/strong> 4006381492324<br \/>\n<strong>Pizca de menta:<\/strong> 4006381492263<br \/>\n<strong>Melocot\u00f3n sedoso:<\/strong> 4006381492386<br \/>\n<strong>Rubor rosa:<\/strong> 4006381492294<br \/>\n<strong>Amarillo cremoso:<\/strong> 4006381492416<br \/>\n<strong>Brisa violeta:<\/strong> 4006381492355<\/p>\n","protected":false},"excerpt":{"rendered":"<p>Plum\u00f3n Stabilo de color pastel<\/p>\n","protected":false},"featured_media":13746,"comment_status":"open","ping_status":"closed","template":"","meta":{"_joinchat":[]},"product_brand":[7830],"product_cat":[5530,5533,5161,5534],"product_tag":[7373],"class_list":{"0":"post-13740","1":"product","2":"type-product","3":"status-publish","4":"has-post-thumbnail","6":"product_brand-stabilo","7":"product_cat-escritura","8":"product_cat-marcatextos","9":"product_cat-papeleria","10":"product_cat-plumones-y-marcadores","11":"product_tag-marcador","13":"first","14":"instock","15":"shipping-taxable","16":"purchasable","17":"product-type-simple"},"post_mailing_queue_ids":[],"_links":{"self":[{"href":"https:\/\/laesfera.com.mx\/page\/wp-json\/wp\/v2\/product\/13740","targetHints":{"allow":["GET"]}}],"collection":[{"href":"https:\/\/laesfera.com.mx\/page\/wp-json\/wp\/v2\/product"}],"about":[{"href":"https:\/\/laesfera.com.mx\/page\/wp-json\/wp\/v2\/types\/product"}],"replies":[{"embeddable":true,"href":"https:\/\/laesfera.com.mx\/page\/wp-json\/wp\/v2\/comments?post=13740"}],"wp:featuredmedia":[{"embeddable":true,"href":"https:\/\/laesfera.com.mx\/page\/wp-json\/wp\/v2\/media\/13746"}],"wp:attachment":[{"href":"https:\/\/laesfera.com.mx\/page\/wp-json\/wp\/v2\/media?parent=13740"}],"wp:term":[{"taxonomy":"product_brand","embeddable":true,"href":"https:\/\/laesfera.com.mx\/page\/wp-json\/wp\/v2\/product_brand?post=13740"},{"taxonomy":"product_cat","embeddable":true,"href":"https:\/\/laesfera.com.mx\/page\/wp-json\/wp\/v2\/product_cat?post=13740"},{"taxonomy":"product_tag","embeddable":true,"href":"https:\/\/laesfera.com.mx\/page\/wp-json\/wp\/v2\/product_tag?post=13740"}],"curies":[{"name":"wp","href":"https:\/\/api.w.org\/{rel}","templated":true}]}}