{"id":13653,"date":"2020-09-23T11:34:23","date_gmt":"2020-09-23T17:34:23","guid":{"rendered":"https:\/\/laesfera.com.mx\/page\/?post_type=product&#038;p=13653"},"modified":"2025-07-07T15:41:09","modified_gmt":"2025-07-07T19:41:09","slug":"juego-de-12-colores-de-pinturas-al-oleo-rodart","status":"publish","type":"product","link":"https:\/\/laesfera.com.mx\/page\/tienda\/juego-de-12-colores-de-pinturas-al-oleo-rodart\/","title":{"rendered":"Juego de 12 colores de pinturas al \u00f3leo Rodart"},"content":{"rendered":"<p><strong>Juego de 12 colores de pinturas al \u00f3leo Rodart<\/strong><\/p>\n<p>&nbsp;<\/p>\n<p style=\"text-align: justify\">Juego de pinturas \u00d3leo Rodart con 12 tubos. Elaboradas con ingredientes de calidad. Siendo el \u00f3leo una de las pinturas de m\u00e1s tradici\u00f3n por su variedad de t\u00e9cnicas. Se puede mezclar entre si y aceptan medios para \u00f3leo.<\/p>\n<p><b>Caracter\u00edsticas:<\/b><\/p>\n<ul>\n<li>Alto nivel de pigmentaci\u00f3n.<\/li>\n<li>Buen poder cubriente.<\/li>\n<li>Consistencia uniforme.<\/li>\n<li>Buena resistencia a la luz.<\/li>\n<li>No son t\u00f3xicos.<\/li>\n<\/ul>\n<p>&nbsp;<\/p>\n<p>&nbsp;<\/p>\n<p><strong>Marca:\u00a0<\/strong>Rodin<br \/>\n<strong>Modelo:\u00a0<\/strong>Rodart<br \/>\n<b>Presentaci\u00f3n: <\/b>12 tubos de 12 ml c\/u<br \/>\n<strong>Cve:\u00a0<\/strong>7501139145462<\/p>\n","protected":false},"excerpt":{"rendered":"<p>Pinturas al oleo de alta pigmentaci\u00f3n<\/p>\n","protected":false},"featured_media":13655,"comment_status":"open","ping_status":"closed","template":"","meta":{"_joinchat":[]},"product_brand":[7834],"product_cat":[5333],"product_tag":[7477],"class_list":{"0":"post-13653","1":"product","2":"type-product","3":"status-publish","4":"has-post-thumbnail","6":"product_brand-rodin","7":"product_cat-arte-y-manualidades","8":"product_tag-oleo","10":"first","11":"instock","12":"shipping-taxable","13":"purchasable","14":"product-type-simple"},"post_mailing_queue_ids":[],"_links":{"self":[{"href":"https:\/\/laesfera.com.mx\/page\/wp-json\/wp\/v2\/product\/13653","targetHints":{"allow":["GET"]}}],"collection":[{"href":"https:\/\/laesfera.com.mx\/page\/wp-json\/wp\/v2\/product"}],"about":[{"href":"https:\/\/laesfera.com.mx\/page\/wp-json\/wp\/v2\/types\/product"}],"replies":[{"embeddable":true,"href":"https:\/\/laesfera.com.mx\/page\/wp-json\/wp\/v2\/comments?post=13653"}],"wp:featuredmedia":[{"embeddable":true,"href":"https:\/\/laesfera.com.mx\/page\/wp-json\/wp\/v2\/media\/13655"}],"wp:attachment":[{"href":"https:\/\/laesfera.com.mx\/page\/wp-json\/wp\/v2\/media?parent=13653"}],"wp:term":[{"taxonomy":"product_brand","embeddable":true,"href":"https:\/\/laesfera.com.mx\/page\/wp-json\/wp\/v2\/product_brand?post=13653"},{"taxonomy":"product_cat","embeddable":true,"href":"https:\/\/laesfera.com.mx\/page\/wp-json\/wp\/v2\/product_cat?post=13653"},{"taxonomy":"product_tag","embeddable":true,"href":"https:\/\/laesfera.com.mx\/page\/wp-json\/wp\/v2\/product_tag?post=13653"}],"curies":[{"name":"wp","href":"https:\/\/api.w.org\/{rel}","templated":true}]}}