{"id":13650,"date":"2020-09-23T11:01:04","date_gmt":"2020-09-23T17:01:04","guid":{"rendered":"https:\/\/laesfera.com.mx\/page\/?post_type=product&#038;p=13650"},"modified":"2025-07-19T15:15:04","modified_gmt":"2025-07-19T19:15:04","slug":"juego-de-espatulas-plasticas-atl-3-y-4","status":"publish","type":"product","link":"https:\/\/laesfera.com.mx\/page\/tienda\/juego-de-espatulas-plasticas-atl-3-y-4\/","title":{"rendered":"Juego de esp\u00e1tulas pl\u00e1sticas Atl 3 y 4"},"content":{"rendered":"<p><strong>Juego de esp\u00e1tulas pl\u00e1sticas Atl 3 y 4<\/strong><\/p>\n<p>&nbsp;<\/p>\n<ul>\n<li style=\"text-align: justify\">Incre\u00edble juego de esp\u00e1tulas pl\u00e1sticas del numero 3 y 4<\/li>\n<li style=\"text-align: justify\">Esp\u00e1tulas fabricadas con pl\u00e1stico resistente de gran calidad y flexible<\/li>\n<li style=\"text-align: justify\">Ideal para t\u00e9cnicas de pintura y decoraci\u00f3n<\/li>\n<\/ul>\n<p>&nbsp;<\/p>\n<p>&nbsp;<\/p>\n<p><strong>Marca:\u00a0<\/strong>Rodin<br \/>\n<strong>Modelo: <\/strong>3 y 4<br \/>\n<strong>Color:\u00a0<\/strong>Blanco<br \/>\n<strong>Cve:\u00a0<\/strong>7501139121947<\/p>\n","protected":false},"excerpt":{"rendered":"<p>ideal para pintura y decoraci\u00f3n<\/p>\n","protected":false},"featured_media":13651,"comment_status":"open","ping_status":"closed","template":"","meta":{"_joinchat":[]},"product_brand":[7834],"product_cat":[5333],"product_tag":[7480],"class_list":{"0":"post-13650","1":"product","2":"type-product","3":"status-publish","4":"has-post-thumbnail","6":"product_brand-rodin","7":"product_cat-arte-y-manualidades","8":"product_tag-espatulas","10":"first","11":"instock","12":"shipping-taxable","13":"purchasable","14":"product-type-simple"},"post_mailing_queue_ids":[],"_links":{"self":[{"href":"https:\/\/laesfera.com.mx\/page\/wp-json\/wp\/v2\/product\/13650","targetHints":{"allow":["GET"]}}],"collection":[{"href":"https:\/\/laesfera.com.mx\/page\/wp-json\/wp\/v2\/product"}],"about":[{"href":"https:\/\/laesfera.com.mx\/page\/wp-json\/wp\/v2\/types\/product"}],"replies":[{"embeddable":true,"href":"https:\/\/laesfera.com.mx\/page\/wp-json\/wp\/v2\/comments?post=13650"}],"wp:featuredmedia":[{"embeddable":true,"href":"https:\/\/laesfera.com.mx\/page\/wp-json\/wp\/v2\/media\/13651"}],"wp:attachment":[{"href":"https:\/\/laesfera.com.mx\/page\/wp-json\/wp\/v2\/media?parent=13650"}],"wp:term":[{"taxonomy":"product_brand","embeddable":true,"href":"https:\/\/laesfera.com.mx\/page\/wp-json\/wp\/v2\/product_brand?post=13650"},{"taxonomy":"product_cat","embeddable":true,"href":"https:\/\/laesfera.com.mx\/page\/wp-json\/wp\/v2\/product_cat?post=13650"},{"taxonomy":"product_tag","embeddable":true,"href":"https:\/\/laesfera.com.mx\/page\/wp-json\/wp\/v2\/product_tag?post=13650"}],"curies":[{"name":"wp","href":"https:\/\/api.w.org\/{rel}","templated":true}]}}