{"id":13625,"date":"2020-09-23T09:57:23","date_gmt":"2020-09-23T15:57:23","guid":{"rendered":"https:\/\/laesfera.com.mx\/page\/?post_type=product&#038;p=13625"},"modified":"2025-05-20T15:35:42","modified_gmt":"2025-05-20T19:35:42","slug":"tubo-de-oleo-atl-40-ml-tl-14-varios-colores","status":"publish","type":"product","link":"https:\/\/laesfera.com.mx\/page\/tienda\/tubo-de-oleo-atl-40-ml-tl-14-varios-colores\/","title":{"rendered":"Tubo de \u00f3leo ATL 40 ml TL-14 varios colores"},"content":{"rendered":"<p><strong>Tubo de \u00f3leo ATL 40 ml TL-14 varios colores<\/strong><\/p>\n<p>&nbsp;<\/p>\n<p style=\"text-align: justify\">Los tubos de \u00f3leo Atl son elaborados con los pigmentos m\u00e1s modernos y los mejores aceites altamente refinados que aseguran un amarillamiento m\u00ednimo.<\/p>\n<p style=\"text-align: justify\">Su consistencia de pasta cremosa permite aplicarlos\u00a0 con brocha y esp\u00e1tula, sobre superficies preparadas con gesso (imprimador acr\u00edlico), conservando la textura y forma.<\/p>\n<p style=\"text-align: justify\">Aceptan el acondicionamiento de todos los medios para \u00f3leo.<\/p>\n<p><strong>Contenido:\u00a0<\/strong>40 ml<\/p>\n<p>&nbsp;<\/p>\n<p>&nbsp;<\/p>\n<p><strong>Marca:\u00a0<\/strong>Atl<br \/>\n<strong>Contenido:\u00a0<\/strong>40 ml<br \/>\n<b>Cve:<\/b><br \/>\n<b>Blanco titanio: <\/b>7501139111115<br \/>\n<strong>Blanco de zinc:<\/strong> 7501139111108<br \/>\n<strong>Tinta carne:<\/strong> 7501139111085<br \/>\n<strong>Amarillo ocre:<\/strong> 7501139111078<br \/>\n<strong>Siena natural:<\/strong> 7501139111061<br \/>\n<strong>Siena tostada:<\/strong> 7501139111054<br \/>\n<strong>Sombra natural:<\/strong> 750113911047<br \/>\n<strong>Sombra tostada:<\/strong> 7501139111030<br \/>\n<strong>Asfalto:<\/strong>\u00a07501139111009<br \/>\n<strong>Violeta:<\/strong> 7501139110996<br \/>\n<strong>Verde amarillento:<\/strong> 7501139110897<br \/>\n<b>Carm\u00edn:<\/b> 7501139110859<br \/>\n<strong>Rojo:<\/strong> 7501139110842<br \/>\n<strong>Naranja:<\/strong> 7501139110828<br \/>\n<strong>Amarillo oscuro:<\/strong> 7501139110811<br \/>\n<strong>Amarillo medio:<\/strong> 7501139110804<br \/>\n<strong>Amarillo:<\/strong> 7501139110798<br \/>\n<strong>Negro marfil:\u00a0<\/strong>7501139111092<\/p>\n","protected":false},"excerpt":{"rendered":"<p>tubo de \u00f3leo de 40 ml<\/p>\n","protected":false},"featured_media":13642,"comment_status":"open","ping_status":"closed","template":"","meta":{"_joinchat":[]},"product_brand":[7835],"product_cat":[5333,5460],"product_tag":[7477],"class_list":{"0":"post-13625","1":"product","2":"type-product","3":"status-publish","4":"has-post-thumbnail","6":"product_brand-atl","7":"product_cat-arte-y-manualidades","8":"product_cat-pinturas","9":"product_tag-oleo","11":"first","12":"instock","13":"shipping-taxable","14":"purchasable","15":"product-type-simple"},"post_mailing_queue_ids":[],"_links":{"self":[{"href":"https:\/\/laesfera.com.mx\/page\/wp-json\/wp\/v2\/product\/13625","targetHints":{"allow":["GET"]}}],"collection":[{"href":"https:\/\/laesfera.com.mx\/page\/wp-json\/wp\/v2\/product"}],"about":[{"href":"https:\/\/laesfera.com.mx\/page\/wp-json\/wp\/v2\/types\/product"}],"replies":[{"embeddable":true,"href":"https:\/\/laesfera.com.mx\/page\/wp-json\/wp\/v2\/comments?post=13625"}],"wp:featuredmedia":[{"embeddable":true,"href":"https:\/\/laesfera.com.mx\/page\/wp-json\/wp\/v2\/media\/13642"}],"wp:attachment":[{"href":"https:\/\/laesfera.com.mx\/page\/wp-json\/wp\/v2\/media?parent=13625"}],"wp:term":[{"taxonomy":"product_brand","embeddable":true,"href":"https:\/\/laesfera.com.mx\/page\/wp-json\/wp\/v2\/product_brand?post=13625"},{"taxonomy":"product_cat","embeddable":true,"href":"https:\/\/laesfera.com.mx\/page\/wp-json\/wp\/v2\/product_cat?post=13625"},{"taxonomy":"product_tag","embeddable":true,"href":"https:\/\/laesfera.com.mx\/page\/wp-json\/wp\/v2\/product_tag?post=13625"}],"curies":[{"name":"wp","href":"https:\/\/api.w.org\/{rel}","templated":true}]}}