{"id":13620,"date":"2020-09-22T11:45:01","date_gmt":"2020-09-22T17:45:01","guid":{"rendered":"https:\/\/laesfera.com.mx\/page\/?post_type=product&#038;p=13620"},"modified":"2025-07-17T15:21:44","modified_gmt":"2025-07-17T19:21:44","slug":"placa-de-unicel-100-cm-x-50-cm-x-2-cm","status":"publish","type":"product","link":"https:\/\/laesfera.com.mx\/page\/tienda\/placa-de-unicel-100-cm-x-50-cm-x-2-cm\/","title":{"rendered":"Placa de unicel 100 cm x 50 cm x 2 cm"},"content":{"rendered":"<p><strong>Placa de unicel 100 cm x 50 cm x 2 cm<\/strong><\/p>\n<p>&nbsp;<\/p>\n<p style=\"text-align: justify\">Placa de unicel, proporciona ligereza y practicidad durante la instalaci\u00f3n y construcci\u00f3n de muros. Tambi\u00e9n puede ser utilizado para realizar manualidades como: cuadros, dibujos a escala, letreros, etc.<\/p>\n<p style=\"text-align: justify\">Entre las diversas propiedades del unicel esta su ligereza, resistencia, aislamiento t\u00e9rmico y ac\u00fastico, caracter\u00edsticas que lo han convertido en un material ideal para la industria de la construcci\u00f3n; implementar su uso puede ahorrar hasta 41% de materiales y energ\u00eda.<\/p>\n<p><strong>Medidas;<\/strong><\/p>\n<ul>\n<li><strong>Alto: <\/strong>100 cm<\/li>\n<li><strong>Largo: <\/strong>50 cm<\/li>\n<li><strong>Ancho: <\/strong>2 cm<\/li>\n<\/ul>\n<p>&nbsp;<\/p>\n<p>&nbsp;<\/p>\n<p><strong>Marca:\u00a0<\/strong>Naviempaques<br \/>\n<strong>Modelo:\u00a0<\/strong>100502<br \/>\n<strong>Color:\u00a0<\/strong>Blanco<br \/>\n<strong>Cve:\u00a0<\/strong>7501199472611<\/p>\n","protected":false},"excerpt":{"rendered":"<p>Ideal para manualidades o construcci\u00f3n<\/p>\n","protected":false},"featured_media":13617,"comment_status":"open","ping_status":"closed","template":"","meta":{"_joinchat":[]},"product_brand":[7878],"product_cat":[5232,5161],"product_tag":[7900,7475],"class_list":{"0":"post-13620","1":"product","2":"type-product","3":"status-publish","4":"has-post-thumbnail","6":"product_brand-naviempaques","7":"product_cat-accesorios-escolares","8":"product_cat-papeleria","9":"product_tag-cotizar","10":"product_tag-placa-de-unicel","12":"first","13":"instock","14":"shipping-taxable","15":"product-type-simple"},"post_mailing_queue_ids":[],"_links":{"self":[{"href":"https:\/\/laesfera.com.mx\/page\/wp-json\/wp\/v2\/product\/13620","targetHints":{"allow":["GET"]}}],"collection":[{"href":"https:\/\/laesfera.com.mx\/page\/wp-json\/wp\/v2\/product"}],"about":[{"href":"https:\/\/laesfera.com.mx\/page\/wp-json\/wp\/v2\/types\/product"}],"replies":[{"embeddable":true,"href":"https:\/\/laesfera.com.mx\/page\/wp-json\/wp\/v2\/comments?post=13620"}],"wp:featuredmedia":[{"embeddable":true,"href":"https:\/\/laesfera.com.mx\/page\/wp-json\/wp\/v2\/media\/13617"}],"wp:attachment":[{"href":"https:\/\/laesfera.com.mx\/page\/wp-json\/wp\/v2\/media?parent=13620"}],"wp:term":[{"taxonomy":"product_brand","embeddable":true,"href":"https:\/\/laesfera.com.mx\/page\/wp-json\/wp\/v2\/product_brand?post=13620"},{"taxonomy":"product_cat","embeddable":true,"href":"https:\/\/laesfera.com.mx\/page\/wp-json\/wp\/v2\/product_cat?post=13620"},{"taxonomy":"product_tag","embeddable":true,"href":"https:\/\/laesfera.com.mx\/page\/wp-json\/wp\/v2\/product_tag?post=13620"}],"curies":[{"name":"wp","href":"https:\/\/api.w.org\/{rel}","templated":true}]}}