{"id":13610,"date":"2020-09-22T11:59:38","date_gmt":"2020-09-22T17:59:38","guid":{"rendered":"https:\/\/laesfera.com.mx\/page\/?post_type=product&#038;p=13610"},"modified":"2025-09-29T19:13:46","modified_gmt":"2025-09-29T23:13:46","slug":"rollo-de-papel-bond-75-x-70-original","status":"publish","type":"product","link":"https:\/\/laesfera.com.mx\/page\/tienda\/rollo-de-papel-bond-75-x-70-original\/","title":{"rendered":"Rollo de papel bond 75 x 70 original"},"content":{"rendered":"<p><strong>Rollo de papel bond 75 x 70 original<\/strong><\/p>\n<p>&nbsp;<\/p>\n<p style=\"text-align: justify\">Los\u00a0rollos de papel bond est\u00e1n hechos a base de papel certificado lo que garantiza la mejor impresi\u00f3n y la durabilidad de la tinta, as\u00ed como el mejor desempe\u00f1o de los equipos de impresi\u00f3n lo que se traduce en mejores tiempos de espera en las filas y menor costo de mantenimiento de los equipos al usar rollos de papel de excelente calidad.<\/p>\n<p><strong>Medidas:\u00a0<\/strong><\/p>\n<ul>\n<li><strong>Ancho: <\/strong>75 mm.<\/li>\n<li><strong>Largo:\u00a0<\/strong>70 mt.<\/li>\n<\/ul>\n<p>&nbsp;<\/p>\n<p>&nbsp;<\/p>\n<p><strong>Marca:\u00a0<\/strong>PCM<br \/>\n<strong>Modelo:\u00a0<\/strong>B767<br \/>\n<strong>Color:\u00a0<\/strong>Blanco<br \/>\n<strong>Cve:\u00a0<\/strong>9789684620869<\/p>\n","protected":false},"excerpt":{"rendered":"<p>Rollo de papel bond original<\/p>\n","protected":false},"featured_media":13604,"comment_status":"open","ping_status":"closed","template":"","meta":{"_joinchat":[]},"product_brand":[7877],"product_cat":[9,6952,7521],"product_tag":[7474],"class_list":{"0":"post-13610","1":"product","2":"type-product","3":"status-publish","4":"has-post-thumbnail","6":"product_brand-pcm","7":"product_cat-oficina","8":"product_cat-papelparaimpresion","9":"product_cat-rollosparaimpresion","10":"product_tag-rollo","12":"first","13":"instock","14":"shipping-taxable","15":"purchasable","16":"product-type-simple"},"post_mailing_queue_ids":[],"_links":{"self":[{"href":"https:\/\/laesfera.com.mx\/page\/wp-json\/wp\/v2\/product\/13610","targetHints":{"allow":["GET"]}}],"collection":[{"href":"https:\/\/laesfera.com.mx\/page\/wp-json\/wp\/v2\/product"}],"about":[{"href":"https:\/\/laesfera.com.mx\/page\/wp-json\/wp\/v2\/types\/product"}],"replies":[{"embeddable":true,"href":"https:\/\/laesfera.com.mx\/page\/wp-json\/wp\/v2\/comments?post=13610"}],"wp:featuredmedia":[{"embeddable":true,"href":"https:\/\/laesfera.com.mx\/page\/wp-json\/wp\/v2\/media\/13604"}],"wp:attachment":[{"href":"https:\/\/laesfera.com.mx\/page\/wp-json\/wp\/v2\/media?parent=13610"}],"wp:term":[{"taxonomy":"product_brand","embeddable":true,"href":"https:\/\/laesfera.com.mx\/page\/wp-json\/wp\/v2\/product_brand?post=13610"},{"taxonomy":"product_cat","embeddable":true,"href":"https:\/\/laesfera.com.mx\/page\/wp-json\/wp\/v2\/product_cat?post=13610"},{"taxonomy":"product_tag","embeddable":true,"href":"https:\/\/laesfera.com.mx\/page\/wp-json\/wp\/v2\/product_tag?post=13610"}],"curies":[{"name":"wp","href":"https:\/\/api.w.org\/{rel}","templated":true}]}}