{"id":13499,"date":"2020-09-17T15:47:48","date_gmt":"2020-09-17T21:47:48","guid":{"rendered":"https:\/\/laesfera.com.mx\/page\/?post_type=product&#038;p=13499"},"modified":"2025-12-20T14:57:22","modified_gmt":"2025-12-20T18:57:22","slug":"pegamento-universal-liquido-uhu-20-ml","status":"publish","type":"product","link":"https:\/\/laesfera.com.mx\/page\/tienda\/pegamento-universal-liquido-uhu-20-ml\/","title":{"rendered":"Pegamento Universal Liquido UHU 20 ml"},"content":{"rendered":"<p><strong>Pegamento universal liquido UHU 20 ml<\/strong><\/p>\n<p>&nbsp;<\/p>\n<p><b>Caracter\u00edsticas<\/b><strong>;<\/strong><\/p>\n<ul>\n<li>L\u00edquido<\/li>\n<li>Transparente<\/li>\n<li>Secado r\u00e1pido<\/li>\n<li>Corregible temporalmente<\/li>\n<li>No arruga el papel<\/li>\n<\/ul>\n<p><strong>Apropiado para:\u00a0<\/strong><\/p>\n<p style=\"text-align: justify\">Todo tipo de material: pega madera, materiales basados en madera, pl\u00e1sticos (ABS, PVC duro y blando, plexigl\u00e1s, poliestireno, Resopal), metal, vidrio, porcelana, cer\u00e1mica, cuero, goma, fieltro, corcho, tela, cart\u00f3n, papel, etc.<\/p>\n<p>&nbsp;<\/p>\n<p>&nbsp;<\/p>\n<p><strong>Marca:\u00a0<\/strong>UHU<br \/>\n<strong>Modelo: <\/strong>El pegamento universal<br \/>\n<b>Presentaci\u00f3n:<\/b> 20 ml<br \/>\n<strong>Cve:\u00a0<\/strong>4026700424256<\/p>\n","protected":false},"excerpt":{"rendered":"<p>Pegamento para todo tipo de materiales<\/p>\n","protected":false},"featured_media":13500,"comment_status":"open","ping_status":"closed","template":"","meta":{"_joinchat":[]},"product_brand":[7838],"product_cat":[5979,6850,5976,5161],"product_tag":[6060],"class_list":{"0":"post-13499","1":"product","2":"type-product","3":"status-publish","4":"has-post-thumbnail","6":"product_brand-uhu","7":"product_cat-adhesivos","8":"product_cat-articulosescolares","9":"product_cat-cintaspvcyadhesivos","10":"product_cat-papeleria","11":"product_tag-pegamento","13":"first","14":"instock","15":"shipping-taxable","16":"purchasable","17":"product-type-simple"},"post_mailing_queue_ids":[],"_links":{"self":[{"href":"https:\/\/laesfera.com.mx\/page\/wp-json\/wp\/v2\/product\/13499","targetHints":{"allow":["GET"]}}],"collection":[{"href":"https:\/\/laesfera.com.mx\/page\/wp-json\/wp\/v2\/product"}],"about":[{"href":"https:\/\/laesfera.com.mx\/page\/wp-json\/wp\/v2\/types\/product"}],"replies":[{"embeddable":true,"href":"https:\/\/laesfera.com.mx\/page\/wp-json\/wp\/v2\/comments?post=13499"}],"wp:featuredmedia":[{"embeddable":true,"href":"https:\/\/laesfera.com.mx\/page\/wp-json\/wp\/v2\/media\/13500"}],"wp:attachment":[{"href":"https:\/\/laesfera.com.mx\/page\/wp-json\/wp\/v2\/media?parent=13499"}],"wp:term":[{"taxonomy":"product_brand","embeddable":true,"href":"https:\/\/laesfera.com.mx\/page\/wp-json\/wp\/v2\/product_brand?post=13499"},{"taxonomy":"product_cat","embeddable":true,"href":"https:\/\/laesfera.com.mx\/page\/wp-json\/wp\/v2\/product_cat?post=13499"},{"taxonomy":"product_tag","embeddable":true,"href":"https:\/\/laesfera.com.mx\/page\/wp-json\/wp\/v2\/product_tag?post=13499"}],"curies":[{"name":"wp","href":"https:\/\/api.w.org\/{rel}","templated":true}]}}