{"id":13469,"date":"2020-09-17T09:32:59","date_gmt":"2020-09-17T15:32:59","guid":{"rendered":"https:\/\/laesfera.com.mx\/page\/?post_type=product&#038;p=13469"},"modified":"2025-12-20T15:01:27","modified_gmt":"2025-12-20T19:01:27","slug":"acuarela-con-6-colores-pastel-pelikan","status":"publish","type":"product","link":"https:\/\/laesfera.com.mx\/page\/tienda\/acuarela-con-6-colores-pastel-pelikan\/","title":{"rendered":"Acuarela C\/6 Colores Pastel Pelikan"},"content":{"rendered":"<p><strong>Acuarela con 6 colores pastel Pelikan.<\/strong><\/p>\n<p>&nbsp;<\/p>\n<ul>\n<li style=\"text-align: justify\">paleta de cart\u00f3n con 6 pastillas de colores pastel.<\/li>\n<li style=\"text-align: justify\">Dise\u00f1o ergon\u00f3mico que facilita la sujeci\u00f3n.<\/li>\n<li style=\"text-align: justify\">Ideal para uso escolar.<\/li>\n<li style=\"text-align: justify\">Pastillas resistentes a ca\u00eddas.<\/li>\n<li style=\"text-align: justify\">Lavable de la mayor\u00eda de telas y superficies.<\/li>\n<li style=\"text-align: justify\">Pigmentos de excelente cobertura.<\/li>\n<li style=\"text-align: justify\">Incluye un pincel de cerdas suaves.<\/li>\n<li style=\"text-align: justify\">No toxico.<\/li>\n<\/ul>\n<p>&nbsp;<\/p>\n<p>&nbsp;<\/p>\n<p><strong>Marca:\u00a0<\/strong>Pelikan<br \/>\n<strong>Modelo:\u00a0<\/strong>Acuarela Pastel<br \/>\n<b>Presentaci\u00f3n:<\/b> Paleta con 6 colores<br \/>\n<strong>Cve:\u00a0<\/strong>7501015205419<\/p>\n","protected":false},"excerpt":{"rendered":"<p>Ideal para uso escolar<\/p>\n","protected":false},"featured_media":13466,"comment_status":"open","ping_status":"closed","template":"","meta":{"_joinchat":[]},"product_brand":[7840],"product_cat":[6852,6850,5161],"product_tag":[7539],"class_list":{"0":"post-13469","1":"product","2":"type-product","3":"status-publish","4":"has-post-thumbnail","6":"product_brand-pelikan","7":"product_cat-acuarelas","8":"product_cat-articulosescolares","9":"product_cat-papeleria","10":"product_tag-acuarela","12":"first","13":"outofstock","14":"shipping-taxable","15":"purchasable","16":"product-type-simple"},"post_mailing_queue_ids":[],"_links":{"self":[{"href":"https:\/\/laesfera.com.mx\/page\/wp-json\/wp\/v2\/product\/13469","targetHints":{"allow":["GET"]}}],"collection":[{"href":"https:\/\/laesfera.com.mx\/page\/wp-json\/wp\/v2\/product"}],"about":[{"href":"https:\/\/laesfera.com.mx\/page\/wp-json\/wp\/v2\/types\/product"}],"replies":[{"embeddable":true,"href":"https:\/\/laesfera.com.mx\/page\/wp-json\/wp\/v2\/comments?post=13469"}],"wp:featuredmedia":[{"embeddable":true,"href":"https:\/\/laesfera.com.mx\/page\/wp-json\/wp\/v2\/media\/13466"}],"wp:attachment":[{"href":"https:\/\/laesfera.com.mx\/page\/wp-json\/wp\/v2\/media?parent=13469"}],"wp:term":[{"taxonomy":"product_brand","embeddable":true,"href":"https:\/\/laesfera.com.mx\/page\/wp-json\/wp\/v2\/product_brand?post=13469"},{"taxonomy":"product_cat","embeddable":true,"href":"https:\/\/laesfera.com.mx\/page\/wp-json\/wp\/v2\/product_cat?post=13469"},{"taxonomy":"product_tag","embeddable":true,"href":"https:\/\/laesfera.com.mx\/page\/wp-json\/wp\/v2\/product_tag?post=13469"}],"curies":[{"name":"wp","href":"https:\/\/api.w.org\/{rel}","templated":true}]}}