{"id":13435,"date":"2020-09-14T12:26:36","date_gmt":"2020-09-14T18:26:36","guid":{"rendered":"https:\/\/laesfera.com.mx\/page\/?post_type=product&#038;p=13435"},"modified":"2025-10-10T21:13:45","modified_gmt":"2025-10-11T01:13:45","slug":"silla-secretarial-mod-jm-55-oslo","status":"publish","type":"product","link":"https:\/\/laesfera.com.mx\/page\/tienda\/silla-secretarial-mod-jm-55-oslo\/","title":{"rendered":"Silla secretarial mod. JM-55 Oslo"},"content":{"rendered":"<p><strong>Silla secretarial mod. JM-55 Oslo<\/strong><\/p>\n<p>&nbsp;<\/p>\n<p style=\"text-align: justify\">Complementa tu lugar de trabajo con nuestra c\u00f3moda silla secretarial de dise\u00f1o contempor\u00e1neo modelo JM-55 Oslo donde el asiento y respaldo est\u00e1n fabricados de una sola pieza de polipropileno con asiento acojinado, base tipo estrella en metal cromado con rodajas en nylon negro y pist\u00f3n neum\u00e1tico con palanca reguladora de altura.<\/p>\n<p>&nbsp;<\/p>\n<p><b>Caracter\u00edsticas<\/b><strong>:<\/strong><\/p>\n<ul>\n<li>Asiento y respaldo est\u00e1n fabricados de una sola pieza.<\/li>\n<li>Asiento acojinado con hule espuma.<\/li>\n<li>Base tipo estrella en metal cromado.<\/li>\n<li>Rodajas en nylon negro.<\/li>\n<li>Pist\u00f3n neum\u00e1tico con palanca reguladora de altura.<\/li>\n<\/ul>\n<p><strong>Materiales:<\/strong><\/p>\n<ul>\n<li>Tapa de polipropileno<\/li>\n<li>Hule espuma<\/li>\n<li>Nylon<\/li>\n<li>Pl\u00e1stico de alta densidad<\/li>\n<li>Aluminio<\/li>\n<\/ul>\n<p><strong>Medidas:<\/strong><\/p>\n<ul>\n<li><strong>Alto: <\/strong>106 cm.<\/li>\n<li><strong>Largo:\u00a0<\/strong>57 cm.<\/li>\n<li><strong>Ancho:\u00a0<\/strong>62 cm.<\/li>\n<\/ul>\n<p>&nbsp;<\/p>\n<p>&nbsp;<\/p>\n<p><strong>Marca:\u00a0<\/strong>JM<br \/>\n<strong>Modelo:\u00a0<\/strong>JM-55<br \/>\n<strong>Color:\u00a0<\/strong>Negro<br \/>\n<strong>Cve:\u00a0<\/strong>SS 822<\/p>\n","protected":false},"excerpt":{"rendered":"<p>Silla secretarial mod. JM-55 Oslo &nbsp; Complementa tu lugar de trabajo con nuestra c\u00f3moda silla secretarial de dise\u00f1o contempor\u00e1neo modelo JM-55 Oslo donde el asiento y respaldo est\u00e1n fabricados de una sola pieza de polipropileno con asiento acojinado, base tipo estrella en metal cromado con rodajas en nylon negro y pist\u00f3n neum\u00e1tico con palanca reguladora [&hellip;]<\/p>\n","protected":false},"featured_media":13436,"comment_status":"open","ping_status":"closed","template":"","meta":{"_joinchat":[]},"product_brand":[7796],"product_cat":[79,5596],"product_tag":[7900,145],"class_list":{"0":"post-13435","1":"product","2":"type-product","3":"status-publish","4":"has-post-thumbnail","6":"product_brand-jm","7":"product_cat-sillas","8":"product_cat-sillas-industriales","9":"product_tag-cotizar","10":"product_tag-silla","12":"first","13":"instock","14":"shipping-taxable","15":"product-type-simple"},"post_mailing_queue_ids":[],"_links":{"self":[{"href":"https:\/\/laesfera.com.mx\/page\/wp-json\/wp\/v2\/product\/13435","targetHints":{"allow":["GET"]}}],"collection":[{"href":"https:\/\/laesfera.com.mx\/page\/wp-json\/wp\/v2\/product"}],"about":[{"href":"https:\/\/laesfera.com.mx\/page\/wp-json\/wp\/v2\/types\/product"}],"replies":[{"embeddable":true,"href":"https:\/\/laesfera.com.mx\/page\/wp-json\/wp\/v2\/comments?post=13435"}],"wp:featuredmedia":[{"embeddable":true,"href":"https:\/\/laesfera.com.mx\/page\/wp-json\/wp\/v2\/media\/13436"}],"wp:attachment":[{"href":"https:\/\/laesfera.com.mx\/page\/wp-json\/wp\/v2\/media?parent=13435"}],"wp:term":[{"taxonomy":"product_brand","embeddable":true,"href":"https:\/\/laesfera.com.mx\/page\/wp-json\/wp\/v2\/product_brand?post=13435"},{"taxonomy":"product_cat","embeddable":true,"href":"https:\/\/laesfera.com.mx\/page\/wp-json\/wp\/v2\/product_cat?post=13435"},{"taxonomy":"product_tag","embeddable":true,"href":"https:\/\/laesfera.com.mx\/page\/wp-json\/wp\/v2\/product_tag?post=13435"}],"curies":[{"name":"wp","href":"https:\/\/api.w.org\/{rel}","templated":true}]}}