{"id":13419,"date":"2020-09-14T09:43:15","date_gmt":"2020-09-14T15:43:15","guid":{"rendered":"https:\/\/laesfera.com.mx\/page\/?post_type=product&#038;p=13419"},"modified":"2025-07-14T14:03:24","modified_gmt":"2025-07-14T18:03:24","slug":"pila-alcalina-duracell-9-volts","status":"publish","type":"product","link":"https:\/\/laesfera.com.mx\/page\/tienda\/pila-alcalina-duracell-9-volts\/","title":{"rendered":"Pila alcalina Duracell 9 volts"},"content":{"rendered":"<p><strong>Pila alcalina Duracell 9 volts<\/strong><\/p>\n<p>&nbsp;<\/p>\n<p style=\"text-align: justify\">Duracell proporciona una amplia gama de pilas concebidas para su uso en dispositivos electr\u00f3nicos que requieran una alimentaci\u00f3n el\u00e9ctrica fiable.<\/p>\n<p>&nbsp;<\/p>\n<p style=\"text-align: justify\">Perfectas para proporcionar una alimentaci\u00f3n fiable a los dispositivos de uso cotidiano que requieran un toque de potencia adicional, estas pilas alcalinas multiuso te ofrecen hasta 10 veces m\u00e1s* (*vs. pilas comunes de zinc-carb\u00f3n. Los resultados pueden variar por dispositivo) y est\u00e1n disponibles en tama\u00f1os AA, AAA, C, D y 9V.<\/p>\n<p>&nbsp;<\/p>\n<p style=\"text-align: justify\">Gracias a la tecnolog\u00eda Duracell Duralock, las pilas Duracell sin utilizar retienen su capacidad energ\u00e9tica durante un m\u00e1ximo de 5 a\u00f1os de almacenamiento en condiciones ambientales, ofreci\u00e9ndote la libertad de disfrutar del uso de tus dispositivos.<\/p>\n<p>&nbsp;<\/p>\n<p style=\"text-align: justify\">Las pilas 9v rinden su m\u00e1ximo provecho cuando busques una alimentaci\u00f3n fiable y duradera para tus dispositivos de uso cotidiano, tales como juguetes mec\u00e1nicos, consolas port\u00e1tiles de v\u00eddeo juegos, mandos a distancia y linternas, etc.<\/p>\n<p>&nbsp;<\/p>\n<p>&nbsp;<\/p>\n<p><strong>Marca:\u00a0<\/strong>Duracell<br \/>\n<strong>Modelo: <\/strong>9V<br \/>\n<strong>Cve: <\/strong>041333001043<\/p>\n","protected":false},"excerpt":{"rendered":"<p>Pila alcalinta 9 volts Duracell<\/p>\n","protected":false},"featured_media":13424,"comment_status":"open","ping_status":"closed","template":"","meta":{"_joinchat":[]},"product_brand":[7841],"product_cat":[7372,1216],"product_tag":[7542],"class_list":{"0":"post-13419","1":"product","2":"type-product","3":"status-publish","4":"has-post-thumbnail","6":"product_brand-duracell","7":"product_cat-baterias","8":"product_cat-energia","9":"product_tag-bateria","11":"first","12":"instock","13":"shipping-taxable","14":"purchasable","15":"product-type-simple"},"post_mailing_queue_ids":[],"_links":{"self":[{"href":"https:\/\/laesfera.com.mx\/page\/wp-json\/wp\/v2\/product\/13419","targetHints":{"allow":["GET"]}}],"collection":[{"href":"https:\/\/laesfera.com.mx\/page\/wp-json\/wp\/v2\/product"}],"about":[{"href":"https:\/\/laesfera.com.mx\/page\/wp-json\/wp\/v2\/types\/product"}],"replies":[{"embeddable":true,"href":"https:\/\/laesfera.com.mx\/page\/wp-json\/wp\/v2\/comments?post=13419"}],"wp:featuredmedia":[{"embeddable":true,"href":"https:\/\/laesfera.com.mx\/page\/wp-json\/wp\/v2\/media\/13424"}],"wp:attachment":[{"href":"https:\/\/laesfera.com.mx\/page\/wp-json\/wp\/v2\/media?parent=13419"}],"wp:term":[{"taxonomy":"product_brand","embeddable":true,"href":"https:\/\/laesfera.com.mx\/page\/wp-json\/wp\/v2\/product_brand?post=13419"},{"taxonomy":"product_cat","embeddable":true,"href":"https:\/\/laesfera.com.mx\/page\/wp-json\/wp\/v2\/product_cat?post=13419"},{"taxonomy":"product_tag","embeddable":true,"href":"https:\/\/laesfera.com.mx\/page\/wp-json\/wp\/v2\/product_tag?post=13419"}],"curies":[{"name":"wp","href":"https:\/\/api.w.org\/{rel}","templated":true}]}}