{"id":1340,"date":"2017-03-28T18:54:56","date_gmt":"2017-03-29T00:54:56","guid":{"rendered":"http:\/\/laesfera.com.mx\/page\/?post_type=product&#038;p=1340"},"modified":"2025-07-18T14:02:56","modified_gmt":"2025-07-18T18:02:56","slug":"silla-infantil-varios-colores","status":"publish","type":"product","link":"https:\/\/laesfera.com.mx\/page\/tienda\/silla-infantil-varios-colores\/","title":{"rendered":"Silla infantil varios colores"},"content":{"rendered":"<p><strong><span class=\"a-list-item\">Silla infantil varios colores<\/span><\/strong><\/p>\n<p>&nbsp;<\/p>\n<p style=\"text-align: justify\">La silla Capri tiene un dise\u00f1o ergon\u00f3mico para mayor comodidad de los ni\u00f1os. Fabricada en pl\u00e1stico de alta resistencia. En colores modernos que a tus peque\u00f1os encantar\u00e1, para esas fiestas con los amigos o los juegos diarios. Edad recomendada de 3 a 6 a\u00f1os.<\/p>\n<p><span class=\"a-list-item\">Dise\u00f1o ergon\u00f3mico <\/span><span class=\"a-list-item\">de pl\u00e1stico resistente.<br \/>\n<\/span><span class=\"a-list-item\">Se apila muy f\u00e1cil.<br \/>\n<\/span><span class=\"a-list-item\">Estimulaci\u00f3n temprana de tu bebe.<\/span><\/p>\n<p>&nbsp;<\/p>\n<p><strong>Medidas:<\/strong><\/p>\n<ul>\n<li><strong>Alto:<\/strong> 53.5 cm<\/li>\n<li><strong>Largo:<\/strong> 42.5 cm<\/li>\n<li><strong>Ancho:<\/strong> 38 cm<\/li>\n<\/ul>\n<p><strong>Peso:<\/strong> 0.94 kg<\/p>\n<p>&nbsp;<\/p>\n<p>&nbsp;<\/p>\n<p><span class=\"a-list-item\"><strong>Marca:<\/strong> Italhome<br \/>\n<strong>Modelo:<\/strong> 8108A<br \/>\n<strong>Color:<\/strong> Variedad de colores.<br \/>\n<strong>Cve:\u00a0<\/strong>IH 020<\/span><\/p>\n","protected":false},"excerpt":{"rendered":"<p>Ideal para preescolar.<\/p>\n","protected":false},"featured_media":19134,"comment_status":"open","ping_status":"closed","template":"","meta":{"_joinchat":[]},"product_brand":[7802],"product_cat":[251,8,79,349,5395],"product_tag":[7900,7659,1356],"class_list":{"0":"post-1340","1":"product","2":"type-product","3":"status-publish","4":"has-post-thumbnail","6":"product_brand-italhome","7":"product_cat-mobiliarioescolar","8":"product_cat-muebles","9":"product_cat-sillas","10":"product_cat-sillas-mobiliarioescolar","11":"product_cat-sillas-escolares","12":"product_tag-cotizar","13":"product_tag-mbl","14":"product_tag-silla-infantil","16":"first","17":"instock","18":"shipping-taxable","19":"product-type-simple"},"post_mailing_queue_ids":[],"_links":{"self":[{"href":"https:\/\/laesfera.com.mx\/page\/wp-json\/wp\/v2\/product\/1340","targetHints":{"allow":["GET"]}}],"collection":[{"href":"https:\/\/laesfera.com.mx\/page\/wp-json\/wp\/v2\/product"}],"about":[{"href":"https:\/\/laesfera.com.mx\/page\/wp-json\/wp\/v2\/types\/product"}],"replies":[{"embeddable":true,"href":"https:\/\/laesfera.com.mx\/page\/wp-json\/wp\/v2\/comments?post=1340"}],"wp:featuredmedia":[{"embeddable":true,"href":"https:\/\/laesfera.com.mx\/page\/wp-json\/wp\/v2\/media\/19134"}],"wp:attachment":[{"href":"https:\/\/laesfera.com.mx\/page\/wp-json\/wp\/v2\/media?parent=1340"}],"wp:term":[{"taxonomy":"product_brand","embeddable":true,"href":"https:\/\/laesfera.com.mx\/page\/wp-json\/wp\/v2\/product_brand?post=1340"},{"taxonomy":"product_cat","embeddable":true,"href":"https:\/\/laesfera.com.mx\/page\/wp-json\/wp\/v2\/product_cat?post=1340"},{"taxonomy":"product_tag","embeddable":true,"href":"https:\/\/laesfera.com.mx\/page\/wp-json\/wp\/v2\/product_tag?post=1340"}],"curies":[{"name":"wp","href":"https:\/\/api.w.org\/{rel}","templated":true}]}}