{"id":13377,"date":"2020-09-09T15:58:57","date_gmt":"2020-09-09T21:58:57","guid":{"rendered":"https:\/\/laesfera.com.mx\/page\/?post_type=product&#038;p=13377"},"modified":"2025-12-17T18:24:09","modified_gmt":"2025-12-17T22:24:09","slug":"libreta-de-transito-ideal-con-80-hojas","status":"publish","type":"product","link":"https:\/\/laesfera.com.mx\/page\/tienda\/libreta-de-transito-ideal-con-80-hojas\/","title":{"rendered":"Libreta de transito Ideal con 80 hojas"},"content":{"rendered":"<p><strong>Libreta de transito Ideal con 80 hojas<\/strong><\/p>\n<p>&nbsp;<\/p>\n<ul>\n<li style=\"text-align: justify\">Libreta de pasta dura<\/li>\n<li style=\"text-align: justify\">Libreta cosida y pegada para mayor duracion<\/li>\n<li style=\"text-align: justify\">Terminado a mano<\/li>\n<li style=\"text-align: justify\">Contiene 80 hojas de papel bond de 75 gms<\/li>\n<li style=\"font-weight: 400;text-align: justify\">Las paginas de la derecha est\u00e1n divididas en peque\u00f1os rect\u00e1ngulos con una l\u00ednea roja de arriba y abajo que pasa por el centro<\/li>\n<li style=\"font-weight: 400;text-align: justify\">Las de la izquierda se hallan divididas en varias columnas . El rayado horizontal es el mismo .<\/li>\n<li style=\"font-weight: 400;text-align: justify\">Los datos num\u00e9ricos se anotan en la izquierda y las notas aclaratorias y croquis en la derecha\u00a0.<\/li>\n<li style=\"text-align: justify\">Ideal para topograf\u00eda<\/li>\n<\/ul>\n<p>&nbsp;<\/p>\n<p>&nbsp;<\/p>\n<p><strong>Marca:\u00a0<\/strong>Ideal<br \/>\n<strong>Modelo:\u00a0<\/strong>Transito<br \/>\n<strong>Color:\u00a0<\/strong>Negro<br \/>\n<strong>Cve:\u00a0<\/strong>7501082180023<\/p>\n","protected":false},"excerpt":{"rendered":"<p>Libreta ideal para topograf\u00eda<\/p>\n","protected":false},"featured_media":13379,"comment_status":"open","ping_status":"closed","template":"","meta":{"_joinchat":[]},"product_brand":[7742],"product_cat":[3768,6318],"product_tag":[6357],"class_list":{"0":"post-13377","1":"product","2":"type-product","3":"status-publish","4":"has-post-thumbnail","6":"product_brand-ideal","7":"product_cat-cuadernos-y-blocks","8":"product_cat-libretas-oficina","9":"product_tag-libreta","11":"first","12":"instock","13":"shipping-taxable","14":"purchasable","15":"product-type-simple"},"post_mailing_queue_ids":[],"_links":{"self":[{"href":"https:\/\/laesfera.com.mx\/page\/wp-json\/wp\/v2\/product\/13377","targetHints":{"allow":["GET"]}}],"collection":[{"href":"https:\/\/laesfera.com.mx\/page\/wp-json\/wp\/v2\/product"}],"about":[{"href":"https:\/\/laesfera.com.mx\/page\/wp-json\/wp\/v2\/types\/product"}],"replies":[{"embeddable":true,"href":"https:\/\/laesfera.com.mx\/page\/wp-json\/wp\/v2\/comments?post=13377"}],"wp:featuredmedia":[{"embeddable":true,"href":"https:\/\/laesfera.com.mx\/page\/wp-json\/wp\/v2\/media\/13379"}],"wp:attachment":[{"href":"https:\/\/laesfera.com.mx\/page\/wp-json\/wp\/v2\/media?parent=13377"}],"wp:term":[{"taxonomy":"product_brand","embeddable":true,"href":"https:\/\/laesfera.com.mx\/page\/wp-json\/wp\/v2\/product_brand?post=13377"},{"taxonomy":"product_cat","embeddable":true,"href":"https:\/\/laesfera.com.mx\/page\/wp-json\/wp\/v2\/product_cat?post=13377"},{"taxonomy":"product_tag","embeddable":true,"href":"https:\/\/laesfera.com.mx\/page\/wp-json\/wp\/v2\/product_tag?post=13377"}],"curies":[{"name":"wp","href":"https:\/\/api.w.org\/{rel}","templated":true}]}}