{"id":13089,"date":"2020-08-21T11:55:25","date_gmt":"2020-08-21T17:55:25","guid":{"rendered":"https:\/\/laesfera.com.mx\/page\/?post_type=product&#038;p=13089"},"modified":"2025-07-15T12:50:44","modified_gmt":"2025-07-15T16:50:44","slug":"calculadora-electronica-8-digitos-escrimex-mod-elecal008b","status":"publish","type":"product","link":"https:\/\/laesfera.com.mx\/page\/tienda\/calculadora-electronica-8-digitos-escrimex-mod-elecal008b\/","title":{"rendered":"Calculadora electr\u00f3nica 8 d\u00edgitos Escrimex  mod. ELECAL008B"},"content":{"rendered":"<p><strong>Calculadora electr\u00f3nica 8 d\u00edgitos Escrimex mod. ELECAL008B<\/strong><\/p>\n<p>&nbsp;<\/p>\n<p><b>Caracter\u00edsticas<\/b><strong>:<\/strong><\/p>\n<ul>\n<li>Pantalla de 8 d\u00edgitos<\/li>\n<li>Calculadora electr\u00f3nica dual<\/li>\n<li>Funciona con bater\u00eda<\/li>\n<li>Funciona con energ\u00eda solar<\/li>\n<li>Apagado autom\u00e1tico sin uso<\/li>\n<li>Corriente de: 1.5 Vcc<\/li>\n<li>Funciona con una bater\u00eda doble A.<\/li>\n<\/ul>\n<p>&nbsp;<\/p>\n<p><strong>Funciones:<\/strong><\/p>\n<ul>\n<li>Operaciones aritm\u00e9ticas b\u00e1sicas<\/li>\n<li>Extracci\u00f3n de ra\u00edz cuadrada<\/li>\n<li>Operaci\u00f3n de porcentajes<\/li>\n<li>Operaci\u00f3n con memoria flotante<\/li>\n<li>Operaci\u00f3n en cadena<\/li>\n<li>Operaciones a una potencia<\/li>\n<\/ul>\n<p>&nbsp;<\/p>\n<p>&nbsp;<\/p>\n<p><strong>Marca:\u00a0<\/strong>Escrimex<br \/>\n<strong>Modelo:\u00a0<\/strong>ELECAL008<br \/>\n<strong>Color:\u00a0<\/strong>Negro<br \/>\n<strong>Cve:\u00a0<\/strong>7501711402037<\/p>\n","protected":false},"excerpt":{"rendered":"<p>Calculadora para uso escolar o personal<\/p>\n","protected":false},"featured_media":16747,"comment_status":"open","ping_status":"closed","template":"","meta":{"_joinchat":[]},"product_brand":[7783],"product_cat":[5515,1550,4510],"product_tag":[1551],"class_list":{"0":"post-13089","1":"product","2":"type-product","3":"status-publish","4":"has-post-thumbnail","6":"product_brand-escrimex","7":"product_cat-bolsillo","8":"product_cat-calculadora","9":"product_cat-calculadoras","10":"product_tag-calculadora","12":"first","13":"instock","14":"shipping-taxable","15":"purchasable","16":"product-type-simple"},"post_mailing_queue_ids":[],"_links":{"self":[{"href":"https:\/\/laesfera.com.mx\/page\/wp-json\/wp\/v2\/product\/13089","targetHints":{"allow":["GET"]}}],"collection":[{"href":"https:\/\/laesfera.com.mx\/page\/wp-json\/wp\/v2\/product"}],"about":[{"href":"https:\/\/laesfera.com.mx\/page\/wp-json\/wp\/v2\/types\/product"}],"replies":[{"embeddable":true,"href":"https:\/\/laesfera.com.mx\/page\/wp-json\/wp\/v2\/comments?post=13089"}],"wp:featuredmedia":[{"embeddable":true,"href":"https:\/\/laesfera.com.mx\/page\/wp-json\/wp\/v2\/media\/16747"}],"wp:attachment":[{"href":"https:\/\/laesfera.com.mx\/page\/wp-json\/wp\/v2\/media?parent=13089"}],"wp:term":[{"taxonomy":"product_brand","embeddable":true,"href":"https:\/\/laesfera.com.mx\/page\/wp-json\/wp\/v2\/product_brand?post=13089"},{"taxonomy":"product_cat","embeddable":true,"href":"https:\/\/laesfera.com.mx\/page\/wp-json\/wp\/v2\/product_cat?post=13089"},{"taxonomy":"product_tag","embeddable":true,"href":"https:\/\/laesfera.com.mx\/page\/wp-json\/wp\/v2\/product_tag?post=13089"}],"curies":[{"name":"wp","href":"https:\/\/api.w.org\/{rel}","templated":true}]}}