{"id":12695,"date":"2020-07-08T12:42:32","date_gmt":"2020-07-08T18:42:32","guid":{"rendered":"https:\/\/laesfera.com.mx\/page\/?post_type=product&#038;p=12695"},"modified":"2025-11-06T14:28:25","modified_gmt":"2025-11-06T18:28:25","slug":"archivero-metalico-hirsh-2-gavetas","status":"publish","type":"product","link":"https:\/\/laesfera.com.mx\/page\/tienda\/archivero-metalico-hirsh-2-gavetas\/","title":{"rendered":"Archivero met\u00e1lico Hirsh 2 gavetas con ruedas negro 16251"},"content":{"rendered":"<p><span style=\"color: #000000;\">Archivero met\u00e1lico Hirsh 2 gavetas con ruedas negro.<\/span><\/p>\n<p>&nbsp;<\/p>\n<p><span style=\"color: #000000;\">El Archivero Met\u00e1lico 16251 es la opci\u00f3n profesional para oficinas que requieren m\u00e1xima capacidad de almacenamiento.<\/span><\/p>\n<p>&nbsp;<\/p>\n<p><span style=\"color: #000000;\">Ideal para mantener documentos tama\u00f1o carta perfectamente organizados, cada caj\u00f3n cuenta con rieles telesc\u00f3picos que permiten un acceso fluido y eficiente.<\/span><\/p>\n<p>&nbsp;<\/p>\n<p><span style=\"color: #000000;\">Su estructura robusta de acero y sistema de cerradura garantizan seguridad y durabilidad en entornos corporativos exigentes.<\/span><\/p>\n<p>&nbsp;<\/p>\n<p><span style=\"color: #000000;\"><strong>Caracter\u00edsticas:<\/strong><\/span><\/p>\n<p>&nbsp;<\/p>\n<ul>\n<li><span style=\"color: #000000;\">Fabricado en metal.<\/span><\/li>\n<li><span style=\"color: #000000;\">Con 2 gavetas.<\/span><\/li>\n<li><span style=\"color: #000000;\">Bloqueo de cajones con llave.<\/span><\/li>\n<li><span style=\"color: #000000;\">Con rodajas en nylon negro<\/span><\/li>\n<\/ul>\n<p>&nbsp;<\/p>\n<p><strong><span style=\"color: #000000;\">Dimensiones:<\/span><\/strong><\/p>\n<p>&nbsp;<\/p>\n<p><span style=\"color: #000000;\"><strong>Largo: <\/strong>36 cm.<\/span><br \/>\n<span style=\"color: #000000;\"><strong>Ancho:<\/strong> 46 cm.<\/span><br \/>\n<span style=\"color: #000000;\"><strong>Alto:<\/strong> 68 cm.<\/span><\/p>\n<p>&nbsp;<\/p>\n<p><span style=\"color: #000000;\"><strong>Marca:<\/strong>Hirsh<\/span><br \/>\n<span style=\"color: #000000;\"><strong>Modelo:<\/strong> 16251<\/span><br \/>\n<span style=\"color: #000000;\"><strong>Color: <\/strong>Negro<\/span><br \/>\n<span style=\"color: #000000;\"><strong>Cve:\u00a0<\/strong>OF 073<\/span><\/p>\n","protected":false},"excerpt":{"rendered":"<p>Ideal para documentos.<\/p>\n","protected":false},"featured_media":15011,"comment_status":"open","ping_status":"closed","template":"","meta":{"_joinchat":[]},"product_brand":[7883,7796],"product_cat":[74,8],"product_tag":[7552,7900],"class_list":{"0":"post-12695","1":"product","2":"type-product","3":"status-publish","4":"has-post-thumbnail","6":"product_brand-hirsh","7":"product_brand-jm","8":"product_cat-archiveros","9":"product_cat-muebles","10":"product_tag-archivero","11":"product_tag-cotizar","13":"first","14":"instock","15":"shipping-taxable","16":"product-type-simple"},"post_mailing_queue_ids":[],"_links":{"self":[{"href":"https:\/\/laesfera.com.mx\/page\/wp-json\/wp\/v2\/product\/12695","targetHints":{"allow":["GET"]}}],"collection":[{"href":"https:\/\/laesfera.com.mx\/page\/wp-json\/wp\/v2\/product"}],"about":[{"href":"https:\/\/laesfera.com.mx\/page\/wp-json\/wp\/v2\/types\/product"}],"replies":[{"embeddable":true,"href":"https:\/\/laesfera.com.mx\/page\/wp-json\/wp\/v2\/comments?post=12695"}],"wp:featuredmedia":[{"embeddable":true,"href":"https:\/\/laesfera.com.mx\/page\/wp-json\/wp\/v2\/media\/15011"}],"wp:attachment":[{"href":"https:\/\/laesfera.com.mx\/page\/wp-json\/wp\/v2\/media?parent=12695"}],"wp:term":[{"taxonomy":"product_brand","embeddable":true,"href":"https:\/\/laesfera.com.mx\/page\/wp-json\/wp\/v2\/product_brand?post=12695"},{"taxonomy":"product_cat","embeddable":true,"href":"https:\/\/laesfera.com.mx\/page\/wp-json\/wp\/v2\/product_cat?post=12695"},{"taxonomy":"product_tag","embeddable":true,"href":"https:\/\/laesfera.com.mx\/page\/wp-json\/wp\/v2\/product_tag?post=12695"}],"curies":[{"name":"wp","href":"https:\/\/api.w.org\/{rel}","templated":true}]}}