{"id":1229,"date":"2017-03-27T16:19:02","date_gmt":"2017-03-27T22:19:02","guid":{"rendered":"http:\/\/laesfera.com.mx\/page\/?post_type=product&#038;p=1229"},"modified":"2025-10-28T15:08:09","modified_gmt":"2025-10-28T19:08:09","slug":"silla-de-visita-ohv-86","status":"publish","type":"product","link":"https:\/\/laesfera.com.mx\/page\/tienda\/silla-de-visita-ohv-86\/","title":{"rendered":"Silla de visita revolution OHV-86"},"content":{"rendered":"<p><span style=\"color: #000000;\"><strong>Silla de visita revolution OHV-86<\/strong><\/span><\/p>\n<p>&nbsp;<\/p>\n<p>&nbsp;<\/p>\n<ul>\n<li style=\"text-align: justify;\"><span style=\"color: #000000;\"><strong>Estructura:<\/strong> de acero tubular de 1&#8243; de di\u00e1metro, calibre 16, con acabado en pintura ep\u00f3xica (electrost\u00e1tica) color negro mate o gris.<\/span><\/li>\n<li style=\"text-align: justify;\"><span style=\"color: #000000;\"><strong>Respaldo y asiento:<\/strong>\u00a0en dos piezas en polipropileno de alta resistencia y duraci\u00f3n.<\/span><\/li>\n<li style=\"text-align: justify;\"><span style=\"color: #000000;\"><strong>Color:<\/strong>\u00a0negro, azul marino, verde, naranja, arena, blanco, rojo o gris.<\/span><\/li>\n<li style=\"text-align: justify;\"><span style=\"color: #000000;\"><strong>Peso m\u00e1ximo de resistencia:<\/strong>\u00a0120 kgs.<\/span><\/li>\n<\/ul>\n<p>&nbsp;<\/p>\n<p><span style=\"color: #000000;\"><strong>Marca:<\/strong> OFFIHO<\/span><br \/>\n<span style=\"color: #000000;\"><strong>Modelo:<\/strong> OHV-86<\/span><br \/>\n<span style=\"color: #000000;\"><strong>Color: <\/strong>Negro<\/span><br \/>\n<span style=\"color: #000000;\"><strong>Cve: <\/strong>SS 502<\/span><\/p>\n","protected":false},"excerpt":{"rendered":"<p>Ideal para sala de espera.<\/p>\n","protected":false},"featured_media":20097,"comment_status":"open","ping_status":"closed","template":"","meta":{"_joinchat":[]},"product_brand":[7797],"product_cat":[8,79,5392],"product_tag":[7900,7659,146],"class_list":{"0":"post-1229","1":"product","2":"type-product","3":"status-publish","4":"has-post-thumbnail","6":"product_brand-offiho","7":"product_cat-muebles","8":"product_cat-sillas","9":"product_cat-sillas-de-visita","10":"product_tag-cotizar","11":"product_tag-mbl","12":"product_tag-silla-de-visita","14":"first","15":"instock","16":"shipping-taxable","17":"product-type-simple"},"post_mailing_queue_ids":[],"_links":{"self":[{"href":"https:\/\/laesfera.com.mx\/page\/wp-json\/wp\/v2\/product\/1229","targetHints":{"allow":["GET"]}}],"collection":[{"href":"https:\/\/laesfera.com.mx\/page\/wp-json\/wp\/v2\/product"}],"about":[{"href":"https:\/\/laesfera.com.mx\/page\/wp-json\/wp\/v2\/types\/product"}],"replies":[{"embeddable":true,"href":"https:\/\/laesfera.com.mx\/page\/wp-json\/wp\/v2\/comments?post=1229"}],"wp:featuredmedia":[{"embeddable":true,"href":"https:\/\/laesfera.com.mx\/page\/wp-json\/wp\/v2\/media\/20097"}],"wp:attachment":[{"href":"https:\/\/laesfera.com.mx\/page\/wp-json\/wp\/v2\/media?parent=1229"}],"wp:term":[{"taxonomy":"product_brand","embeddable":true,"href":"https:\/\/laesfera.com.mx\/page\/wp-json\/wp\/v2\/product_brand?post=1229"},{"taxonomy":"product_cat","embeddable":true,"href":"https:\/\/laesfera.com.mx\/page\/wp-json\/wp\/v2\/product_cat?post=1229"},{"taxonomy":"product_tag","embeddable":true,"href":"https:\/\/laesfera.com.mx\/page\/wp-json\/wp\/v2\/product_tag?post=1229"}],"curies":[{"name":"wp","href":"https:\/\/api.w.org\/{rel}","templated":true}]}}