{"id":12202,"date":"2020-06-27T10:59:04","date_gmt":"2020-06-27T16:59:04","guid":{"rendered":"https:\/\/laesfera.com.mx\/page\/?post_type=product&#038;p=12202"},"modified":"2025-07-15T12:51:51","modified_gmt":"2025-07-15T16:51:51","slug":"pegamento-resistol-5000-tubo-con-21-ml-1129814","status":"publish","type":"product","link":"https:\/\/laesfera.com.mx\/page\/tienda\/pegamento-resistol-5000-tubo-con-21-ml-1129814\/","title":{"rendered":"Pegamento Resistol 5000 tubo con 21 ml 1129814"},"content":{"rendered":"<div class=\"textimage parbase section\">\n<div class=\"textimage-text noImage\">\n<p><strong>Pegamento Resistol 5000 tubo con 21 ml 1129814.<\/strong><\/p>\n<p>&nbsp;<\/p>\n<p style=\"text-align: justify\">Resistol 5000\u00ae es el pegamento de contacto cl\u00e1sico por su gran resistencia a la humedad y temperatura, as\u00ed como su excelente rendimiento. Gran durabilidad y fuerza de pegado lo han convertido en el pegamento de contacto favorito en la elaboraci\u00f3n de una gran cantidad de proyectos de armado, lamido y ensamble desde hace m\u00e1s de 50 a\u00f1os.<\/p>\n<\/div>\n<\/div>\n<div class=\"textimage parbase section\">\n<div class=\"textimage-text noImage\">\n<p style=\"text-align: justify\"><strong>\u00c1reas de aplicaci\u00f3n<\/strong><\/p>\n<p style=\"text-align: justify\">Resistol 5000\u00ae est\u00e1 indicado para enchapados y laminados de madera, instalar paneles ac\u00fasticos y pisos de lin\u00f3leum, pegar elementos varios como fieltro, lona, alfombra, zoclos.\u00a0 Ideal para madera, cuero, pl\u00e1stico, metal, entre otros materiales.<\/p>\n<p style=\"text-align: justify\"><strong>Principales beneficios<\/strong><\/p>\n<p style=\"text-align: justify\">Con Resistol 5000\u00ae tendr\u00e1s un pegamento de gran fuerza de pegado en diversos materiales, resistente a la humedad y a temperaturas extremas de -20c a 90c, y con su nueva f\u00f3rmula sin tolueno, contribuye a disminuir los da\u00f1os a la capa de ozono y con un uso adecuado ayuda a evitar adicciones.<\/p>\n<\/div>\n<\/div>\n<p>&nbsp;<\/p>\n<p>&nbsp;<\/p>\n<p><strong>Marca: <\/strong>Resistol<br \/>\n<strong>Modelo: <\/strong>1129814<br \/>\n<strong>Color:\u00a0<\/strong>Transparente<br \/>\n<strong>Cve:\u00a0<\/strong>7501028832060<\/p>\n<div class=\"textimage parbase section\">\n<div class=\"textimage-text noImage\">\n<p style=\"text-align: justify\">\n<\/div>\n<\/div>\n","protected":false},"excerpt":{"rendered":"<p>Pega sobre cualquier material.<\/p>\n","protected":false},"featured_media":12203,"comment_status":"open","ping_status":"closed","template":"","meta":{"_joinchat":[]},"product_brand":[7881],"product_cat":[5979,6850,5976],"product_tag":[6060,7404],"class_list":{"0":"post-12202","1":"product","2":"type-product","3":"status-publish","4":"has-post-thumbnail","6":"product_brand-henkel","7":"product_cat-adhesivos","8":"product_cat-articulosescolares","9":"product_cat-cintaspvcyadhesivos","10":"product_tag-pegamento","11":"product_tag-resistol","13":"first","14":"instock","15":"shipping-taxable","16":"purchasable","17":"product-type-simple"},"post_mailing_queue_ids":[],"_links":{"self":[{"href":"https:\/\/laesfera.com.mx\/page\/wp-json\/wp\/v2\/product\/12202","targetHints":{"allow":["GET"]}}],"collection":[{"href":"https:\/\/laesfera.com.mx\/page\/wp-json\/wp\/v2\/product"}],"about":[{"href":"https:\/\/laesfera.com.mx\/page\/wp-json\/wp\/v2\/types\/product"}],"replies":[{"embeddable":true,"href":"https:\/\/laesfera.com.mx\/page\/wp-json\/wp\/v2\/comments?post=12202"}],"wp:featuredmedia":[{"embeddable":true,"href":"https:\/\/laesfera.com.mx\/page\/wp-json\/wp\/v2\/media\/12203"}],"wp:attachment":[{"href":"https:\/\/laesfera.com.mx\/page\/wp-json\/wp\/v2\/media?parent=12202"}],"wp:term":[{"taxonomy":"product_brand","embeddable":true,"href":"https:\/\/laesfera.com.mx\/page\/wp-json\/wp\/v2\/product_brand?post=12202"},{"taxonomy":"product_cat","embeddable":true,"href":"https:\/\/laesfera.com.mx\/page\/wp-json\/wp\/v2\/product_cat?post=12202"},{"taxonomy":"product_tag","embeddable":true,"href":"https:\/\/laesfera.com.mx\/page\/wp-json\/wp\/v2\/product_tag?post=12202"}],"curies":[{"name":"wp","href":"https:\/\/api.w.org\/{rel}","templated":true}]}}