{"id":12188,"date":"2020-06-26T16:58:13","date_gmt":"2020-06-26T22:58:13","guid":{"rendered":"https:\/\/laesfera.com.mx\/page\/?post_type=product&#038;p=12188"},"modified":"2025-07-19T15:20:42","modified_gmt":"2025-07-19T19:20:42","slug":"toner-generico-bop-compatible-con-hp-12a","status":"publish","type":"product","link":"https:\/\/laesfera.com.mx\/page\/tienda\/toner-generico-bop-compatible-con-hp-12a\/","title":{"rendered":"T\u00f3ner gen\u00e9rico Q2612 Bop."},"content":{"rendered":"<p><strong>T\u00f3ner gen\u00e9rico Q2612 Bop.<\/strong><\/p>\n<p>&nbsp;<\/p>\n<p>T\u00f3ner compatible con los modelos: Q2612a\/1010\/1018<\/p>\n<p><strong>Rendimiento:<\/strong><\/p>\n<p>Rinde 2,000 impresiones al 5% de cobertura<\/p>\n<p><strong>Compatible con impresoras:<\/strong><\/p>\n<p>1010\/ 1012\/ 1015\/ 1020\/ 1022\/ 3015\/ 3020\/ 3030\/ M1005MFP\/ M1319MFP<\/p>\n<p>&nbsp;<\/p>\n<p>&nbsp;<\/p>\n<p><strong>Marca:\u00a0<\/strong>Bop<br \/>\n<strong>Modelo: <\/strong>Q2612A<br \/>\n<strong>Color:\u00a0<\/strong>Negro<br \/>\n<strong>Cve:\u00a0<\/strong>EQ 004<\/p>\n<p>&nbsp;<\/p>\n","protected":false},"excerpt":{"rendered":"<p>Compatible con varias impresoras<\/p>\n","protected":false},"featured_media":12193,"comment_status":"open","ping_status":"closed","template":"","meta":{"_joinchat":[]},"product_brand":[7846],"product_cat":[11,5420],"product_tag":[6467],"class_list":{"0":"post-12188","1":"product","2":"type-product","3":"status-publish","4":"has-post-thumbnail","6":"product_brand-bop","7":"product_cat-consumibles","8":"product_cat-toners","9":"product_tag-toner-generico","11":"first","12":"outofstock","13":"shipping-taxable","14":"purchasable","15":"product-type-simple"},"post_mailing_queue_ids":[],"_links":{"self":[{"href":"https:\/\/laesfera.com.mx\/page\/wp-json\/wp\/v2\/product\/12188","targetHints":{"allow":["GET"]}}],"collection":[{"href":"https:\/\/laesfera.com.mx\/page\/wp-json\/wp\/v2\/product"}],"about":[{"href":"https:\/\/laesfera.com.mx\/page\/wp-json\/wp\/v2\/types\/product"}],"replies":[{"embeddable":true,"href":"https:\/\/laesfera.com.mx\/page\/wp-json\/wp\/v2\/comments?post=12188"}],"wp:featuredmedia":[{"embeddable":true,"href":"https:\/\/laesfera.com.mx\/page\/wp-json\/wp\/v2\/media\/12193"}],"wp:attachment":[{"href":"https:\/\/laesfera.com.mx\/page\/wp-json\/wp\/v2\/media?parent=12188"}],"wp:term":[{"taxonomy":"product_brand","embeddable":true,"href":"https:\/\/laesfera.com.mx\/page\/wp-json\/wp\/v2\/product_brand?post=12188"},{"taxonomy":"product_cat","embeddable":true,"href":"https:\/\/laesfera.com.mx\/page\/wp-json\/wp\/v2\/product_cat?post=12188"},{"taxonomy":"product_tag","embeddable":true,"href":"https:\/\/laesfera.com.mx\/page\/wp-json\/wp\/v2\/product_tag?post=12188"}],"curies":[{"name":"wp","href":"https:\/\/api.w.org\/{rel}","templated":true}]}}