{"id":12051,"date":"2020-06-25T11:36:51","date_gmt":"2020-06-25T17:36:51","guid":{"rendered":"https:\/\/laesfera.com.mx\/page\/?post_type=product&#038;p=12051"},"modified":"2025-05-20T13:47:05","modified_gmt":"2025-05-20T17:47:05","slug":"bolsa-con-8-boligrafos-pinpoint-fino-y-espirografo-6808","status":"publish","type":"product","link":"https:\/\/laesfera.com.mx\/page\/tienda\/bolsa-con-8-boligrafos-pinpoint-fino-y-espirografo-6808\/","title":{"rendered":"Bolsa con 8 bol\u00edgrafos PinPoint fino y espir\u00f3grafo 6808"},"content":{"rendered":"<p><strong>Bolsa con 8 bol\u00edgrafos PinPoint fino y espir\u00f3grafo 6808.<\/strong><\/p>\n<p>&nbsp;<\/p>\n<p><b>Descripci\u00f3n<\/b><strong>:<\/strong><\/p>\n<ul>\n<li>\n<p class=\"p1\">Tinta de baja viscosidad que brinda un flujo instant\u00e1neo.<\/p>\n<\/li>\n<li>\n<p class=\"p1\">Punto de aguja.<\/p>\n<\/li>\n<li>\n<p class=\"p1\">Barril de pl\u00e1stico de colores trasl\u00facidos con<span class=\"Apple-converted-space\">\u00a0<\/span>sistema anti-rodamiento.<\/p>\n<\/li>\n<li>\n<p class=\"p1\">Tap\u00f3n para cord\u00f3n que facilita su uso en<span class=\"Apple-converted-space\">\u00a0<\/span>mostradores, cajas, ventanillas, uso personal,<span class=\"Apple-converted-space\">\u00a0<\/span>etc.<\/p>\n<\/li>\n<li>\n<p class=\"p1\">Se recomienda no agitar el producto.<\/p>\n<\/li>\n<li>Incluye un espir\u00f3grafo.<\/li>\n<\/ul>\n<p>&nbsp;<\/p>\n<p><b>Caracter\u00edsticas:<\/b><\/p>\n<ul>\n<li>Punta de 0.7 mm.<\/li>\n<li>Tap\u00f3n para cord\u00f3n.<\/li>\n<li>Escritura suave y continua.<\/li>\n<li>Trazo fino.<\/li>\n<li>Rendimiento 1200 metros.<\/li>\n<\/ul>\n<p>&nbsp;<\/p>\n<p>&nbsp;<\/p>\n<p><strong>Marca:\u00a0<\/strong>Azor<br \/>\n<strong>Modelo:\u00a0<\/strong>6808<br \/>\n<strong>Cve:\u00a0<\/strong>7501428729083<\/p>\n","protected":false},"excerpt":{"rendered":"<p>Bol\u00edgrafo cuerpo traslucido<\/p>\n","protected":false},"featured_media":12045,"comment_status":"open","ping_status":"closed","template":"","meta":{"_joinchat":[]},"product_brand":[7848],"product_cat":[5530,5531],"product_tag":[7555],"class_list":{"0":"post-12051","1":"product","2":"type-product","3":"status-publish","4":"has-post-thumbnail","6":"product_brand-azor","7":"product_cat-escritura","8":"product_cat-plumas-y-boligrafos","9":"product_tag-boligrafo","11":"first","12":"instock","13":"shipping-taxable","14":"purchasable","15":"product-type-simple"},"post_mailing_queue_ids":[],"_links":{"self":[{"href":"https:\/\/laesfera.com.mx\/page\/wp-json\/wp\/v2\/product\/12051","targetHints":{"allow":["GET"]}}],"collection":[{"href":"https:\/\/laesfera.com.mx\/page\/wp-json\/wp\/v2\/product"}],"about":[{"href":"https:\/\/laesfera.com.mx\/page\/wp-json\/wp\/v2\/types\/product"}],"replies":[{"embeddable":true,"href":"https:\/\/laesfera.com.mx\/page\/wp-json\/wp\/v2\/comments?post=12051"}],"wp:featuredmedia":[{"embeddable":true,"href":"https:\/\/laesfera.com.mx\/page\/wp-json\/wp\/v2\/media\/12045"}],"wp:attachment":[{"href":"https:\/\/laesfera.com.mx\/page\/wp-json\/wp\/v2\/media?parent=12051"}],"wp:term":[{"taxonomy":"product_brand","embeddable":true,"href":"https:\/\/laesfera.com.mx\/page\/wp-json\/wp\/v2\/product_brand?post=12051"},{"taxonomy":"product_cat","embeddable":true,"href":"https:\/\/laesfera.com.mx\/page\/wp-json\/wp\/v2\/product_cat?post=12051"},{"taxonomy":"product_tag","embeddable":true,"href":"https:\/\/laesfera.com.mx\/page\/wp-json\/wp\/v2\/product_tag?post=12051"}],"curies":[{"name":"wp","href":"https:\/\/api.w.org\/{rel}","templated":true}]}}