{"id":12026,"date":"2020-06-25T09:06:40","date_gmt":"2020-06-25T15:06:40","guid":{"rendered":"https:\/\/laesfera.com.mx\/page\/?post_type=product&#038;p=12026"},"modified":"2025-05-20T13:48:50","modified_gmt":"2025-05-20T17:48:50","slug":"guia-de-letras-maped-technic-5-mm","status":"publish","type":"product","link":"https:\/\/laesfera.com.mx\/page\/tienda\/guia-de-letras-maped-technic-5-mm\/","title":{"rendered":"Gu\u00eda de letras Maped technic 5 mm"},"content":{"rendered":"<p><strong>Gu\u00eda de letras Maped technic 5 mm.<\/strong><\/p>\n<p>&nbsp;<\/p>\n<p style=\"text-align: justify\">El instrumento aliado para tus trazos. Plantilla t\u00e9cnica Maped fabricada en pl\u00e1stico de alta resistencia, \u00fatil como gu\u00eda de letras de 5 mm.<\/p>\n<p>&nbsp;<\/p>\n<p>&nbsp;<\/p>\n<p><strong>Marca: <\/strong>Maped<br \/>\n<strong>Modelo: <\/strong>5 mm<br \/>\n<strong>Material:\u00a0<\/strong>Plastico<br \/>\n<strong>Cve: <\/strong>734365380056<\/p>\n","protected":false},"excerpt":{"rendered":"<p>Ideal para acotaciones.<\/p>\n","protected":false},"featured_media":12032,"comment_status":"open","ping_status":"closed","template":"","meta":{"_joinchat":[]},"product_brand":[7780],"product_cat":[6098,5947],"product_tag":[7425],"class_list":{"0":"post-12026","1":"product","2":"type-product","3":"status-publish","4":"has-post-thumbnail","6":"product_brand-maped","7":"product_cat-reglas","8":"product_cat-trazado","9":"product_tag-guia-de-letras","11":"first","12":"outofstock","13":"shipping-taxable","14":"purchasable","15":"product-type-simple"},"post_mailing_queue_ids":[],"_links":{"self":[{"href":"https:\/\/laesfera.com.mx\/page\/wp-json\/wp\/v2\/product\/12026","targetHints":{"allow":["GET"]}}],"collection":[{"href":"https:\/\/laesfera.com.mx\/page\/wp-json\/wp\/v2\/product"}],"about":[{"href":"https:\/\/laesfera.com.mx\/page\/wp-json\/wp\/v2\/types\/product"}],"replies":[{"embeddable":true,"href":"https:\/\/laesfera.com.mx\/page\/wp-json\/wp\/v2\/comments?post=12026"}],"wp:featuredmedia":[{"embeddable":true,"href":"https:\/\/laesfera.com.mx\/page\/wp-json\/wp\/v2\/media\/12032"}],"wp:attachment":[{"href":"https:\/\/laesfera.com.mx\/page\/wp-json\/wp\/v2\/media?parent=12026"}],"wp:term":[{"taxonomy":"product_brand","embeddable":true,"href":"https:\/\/laesfera.com.mx\/page\/wp-json\/wp\/v2\/product_brand?post=12026"},{"taxonomy":"product_cat","embeddable":true,"href":"https:\/\/laesfera.com.mx\/page\/wp-json\/wp\/v2\/product_cat?post=12026"},{"taxonomy":"product_tag","embeddable":true,"href":"https:\/\/laesfera.com.mx\/page\/wp-json\/wp\/v2\/product_tag?post=12026"}],"curies":[{"name":"wp","href":"https:\/\/api.w.org\/{rel}","templated":true}]}}