{"id":12019,"date":"2020-06-24T16:34:47","date_gmt":"2020-06-24T22:34:47","guid":{"rendered":"https:\/\/laesfera.com.mx\/page\/?post_type=product&#038;p=12019"},"modified":"2025-05-20T13:49:54","modified_gmt":"2025-05-20T17:49:54","slug":"lapiz-grafito-para-dibujo-turquoise-prismacolor","status":"publish","type":"product","link":"https:\/\/laesfera.com.mx\/page\/tienda\/lapiz-grafito-para-dibujo-turquoise-prismacolor\/","title":{"rendered":"L\u00e1piz grafito para dibujo Turquoise Prismacolor"},"content":{"rendered":"<p><b>L\u00e1piz grafito para dibujo Turquoise Prismacolor<\/b><\/p>\n<p>&nbsp;<\/p>\n<p style=\"text-align: justify\">Los l\u00e1pices de grafito Prismacolor Premier Turquoise\u00ae son ideales para el dibujo t\u00e9cnico y art\u00edstico. Estos l\u00e1pices de alta calidad est\u00e1n disponibles en una gama de valores que permite la variaci\u00f3n de la t\u00e9cnica, desde los m\u00e1s destacados hasta los medios tonos y las sombras. Estos l\u00e1pices son ideales para trabajo de l\u00ednea detallado, sombreado y cobertura de \u00e1rea amplia, y son perfectos para artistas principiantes y experimentados. Maderas importadas de bosques controlados, no t\u00f3xico.<\/p>\n<p>&nbsp;<\/p>\n<p>&nbsp;<\/p>\n<p><strong>Marca:\u00a0<\/strong>Prismacolor<br \/>\n<strong>Modelo:\u00a0<\/strong>Turquoise<br \/>\n<strong>Color:\u00a0<\/strong>Turqueza<br \/>\n<strong>Cve:<br \/>\n6B:<\/strong> 7501030600787<br \/>\n<strong>5B:<\/strong> 7501030600794<br \/>\n<strong>4B:<\/strong> 7501030600800<br \/>\n<strong>3B:<\/strong> 7501030600817<br \/>\n<strong>2B:<\/strong> 7501030600824<br \/>\n<strong>B:\u00a0 \u00a0<\/strong>7501030600831<br \/>\n<strong>HB:<\/strong> 7501030600848<br \/>\n<strong>H:\u00a0 \u00a0<\/strong>7501030600862<br \/>\n<strong>2H:<\/strong> 7501030600879<br \/>\n<strong>3H:<\/strong> 7501030600886<br \/>\n<strong>4H:<\/strong> 7501030600893<br \/>\n<strong>5H:<\/strong> 7501030600909<br \/>\n<strong>6H:<\/strong> 7501030600916<\/p>\n","protected":false},"excerpt":{"rendered":"<p>L\u00e1piz especial para dibujo art\u00edstico.<\/p>\n","protected":false},"featured_media":12025,"comment_status":"open","ping_status":"closed","template":"","meta":{"_joinchat":[]},"product_brand":[7849],"product_cat":[5530,5532],"product_tag":[6178],"class_list":{"0":"post-12019","1":"product","2":"type-product","3":"status-publish","4":"has-post-thumbnail","6":"product_brand-prismacolor","7":"product_cat-escritura","8":"product_cat-lapices-y-portaminas","9":"product_tag-lapiz","11":"first","12":"outofstock","13":"shipping-taxable","14":"purchasable","15":"product-type-simple"},"post_mailing_queue_ids":[],"_links":{"self":[{"href":"https:\/\/laesfera.com.mx\/page\/wp-json\/wp\/v2\/product\/12019","targetHints":{"allow":["GET"]}}],"collection":[{"href":"https:\/\/laesfera.com.mx\/page\/wp-json\/wp\/v2\/product"}],"about":[{"href":"https:\/\/laesfera.com.mx\/page\/wp-json\/wp\/v2\/types\/product"}],"replies":[{"embeddable":true,"href":"https:\/\/laesfera.com.mx\/page\/wp-json\/wp\/v2\/comments?post=12019"}],"wp:featuredmedia":[{"embeddable":true,"href":"https:\/\/laesfera.com.mx\/page\/wp-json\/wp\/v2\/media\/12025"}],"wp:attachment":[{"href":"https:\/\/laesfera.com.mx\/page\/wp-json\/wp\/v2\/media?parent=12019"}],"wp:term":[{"taxonomy":"product_brand","embeddable":true,"href":"https:\/\/laesfera.com.mx\/page\/wp-json\/wp\/v2\/product_brand?post=12019"},{"taxonomy":"product_cat","embeddable":true,"href":"https:\/\/laesfera.com.mx\/page\/wp-json\/wp\/v2\/product_cat?post=12019"},{"taxonomy":"product_tag","embeddable":true,"href":"https:\/\/laesfera.com.mx\/page\/wp-json\/wp\/v2\/product_tag?post=12019"}],"curies":[{"name":"wp","href":"https:\/\/api.w.org\/{rel}","templated":true}]}}