{"id":11996,"date":"2020-06-24T12:10:52","date_gmt":"2020-06-24T18:10:52","guid":{"rendered":"https:\/\/laesfera.com.mx\/page\/?post_type=product&#038;p=11996"},"modified":"2025-05-20T13:53:45","modified_gmt":"2025-05-20T17:53:45","slug":"pegamento-kola-loka-krazy-tradicional-k-1","status":"publish","type":"product","link":"https:\/\/laesfera.com.mx\/page\/tienda\/pegamento-kola-loka-krazy-tradicional-k-1\/","title":{"rendered":"Pegamento Kola Loka Krazy tradicional K-1"},"content":{"rendered":"<p><strong>Pegamento Kola Loka Krazy tradicional K-1.<\/strong><\/p>\n<p>&nbsp;<\/p>\n<p style=\"text-align: justify\">Si necesitas pegar pl\u00e1sticos, metales, cer\u00e1mica u otros materiales, KOLA LOKA pone a tu disposici\u00f3n este PEGAMENTO INSTANT\u00c1NEO , el cual te brindara la ayuda al pegar en segundos, sin dejar manchas; es f\u00e1cil de usar por que no se necesita mezclar nada solo destapa el producto, el cual esta listo para usarse en el momento que desees.<\/p>\n<ul>\n<li>Pega en segundos.<\/li>\n<li>Instant\u00e1neo.<\/li>\n<li>Listo para usarse.<\/li>\n<li>Sin mezclas.<\/li>\n<li>Sin manchas.<\/li>\n<li>F\u00e1cil de usar.<\/li>\n<li>Pega Pl\u00e1sticos, Metales, Cer\u00e1mica y mucho m\u00e1s.<\/li>\n<\/ul>\n<p>&nbsp;<\/p>\n<p>&nbsp;<\/p>\n<p><strong>Marca:\u00a0<\/strong>Kola Loka<br \/>\n<strong>Modelo:\u00a0<\/strong>K-1<br \/>\n<strong>Color:\u00a0<\/strong>Blanco y Verde<br \/>\n<strong>Cve:\u00a0<\/strong>7501102610003<\/p>\n","protected":false},"excerpt":{"rendered":"<p>Pega todo tipo de materiales<\/p>\n","protected":false},"featured_media":11999,"comment_status":"open","ping_status":"closed","template":"","meta":{"_joinchat":[]},"product_brand":[7850],"product_cat":[5979,5976],"product_tag":[6060],"class_list":{"0":"post-11996","1":"product","2":"type-product","3":"status-publish","4":"has-post-thumbnail","6":"product_brand-kola-loca","7":"product_cat-adhesivos","8":"product_cat-cintaspvcyadhesivos","9":"product_tag-pegamento","11":"first","12":"instock","13":"shipping-taxable","14":"purchasable","15":"product-type-simple"},"post_mailing_queue_ids":[],"_links":{"self":[{"href":"https:\/\/laesfera.com.mx\/page\/wp-json\/wp\/v2\/product\/11996","targetHints":{"allow":["GET"]}}],"collection":[{"href":"https:\/\/laesfera.com.mx\/page\/wp-json\/wp\/v2\/product"}],"about":[{"href":"https:\/\/laesfera.com.mx\/page\/wp-json\/wp\/v2\/types\/product"}],"replies":[{"embeddable":true,"href":"https:\/\/laesfera.com.mx\/page\/wp-json\/wp\/v2\/comments?post=11996"}],"wp:featuredmedia":[{"embeddable":true,"href":"https:\/\/laesfera.com.mx\/page\/wp-json\/wp\/v2\/media\/11999"}],"wp:attachment":[{"href":"https:\/\/laesfera.com.mx\/page\/wp-json\/wp\/v2\/media?parent=11996"}],"wp:term":[{"taxonomy":"product_brand","embeddable":true,"href":"https:\/\/laesfera.com.mx\/page\/wp-json\/wp\/v2\/product_brand?post=11996"},{"taxonomy":"product_cat","embeddable":true,"href":"https:\/\/laesfera.com.mx\/page\/wp-json\/wp\/v2\/product_cat?post=11996"},{"taxonomy":"product_tag","embeddable":true,"href":"https:\/\/laesfera.com.mx\/page\/wp-json\/wp\/v2\/product_tag?post=11996"}],"curies":[{"name":"wp","href":"https:\/\/api.w.org\/{rel}","templated":true}]}}