{"id":11952,"date":"2020-06-23T16:49:35","date_gmt":"2020-06-23T22:49:35","guid":{"rendered":"https:\/\/laesfera.com.mx\/page\/?post_type=product&#038;p=11952"},"modified":"2025-07-15T12:54:17","modified_gmt":"2025-07-15T16:54:17","slug":"pila-alcalina-individual-duracell-aa","status":"publish","type":"product","link":"https:\/\/laesfera.com.mx\/page\/tienda\/pila-alcalina-individual-duracell-aa\/","title":{"rendered":"Pila alcalina individual Duracell AA"},"content":{"rendered":"<p><strong>Pila Alcalina individual Duracell AA<\/strong><\/p>\n<p>&nbsp;<\/p>\n<p style=\"text-align: justify\">Duracell proporciona una amplia gama de pilas concebidas para su uso en dispositivos electr\u00f3nicos que requieran una alimentaci\u00f3n el\u00e9ctrica fiable.<\/p>\n<p>&nbsp;<\/p>\n<p style=\"text-align: justify\">Perfectas para proporcionar una alimentaci\u00f3n fiable a los dispositivos de uso cotidiano que requieran un toque de potencia adicional, estas pilas alcalinas multiuso te ofrecen hasta 10 veces m\u00e1s* (*vs. pilas comunes de zinc-carb\u00f3n. Los resultados pueden variar por dispositivo) y est\u00e1n disponibles en tama\u00f1os AA, AAA, C, D y 9V.<\/p>\n<p>&nbsp;<\/p>\n<p style=\"text-align: justify\">Gracias a la tecnolog\u00eda Duracell Duralock, las pilas Duracell sin utilizar retienen su capacidad energ\u00e9tica durante un m\u00e1ximo de 10 a\u00f1os de almacenamiento en condiciones ambientales, ofreci\u00e9ndote la libertad de disfrutar del uso de tus dispositivos.<\/p>\n<p>&nbsp;<\/p>\n<p style=\"text-align: justify\">Las pilas AA rinden su m\u00e1ximo provecho cuando busques una alimentaci\u00f3n fiable y duradera para tus dispositivos de uso cotidiano, tales como juguetes mec\u00e1nicos, consolas port\u00e1tiles de video juegos, mandos a distancia y linternas, etc.<\/p>\n<p>&nbsp;<\/p>\n<p>&nbsp;<\/p>\n<p><strong>Marca:\u00a0<\/strong>Duracell<br \/>\n<strong>Modelo:\u00a0<\/strong>AA<br \/>\n<strong>Cve: <\/strong>041333666426<\/p>\n","protected":false},"excerpt":{"rendered":"<p>Pila individual AA Duracell<\/p>\n","protected":false},"featured_media":11958,"comment_status":"open","ping_status":"closed","template":"","meta":{"_joinchat":[]},"product_brand":[7841],"product_cat":[7372,1216],"product_tag":[7542],"class_list":{"0":"post-11952","1":"product","2":"type-product","3":"status-publish","4":"has-post-thumbnail","6":"product_brand-duracell","7":"product_cat-baterias","8":"product_cat-energia","9":"product_tag-bateria","11":"first","12":"instock","13":"shipping-taxable","14":"purchasable","15":"product-type-simple"},"post_mailing_queue_ids":[],"_links":{"self":[{"href":"https:\/\/laesfera.com.mx\/page\/wp-json\/wp\/v2\/product\/11952","targetHints":{"allow":["GET"]}}],"collection":[{"href":"https:\/\/laesfera.com.mx\/page\/wp-json\/wp\/v2\/product"}],"about":[{"href":"https:\/\/laesfera.com.mx\/page\/wp-json\/wp\/v2\/types\/product"}],"replies":[{"embeddable":true,"href":"https:\/\/laesfera.com.mx\/page\/wp-json\/wp\/v2\/comments?post=11952"}],"wp:featuredmedia":[{"embeddable":true,"href":"https:\/\/laesfera.com.mx\/page\/wp-json\/wp\/v2\/media\/11958"}],"wp:attachment":[{"href":"https:\/\/laesfera.com.mx\/page\/wp-json\/wp\/v2\/media?parent=11952"}],"wp:term":[{"taxonomy":"product_brand","embeddable":true,"href":"https:\/\/laesfera.com.mx\/page\/wp-json\/wp\/v2\/product_brand?post=11952"},{"taxonomy":"product_cat","embeddable":true,"href":"https:\/\/laesfera.com.mx\/page\/wp-json\/wp\/v2\/product_cat?post=11952"},{"taxonomy":"product_tag","embeddable":true,"href":"https:\/\/laesfera.com.mx\/page\/wp-json\/wp\/v2\/product_tag?post=11952"}],"curies":[{"name":"wp","href":"https:\/\/api.w.org\/{rel}","templated":true}]}}