{"id":11946,"date":"2020-06-23T16:06:56","date_gmt":"2020-06-23T22:06:56","guid":{"rendered":"https:\/\/laesfera.com.mx\/page\/?post_type=product&#038;p=11946"},"modified":"2025-07-19T15:26:07","modified_gmt":"2025-07-19T19:26:07","slug":"maniqui-masculino-para-dibujo-rodin-20-3-cm-flexible","status":"publish","type":"product","link":"https:\/\/laesfera.com.mx\/page\/tienda\/maniqui-masculino-para-dibujo-rodin-20-3-cm-flexible\/","title":{"rendered":"Maniqu\u00ed Masculino Para Dibujo Rodin 20.3 cm Flexible"},"content":{"rendered":"<p><strong>Maniqu\u00ed masculino para dibujo Rodin 20.3 cm flexible<\/strong><\/p>\n<p>&nbsp;<\/p>\n<p style=\"text-align: justify\">Un maniqu\u00ed es un modelo articulado del cuerpo humano usado por los artistas y dise\u00f1adores para asegurarse de que las figuras anat\u00f3micas que dibujan son correctas. A pesar de que este mu\u00f1eco carece de rostro, s\u00ed posee las proporciones adecuadas y puede utilizarse como gu\u00eda de dibujo sin necesidad de basarse en un modelo real para pintar o dibujar.<\/p>\n<p>El principal uso del maniqu\u00ed articulado es hacerle adoptar las posturas que queremos plasmar en una obra de arte, y as\u00ed ir comprendiendo poco a poco c\u00f3mo funcionan las articulaciones del cuerpo humano, las posiciones que el cuerpo puede adoptar, \u00a1y tambi\u00e9n las que no!<\/p>\n<p style=\"text-align: justify\">Para usarse como modelos en dibujo.<\/p>\n<p style=\"text-align: justify\">Movimiento articulado, lo que permite colocarlos en la posici\u00f3n deseada, ideal para<br \/>\npintores, escultores, dise\u00f1adores y artistas.<\/p>\n<p>&nbsp;<\/p>\n<p><strong>Marca:<\/strong> Rodin<br \/>\n<strong>Material:<\/strong> Madera<br \/>\n<strong>Medida: <\/strong>20.3 cm<br \/>\n<strong>Cve: <\/strong>7501139124894<\/p>\n","protected":false},"excerpt":{"rendered":"<p>Maniqu\u00ed de 20.3 cm<\/p>\n","protected":false},"featured_media":11949,"comment_status":"open","ping_status":"closed","template":"","meta":{"_joinchat":[]},"product_brand":[7834],"product_cat":[5333],"product_tag":[7418],"class_list":{"0":"post-11946","1":"product","2":"type-product","3":"status-publish","4":"has-post-thumbnail","6":"product_brand-rodin","7":"product_cat-arte-y-manualidades","8":"product_tag-maniqui","10":"first","11":"outofstock","12":"shipping-taxable","13":"purchasable","14":"product-type-simple"},"post_mailing_queue_ids":[],"_links":{"self":[{"href":"https:\/\/laesfera.com.mx\/page\/wp-json\/wp\/v2\/product\/11946","targetHints":{"allow":["GET"]}}],"collection":[{"href":"https:\/\/laesfera.com.mx\/page\/wp-json\/wp\/v2\/product"}],"about":[{"href":"https:\/\/laesfera.com.mx\/page\/wp-json\/wp\/v2\/types\/product"}],"replies":[{"embeddable":true,"href":"https:\/\/laesfera.com.mx\/page\/wp-json\/wp\/v2\/comments?post=11946"}],"wp:featuredmedia":[{"embeddable":true,"href":"https:\/\/laesfera.com.mx\/page\/wp-json\/wp\/v2\/media\/11949"}],"wp:attachment":[{"href":"https:\/\/laesfera.com.mx\/page\/wp-json\/wp\/v2\/media?parent=11946"}],"wp:term":[{"taxonomy":"product_brand","embeddable":true,"href":"https:\/\/laesfera.com.mx\/page\/wp-json\/wp\/v2\/product_brand?post=11946"},{"taxonomy":"product_cat","embeddable":true,"href":"https:\/\/laesfera.com.mx\/page\/wp-json\/wp\/v2\/product_cat?post=11946"},{"taxonomy":"product_tag","embeddable":true,"href":"https:\/\/laesfera.com.mx\/page\/wp-json\/wp\/v2\/product_tag?post=11946"}],"curies":[{"name":"wp","href":"https:\/\/api.w.org\/{rel}","templated":true}]}}