{"id":1192,"date":"2017-03-25T18:55:38","date_gmt":"2017-03-26T00:55:38","guid":{"rendered":"http:\/\/laesfera.com.mx\/page\/?post_type=product&#038;p=1192"},"modified":"2025-05-22T13:26:53","modified_gmt":"2025-05-22T17:26:53","slug":"regulador-con-supresor-de-picos-koblenz-rs-1400","status":"publish","type":"product","link":"https:\/\/laesfera.com.mx\/page\/tienda\/regulador-con-supresor-de-picos-koblenz-rs-1400\/","title":{"rendered":"Regulador y supresor de picos Protektor RS-1410 Koblenz"},"content":{"rendered":"<p>Regulador y supresor de picos Protektor RS-1410 Koblenz<\/p>\n<p>&nbsp;<\/p>\n<p style=\"text-align: justify\">El regulador RS-1410 de Koblenz con 8 contactos regulados ofrece rango m\u00e1ximo de regulaci\u00f3n para proteger equipos electr\u00f3nicos contra altos y bajos voltajes.<\/p>\n<ul>\n<li style=\"text-align: justify\">Capacidad 1410 VA \/ 700 W<\/li>\n<li style=\"text-align: justify\">Entrada: 100 &#8211; 145 V~<\/li>\n<li>Salida: 120 V~<\/li>\n<li>Frecuencia60 Hz<\/li>\n<li style=\"text-align: justify\">Corriente M\u00e1xima (Disyuntor T\u00e9rmico)5 A<\/li>\n<\/ul>\n<p>&nbsp;<\/p>\n<p style=\"text-align: justify\"><strong>Marca: <\/strong>Koblenz<br \/>\n<strong>Modelo: <\/strong>RS-1410<br \/>\n<strong>Color:\u00a0<\/strong>Negro<br \/>\n<strong>Cve:\u00a0<\/strong>099053015826<\/p>\n","protected":false},"excerpt":{"rendered":"<p>8 contactos<\/p>\n","protected":false},"featured_media":16322,"comment_status":"open","ping_status":"closed","template":"","meta":{"_joinchat":[]},"product_brand":[7779],"product_cat":[7,1216,5452],"product_tag":[1219,7731],"class_list":{"0":"post-1192","1":"product","2":"type-product","3":"status-publish","4":"has-post-thumbnail","6":"product_brand-koblenz","7":"product_cat-computo","8":"product_cat-energia","9":"product_cat-reguladores","10":"product_tag-regulador","11":"product_tag-supresor-de-picos","13":"first","14":"instock","15":"featured","16":"shipping-taxable","17":"purchasable","18":"product-type-simple"},"post_mailing_queue_ids":[],"_links":{"self":[{"href":"https:\/\/laesfera.com.mx\/page\/wp-json\/wp\/v2\/product\/1192","targetHints":{"allow":["GET"]}}],"collection":[{"href":"https:\/\/laesfera.com.mx\/page\/wp-json\/wp\/v2\/product"}],"about":[{"href":"https:\/\/laesfera.com.mx\/page\/wp-json\/wp\/v2\/types\/product"}],"replies":[{"embeddable":true,"href":"https:\/\/laesfera.com.mx\/page\/wp-json\/wp\/v2\/comments?post=1192"}],"wp:featuredmedia":[{"embeddable":true,"href":"https:\/\/laesfera.com.mx\/page\/wp-json\/wp\/v2\/media\/16322"}],"wp:attachment":[{"href":"https:\/\/laesfera.com.mx\/page\/wp-json\/wp\/v2\/media?parent=1192"}],"wp:term":[{"taxonomy":"product_brand","embeddable":true,"href":"https:\/\/laesfera.com.mx\/page\/wp-json\/wp\/v2\/product_brand?post=1192"},{"taxonomy":"product_cat","embeddable":true,"href":"https:\/\/laesfera.com.mx\/page\/wp-json\/wp\/v2\/product_cat?post=1192"},{"taxonomy":"product_tag","embeddable":true,"href":"https:\/\/laesfera.com.mx\/page\/wp-json\/wp\/v2\/product_tag?post=1192"}],"curies":[{"name":"wp","href":"https:\/\/api.w.org\/{rel}","templated":true}]}}